{"id":23714,"date":"2025-11-14T14:43:57","date_gmt":"2025-11-14T06:43:57","guid":{"rendered":"https:\/\/yebodaglass.com\/?post_type=product&#038;p=23714"},"modified":"2025-11-14T15:28:06","modified_gmt":"2025-11-14T07:28:06","slug":"wholesale-32-oz-flip-top-bottles-with-tapered-shape","status":"publish","type":"product","link":"https:\/\/yebodaglass.com\/es\/wholesale-32-oz-flip-top-bottles-with-tapered-shape\/","title":{"rendered":"Botellas al por mayor de 16 oz y 32 oz con tapa abatible y forma c\u00f3nica"},"content":{"rendered":"<p data-start=\"66\" data-end=\"288\">Estas botellas de 946 ml (32 oz) con tapa abatible est\u00e1n hechas de vidrio transparente y tienen dos elegantes dise\u00f1os c\u00f3nicos. Gracias a sus clips met\u00e1licos negros o verde claro, conservan la frescura de tus l\u00edquidos y los mantienen seguros.<\/p>\n<h2>Caracter\u00edsticas del producto<\/h2>\n<ul>\n<li><strong>Junta a presi\u00f3n:<\/strong> Las botellas cuentan con tapones a presi\u00f3n que se sujetan con clips met\u00e1licos. Esto garantiza un cierre herm\u00e9tico, manteniendo as\u00ed la frescura del contenido y facilitando su apertura y cierre.<\/li>\n<li><strong>M\u00faltiples formas c\u00f3nicas:<\/strong> El dise\u00f1o \u00fanico y moderno de las botellas las hace m\u00e1s reconocibles para los consumidores y, adem\u00e1s, proporciona un agarre m\u00e1s c\u00f3modo. Asimismo, est\u00e1n disponibles tanto en forma c\u00f3nica como alargada.<\/li>\n<li><strong>Dos tama\u00f1os, dos estilos:<\/strong> Existen dos tipos de productos, cada uno con dos tama\u00f1os diferentes y una tapa negra o verde claro para satisfacer distintas preferencias est\u00e9ticas y escenarios de uso.<\/li>\n<\/ul>\n<h2 style=\"text-align: left;\">Especificaciones clave<\/h2>\n<table class=\"aligncenter\" width=\"741\">\n<tbody>\n<tr>\n<td width=\"159\">Caracter\u00edstica<\/td>\n<td width=\"582\">Detalles<\/td>\n<\/tr>\n<tr>\n<td>Material<\/td>\n<td>Vidrio transparente de alta claridad<\/td>\n<\/tr>\n<tr>\n<td>Dimensiones<\/td>\n<td>16 oz (500 ml): 8 cm \u00d7 23 cm \/ 32 oz (1000 ml): 10 cm \u00d7 29 cm<\/td>\n<\/tr>\n<tr>\n<td>Tipo de cierre<\/td>\n<td>Tapa abatible con asa de acero inoxidable + tap\u00f3n de color (Personalizable)<\/td>\n<\/tr>\n<tr>\n<td>Opciones de juntas<\/td>\n<td>Caucho o silicona aptos para uso alimentario<\/td>\n<\/tr>\n<tr>\n<td>Rendimiento del sello<\/td>\n<td>Herm\u00e9tico, a prueba de fugas, soporta carbonataci\u00f3n y contenidos \u00e1cidos<\/td>\n<\/tr>\n<tr>\n<td>Ideal para<\/td>\n<td>Kombucha, refrescos, vinagre, elaboraci\u00f3n de cerveza artesanal<\/td>\n<\/tr>\n<\/tbody>\n<\/table>\n<h2>Caso de \u00e9xito: Mejorar la imagen de marca de la cerveza artesanal<\/h2>\n<p>El empaque de una startup que produce caf\u00e9 fr\u00edo artesanal y kombucha era el aspecto clave que la empresa deb\u00eda considerar para reflejar un concepto de marca moderno. Decidieron cambiar las botellas tradicionales por nuestras botellas de vidrio de 473 ml (16 oz). Su innovador dise\u00f1o permite que sus productos destaquen en estantes saturados, y los minoristas han experimentado un aumento del 20 % en clientes nuevos. La tasa de recompra ha aumentado un 39 %, ya que a los clientes les gusta el dise\u00f1o reutilizable y la est\u00e9tica de las botellas. Actualmente, sus pedidos de botellas ascienden a 150\u00a0000 por trimestre.<\/p>\n<h2>Sugerencias de personalizaci\u00f3n para botellas de 32 oz con tapa abatible<\/h2>\n<ul>\n<li><strong>Color \u00fanico de la gorra:<\/strong> Crea una apariencia \u00fanica seleccionando el color de tu tap\u00f3n cer\u00e1mico entre una amplia gama de opciones como negro o verde claro que se muestran en la foto.<\/li>\n<li><strong>Superficie de vidrio esmerilado:<\/strong> El acabado totalmente esmerilado supone un gran cambio para la botella de vidrio transparente, ya que no solo le confiere un tacto mate suave y sofisticado, sino que tambi\u00e9n sirve como superficie resistente a las huellas dactilares.<\/li>\n<li><strong>Impresi\u00f3n serigr\u00e1fica brillante:<\/strong> Imprime logotipos y gr\u00e1ficos de marca n\u00edtidos y vivos en el contorno de la botella para lograr una imagen de marca duradera y llamativa.<\/li>\n<li><strong>Marcado de capacidad grabado al \u00e1cido:<\/strong> Realce el atractivo de su botella con elegantes marcas de capacidad en relieve o grabadas al \u00e1cido. Por ejemplo, las graduaciones de 16 oz y 32 oz no solo facilitan la identificaci\u00f3n de la capacidad, sino que tambi\u00e9n aportan un toque de elegancia al dise\u00f1o de la botella.<\/li>\n<\/ul>","protected":false},"excerpt":{"rendered":"<p>Elija botellas de vidrio premium de 16 oz y botellas resistentes de 32 oz con tapa abatible para mayor versatilidad y una excelente conservaci\u00f3n. Venta directa de f\u00e1brica, muestras gratuitas disponibles.<\/p>","protected":false},"featured_media":23725,"template":"","meta":[],"product_brand":[],"product_cat":[122,123,132],"product_tag":[],"class_list":{"0":"post-23714","1":"product","2":"type-product","3":"status-publish","4":"has-post-thumbnail","6":"product_cat-custom-glass-packaging","7":"product_cat-custom-glass-bottles","8":"product_cat-glass-flip-top-bottles","10":"first","11":"instock","12":"shipping-taxable","13":"product-type-simple"},"jetpack_sharing_enabled":true,"_links":{"self":[{"href":"https:\/\/yebodaglass.com\/es\/wp-json\/wp\/v2\/product\/23714","targetHints":{"allow":["GET"]}}],"collection":[{"href":"https:\/\/yebodaglass.com\/es\/wp-json\/wp\/v2\/product"}],"about":[{"href":"https:\/\/yebodaglass.com\/es\/wp-json\/wp\/v2\/types\/product"}],"version-history":[{"count":2,"href":"https:\/\/yebodaglass.com\/es\/wp-json\/wp\/v2\/product\/23714\/revisions"}],"predecessor-version":[{"id":23729,"href":"https:\/\/yebodaglass.com\/es\/wp-json\/wp\/v2\/product\/23714\/revisions\/23729"}],"wp:featuredmedia":[{"embeddable":true,"href":"https:\/\/yebodaglass.com\/es\/wp-json\/wp\/v2\/media\/23725"}],"wp:attachment":[{"href":"https:\/\/yebodaglass.com\/es\/wp-json\/wp\/v2\/media?parent=23714"}],"wp:term":[{"taxonomy":"product_brand","embeddable":true,"href":"https:\/\/yebodaglass.com\/es\/wp-json\/wp\/v2\/product_brand?post=23714"},{"taxonomy":"product_cat","embeddable":true,"href":"https:\/\/yebodaglass.com\/es\/wp-json\/wp\/v2\/product_cat?post=23714"},{"taxonomy":"product_tag","embeddable":true,"href":"https:\/\/yebodaglass.com\/es\/wp-json\/wp\/v2\/product_tag?post=23714"}],"curies":[{"name":"wp","href":"https:\/\/api.w.org\/{rel}","templated":true}]}}