{"id":23709,"date":"2025-11-14T15:58:45","date_gmt":"2025-11-14T07:58:45","guid":{"rendered":"https:\/\/yebodaglass.com\/?post_type=product&#038;p=23709"},"modified":"2026-03-11T15:12:59","modified_gmt":"2026-03-11T07:12:59","slug":"clear-glass-large-pickle-jars-with-metal-lids-bulk","status":"publish","type":"product","link":"https:\/\/yebodaglass.com\/es\/clear-glass-large-pickle-jars-with-metal-lids-bulk\/","title":{"rendered":"Frascos grandes de vidrio transparente para encurtidos con tapas de metal a granel"},"content":{"rendered":"<p>Este es un frasco de pepinillos grande con forma cil\u00edndrica de boca ancha, hecho de vidrio transparente que es duradero y tambi\u00e9n tiene una tapa de rosca de metal plateado herm\u00e9tica y segura para darle un ajuste herm\u00e9tico y seguro, lo que lo convierte en el mejor para fermentar y conservar pepinillos, adobos as\u00ed como las conservas.<\/p>\n<h2>Caracter\u00edsticas del producto<\/h2>\n<ul>\n<li><strong>Dise\u00f1o cl\u00e1sico de boca ancha:<\/strong> La boca ancha hace que sea f\u00e1cil de llenar, envasar y limpiar, lo cual es esencial en el proceso de envasado y fermentaci\u00f3n.<\/li>\n<li><strong>Precinto met\u00e1lico seguro:<\/strong> La tapa roscada de metal plateado sirve para mantener los alimentos herm\u00e9ticos y fermentados y tambi\u00e9n ayuda a mantener los alimentos frescos.<\/li>\n<li><strong>Transparente:<\/strong> Es f\u00e1cil observar la comida en el frasco, la cantidad de salmuera y el proceso de fermentaci\u00f3n gracias al frasco de vidrio transparente.<\/li>\n<\/ul>\n<h2>Especificaciones clave<\/h2>\n<table style=\"border-collapse: collapse; width: 80%; margin-left: auto; margin-right: auto;\" border=\"0\" width=\"288\" cellspacing=\"0\" cellpadding=\"0\">\n<tbody>\n<tr style=\"height: 13.50pt;\">\n<td style=\"height: 13.5pt; width: 54pt; text-align: center;\" width=\"72\" height=\"18\">Capacidad (ml)<\/td>\n<td style=\"width: 54pt; text-align: center;\" width=\"72\">Tama\u00f1o (cm)<\/td>\n<td style=\"width: 54pt; text-align: center;\" width=\"72\">Tratamiento de superficie<\/td>\n<td style=\"width: 54pt; text-align: center;\" width=\"72\">Forma<\/td>\n<\/tr>\n<tr style=\"height: 13.50pt;\">\n<td style=\"height: 13.5pt; text-align: center;\" height=\"18\">750<\/td>\n<td style=\"text-align: center;\">9,3 x 15,1<\/td>\n<td class=\"et2\" style=\"text-align: center;\" rowspan=\"3\">Pintura en aerosol, tallado, relieve, etc.<\/td>\n<td class=\"et2\" style=\"text-align: center;\" rowspan=\"3\">Redondo<\/td>\n<\/tr>\n<tr style=\"height: 13.50pt;\">\n<td style=\"height: 13.5pt; text-align: center;\" height=\"18\">950<\/td>\n<td style=\"text-align: center;\">9,1 x 18,8<\/td>\n<\/tr>\n<tr style=\"height: 13.50pt;\">\n<td style=\"height: 13.5pt; text-align: center;\" height=\"18\">1500<\/td>\n<td style=\"text-align: center;\">10,5 x 20,4<\/td>\n<\/tr>\n<\/tbody>\n<\/table>\n<h2>Caso de \u00e9xito: Pedido personalizado de la marca Fermentation en el noroeste del Pac\u00edfico<\/h2>\n<p>Nuestro frasco para encurtidos fue elegido por una empresa profesional de fermentaci\u00f3n en Am\u00e9rica, que lo personaliz\u00f3 con vidrio \u00e1mbar y una tapa met\u00e1lica negra mate con un anillo de sellado de goma incorporado. Este dise\u00f1o personalizado abord\u00f3 un reto importante: el vidrio \u00e1mbar reduce la penetraci\u00f3n de la luz, lo que previene el crecimiento de algas y, por lo tanto, reduce la tasa de deterioro en un 18 %. El sellado de alta calidad de la tapa aument\u00f3 a\u00fan m\u00e1s la vida \u00fatil de los encurtidos en un 25 %. Los resultados fueron muy buenos y realizaron un nuevo pedido de 80\u00a0000 frascos para facilitar su expansi\u00f3n en tiendas minoristas de todo el pa\u00eds.<\/p>\n<h2>Recomendaciones de personalizaci\u00f3n de frascos grandes para encurtidos<\/h2>\n<ul>\n<li>Vidrio protector de luz: viene en frascos de vidrio de color \u00e1mbar o verde para conservar alimentos fermentados y encurtidos sensibles a la luz.<\/li>\n<li>Sistemas de tapas especiales: las tapas est\u00e1n disponibles con juntas de goma incorporadas, v\u00e1lvulas de fermentaci\u00f3n o paredes interiores revestidas de pl\u00e1stico para evitar la corrosi\u00f3n de \u00e1cidos y sales.<\/li>\n<li>Formas de frascos personalizadas: Reacondicionamiento de frascos cil\u00edndricos tradicionales en frascos cuadrados o rectangulares, que ser\u00e1n m\u00e1s eficientes para exhibir en estantes y para empaquetar.<\/li>\n<\/ul>","protected":false},"excerpt":{"rendered":"<p>El frasco para encurtidos con dise\u00f1o de boca ancha facilita el llenado y la limpieza. Frasco grande y confiable, ideal para encurtidos en casa y almacenamiento en la cocina. Env\u00edo r\u00e1pido.<\/p>","protected":false},"featured_media":23740,"template":"","meta":[],"product_brand":[],"product_cat":[122,124,133],"product_tag":[],"class_list":{"0":"post-23709","1":"product","2":"type-product","3":"status-publish","4":"has-post-thumbnail","6":"product_cat-custom-glass-packaging","7":"product_cat-custom-glass-jars","8":"product_cat-pickle-jars","10":"first","11":"instock","12":"shipping-taxable","13":"product-type-simple"},"jetpack_sharing_enabled":true,"_links":{"self":[{"href":"https:\/\/yebodaglass.com\/es\/wp-json\/wp\/v2\/product\/23709","targetHints":{"allow":["GET"]}}],"collection":[{"href":"https:\/\/yebodaglass.com\/es\/wp-json\/wp\/v2\/product"}],"about":[{"href":"https:\/\/yebodaglass.com\/es\/wp-json\/wp\/v2\/types\/product"}],"version-history":[{"count":5,"href":"https:\/\/yebodaglass.com\/es\/wp-json\/wp\/v2\/product\/23709\/revisions"}],"predecessor-version":[{"id":25378,"href":"https:\/\/yebodaglass.com\/es\/wp-json\/wp\/v2\/product\/23709\/revisions\/25378"}],"wp:featuredmedia":[{"embeddable":true,"href":"https:\/\/yebodaglass.com\/es\/wp-json\/wp\/v2\/media\/23740"}],"wp:attachment":[{"href":"https:\/\/yebodaglass.com\/es\/wp-json\/wp\/v2\/media?parent=23709"}],"wp:term":[{"taxonomy":"product_brand","embeddable":true,"href":"https:\/\/yebodaglass.com\/es\/wp-json\/wp\/v2\/product_brand?post=23709"},{"taxonomy":"product_cat","embeddable":true,"href":"https:\/\/yebodaglass.com\/es\/wp-json\/wp\/v2\/product_cat?post=23709"},{"taxonomy":"product_tag","embeddable":true,"href":"https:\/\/yebodaglass.com\/es\/wp-json\/wp\/v2\/product_tag?post=23709"}],"curies":[{"name":"wp","href":"https:\/\/api.w.org\/{rel}","templated":true}]}}