{"id":23693,"date":"2025-11-14T13:16:17","date_gmt":"2025-11-14T05:16:17","guid":{"rendered":"https:\/\/yebodaglass.com\/?post_type=product&#038;p=23693"},"modified":"2026-03-26T13:59:14","modified_gmt":"2026-03-26T05:59:14","slug":"wholesale-clear-flip-top-glass-bottles-1-liter","status":"publish","type":"product","link":"https:\/\/yebodaglass.com\/es\/wholesale-clear-flip-top-glass-bottles-1-liter\/","title":{"rendered":"Botellas de vidrio transparente con tapa abatible de 1 litro al por mayor"},"content":{"rendered":"<p data-start=\"66\" data-end=\"288\">Las botellas de vidrio con tapa abatible de 1 litro tienen forma cil\u00edndrica alta y recta, y est\u00e1n hechas de vidrio cristalino con tapa abatible. La hebilla tradicional de alambre met\u00e1lico en la tapa sujeta firmemente el tap\u00f3n de cer\u00e1mica o pl\u00e1stico rojo y blanco, que cuenta con una junta de goma para formar un cierre herm\u00e9tico.<\/p>\n<h2>Caracter\u00edsticas del producto<\/h2>\n<ul>\n<li><strong>Gran capacidad de 1 litro:<\/strong> Su gran tama\u00f1o es ideal para preparar bebidas en grandes cantidades, para infusiones y tambi\u00e9n se puede usar como una botella de agua com\u00fan.<\/li>\n<li><strong>Tapa abatible sellada:<\/strong> La junta de sellado y la hebilla met\u00e1lica proporcionar\u00e1n un cierre herm\u00e9tico que permitir\u00e1 que el producto conserve la frescura de su contenido o evitar\u00e1 que las bebidas carbonatadas se derramen.<\/li>\n<li><strong>Cristal transparente Widesight:<\/strong> A trav\u00e9s de la botella transparente se puede ver f\u00e1cilmente el nivel y la claridad.<\/li>\n<\/ul>\n<h2 style=\"text-align: left;\">Especificaciones clave<\/h2>\n<table class=\"aligncenter\" style=\"border-collapse: collapse; width: 476.27pt;\" border=\"0\" width=\"635\" cellspacing=\"0\" cellpadding=\"0\">\n<tbody>\n<tr style=\"height: 13.50pt;\">\n<td style=\"height: 13.50pt; width: 119.25pt;\" width=\"159\" height=\"18\">Especificaci\u00f3n<\/td>\n<td style=\"width: 357.00pt;\" width=\"476\">Detalles<\/td>\n<\/tr>\n<tr style=\"height: 13.50pt;\">\n<td style=\"height: 13.50pt;\" height=\"18\">Capacidad<\/td>\n<td>1 litro (32 onzas)<\/td>\n<\/tr>\n<tr style=\"height: 13.50pt;\">\n<td style=\"height: 13.50pt;\" height=\"18\">Dimensiones<\/td>\n<td>8,7 cm \u00d7 29,6 cm<\/td>\n<\/tr>\n<tr style=\"height: 13.50pt;\">\n<td style=\"height: 13.50pt;\" height=\"18\">Material<\/td>\n<td>Vidrio transparente de alta claridad, apto para uso alimentario<\/td>\n<\/tr>\n<tr style=\"height: 13.50pt;\">\n<td style=\"height: 13.50pt;\" height=\"18\">Di\u00e1metro interior del cuello<\/td>\n<td>2 cm<\/td>\n<\/tr>\n<tr style=\"height: 13.50pt;\">\n<td style=\"height: 13.50pt;\" height=\"18\">Tipo de cierre<\/td>\n<td>Tapa abatible con tap\u00f3n en rojo y asa de acero inoxidable<\/td>\n<\/tr>\n<tr style=\"height: 13.50pt;\">\n<td style=\"height: 13.50pt;\" height=\"18\">Opciones de juntas<\/td>\n<td>Caucho est\u00e1ndar<\/td>\n<\/tr>\n<tr style=\"height: 13.50pt;\">\n<td style=\"height: 13.50pt;\" height=\"18\">Ideal para<\/td>\n<td>Kombucha, refrescos, vinagre, elaboraci\u00f3n de cerveza, elaboraci\u00f3n de vino<\/td>\n<\/tr>\n<\/tbody>\n<\/table>\n<h2>Historia de \u00e9xito<\/h2>\n<p>Nuestras botellas de vidrio transparente de 1 litro fueron elegidas por una importante empresa de zumos prensados \u200b\u200ben fr\u00edo de California. Las marcas que indican la capacidad est\u00e1n serigrafiadas y personalizadas para la empresa. Se utilizaron botellas a medida para abordar algunos de los principales desaf\u00edos de la operaci\u00f3n: el cierre herm\u00e9tico y el gran tama\u00f1o prolongaron la vida \u00fatil de sus zumos sin pasteurizar en 30 a\u00f1os, se minimiz\u00f3 el deterioro y los zumos, con sus colores brillantes, luc\u00edan mejor en sus botellas de vidrio. Afirman haber experimentado un crecimiento del 20 % en las ventas directas a cafeter\u00edas. Gracias a este \u00e9xito, realizaron otro pedido de 650\u00a0000 botellas para introducir una nueva categor\u00eda de bebidas funcionales para la salud.<\/p>\n<h2>Recomendaciones para personalizar las botellas de vidrio transparente<\/h2>\n<ul>\n<li>Acabados de los cierres y tapones de las botellas: La marca se puede personalizar con una variedad de acabados (cobre, lat\u00f3n, negro mate) y tapones de diferentes colores.<\/li>\n<li>Vidrio de color resistente a los rayos UV: Las botellas cil\u00edndricas de 1 litro fabricadas con vidrio \u00e1mbar o verde est\u00e1n dise\u00f1adas para proteger bebidas sensibles a la luz, como la kombucha, la cerveza o algunos aceites.<\/li>\n<li>Dise\u00f1o rectangular: La botella de 1 litro tiene un dise\u00f1o rectangular que ahorra espacio en el refrigerador y facilita su apilamiento en los estantes.<\/li>\n<li>Funda\/protector de silicona: Se trata de una funda de silicona extra\u00edble y antideslizante que protege la parte inferior de la botella contra impactos, la a\u00edsla t\u00e9rmicamente y proporciona un mejor agarre.<\/li>\n<\/ul>","protected":false},"excerpt":{"rendered":"<p>Botellas de vidrio transparente y resistente, y botellas de vidrio premium con tapa abatible de 1 litro, ideales para bebidas y almacenamiento. Dise\u00f1o cristalino con cierre herm\u00e9tico. Muestras gratuitas.<\/p>","protected":false},"featured_media":23704,"template":"","meta":[],"product_brand":[],"product_cat":[132,123,122],"product_tag":[],"class_list":{"0":"post-23693","1":"product","2":"type-product","3":"status-publish","4":"has-post-thumbnail","6":"product_cat-glass-flip-top-bottles","7":"product_cat-custom-glass-bottles","8":"product_cat-custom-glass-packaging","10":"first","11":"instock","12":"shipping-taxable","13":"product-type-simple"},"jetpack_sharing_enabled":true,"_links":{"self":[{"href":"https:\/\/yebodaglass.com\/es\/wp-json\/wp\/v2\/product\/23693","targetHints":{"allow":["GET"]}}],"collection":[{"href":"https:\/\/yebodaglass.com\/es\/wp-json\/wp\/v2\/product"}],"about":[{"href":"https:\/\/yebodaglass.com\/es\/wp-json\/wp\/v2\/types\/product"}],"version-history":[{"count":5,"href":"https:\/\/yebodaglass.com\/es\/wp-json\/wp\/v2\/product\/23693\/revisions"}],"predecessor-version":[{"id":25626,"href":"https:\/\/yebodaglass.com\/es\/wp-json\/wp\/v2\/product\/23693\/revisions\/25626"}],"wp:featuredmedia":[{"embeddable":true,"href":"https:\/\/yebodaglass.com\/es\/wp-json\/wp\/v2\/media\/23704"}],"wp:attachment":[{"href":"https:\/\/yebodaglass.com\/es\/wp-json\/wp\/v2\/media?parent=23693"}],"wp:term":[{"taxonomy":"product_brand","embeddable":true,"href":"https:\/\/yebodaglass.com\/es\/wp-json\/wp\/v2\/product_brand?post=23693"},{"taxonomy":"product_cat","embeddable":true,"href":"https:\/\/yebodaglass.com\/es\/wp-json\/wp\/v2\/product_cat?post=23693"},{"taxonomy":"product_tag","embeddable":true,"href":"https:\/\/yebodaglass.com\/es\/wp-json\/wp\/v2\/product_tag?post=23693"}],"curies":[{"name":"wp","href":"https:\/\/api.w.org\/{rel}","templated":true}]}}