{"id":23678,"date":"2025-11-14T14:23:47","date_gmt":"2025-11-14T06:23:47","guid":{"rendered":"https:\/\/yebodaglass.com\/?post_type=product&#038;p=23678"},"modified":"2026-03-11T16:11:43","modified_gmt":"2026-03-11T08:11:43","slug":"clear-glass-pickle-jars-with-black-lids-wholesale","status":"publish","type":"product","link":"https:\/\/yebodaglass.com\/es\/clear-glass-pickle-jars-with-black-lids-wholesale\/","title":{"rendered":"Frascos de vidrio transparente para encurtidos de 105 ml a 550 ml con tapas negras, venta al por mayor"},"content":{"rendered":"<p>Un frasco de vidrio para encurtidos liso, cil\u00edndrico y transparente con una tapa de rosca de metal negro mate en la parte superior que le da un sellado perfecto, este tipo de frasco para encurtidos es la mejor opci\u00f3n para usar en la fermentaci\u00f3n de encurtidos, adobos y conservas.<\/p>\n<h2>Caracter\u00edsticas del producto<\/h2>\n<ul>\n<li><strong>Dise\u00f1o cil\u00edndrico simple:<\/strong> Es sencillo, con paredes rectas y un fondo que se puede limpiar f\u00e1cilmente y adem\u00e1s aprovechar de forma m\u00e1s eficiente el espacio.<\/li>\n<li><strong>Vidrio de alta claridad:<\/strong> El vidrio transparente permite ver el interior y ver el estado de la comida.<\/li>\n<li><strong>Tapa met\u00e1lica negra segura:<\/strong> Este tap\u00f3n de rosca negro es muy eficiente ya que ofrece un sello herm\u00e9tico que permite un almacenamiento prolongado.<\/li>\n<\/ul>\n<h2>Especificaciones clave<\/h2>\n<table style=\"border-collapse: collapse; width: 80%; margin-left: auto; margin-right: auto;\" border=\"0\" width=\"288\" cellspacing=\"0\" cellpadding=\"0\">\n<tbody>\n<tr style=\"height: 13.50pt;\">\n<td style=\"height: 13.5pt; width: 54pt; text-align: center;\" width=\"72\" height=\"18\">Capacidad (ml)<\/td>\n<td style=\"width: 54pt; text-align: center;\" width=\"72\">Tama\u00f1o (cm)<\/td>\n<td style=\"width: 54pt; text-align: center;\" width=\"72\">Forma<\/td>\n<\/tr>\n<tr style=\"height: 13.50pt;\">\n<td style=\"height: 13.5pt; text-align: center;\" align=\"right\" height=\"18\">105<\/td>\n<td style=\"text-align: center;\">5,5 x 6,5<\/td>\n<td class=\"et2\" style=\"text-align: center;\" rowspan=\"5\">Redondo<\/td>\n<\/tr>\n<tr style=\"height: 13.50pt;\">\n<td style=\"height: 13.5pt; text-align: center;\" align=\"right\" height=\"18\">230<\/td>\n<td style=\"text-align: center;\">6,7 x 9,0<\/td>\n<\/tr>\n<tr style=\"height: 13.50pt;\">\n<td style=\"height: 13.5pt; text-align: center;\" align=\"right\" height=\"18\">350<\/td>\n<td style=\"text-align: center;\">7,4 x 10,9<\/td>\n<\/tr>\n<tr style=\"height: 13.50pt;\">\n<td style=\"height: 13.5pt; text-align: center;\" align=\"right\" height=\"18\">420<\/td>\n<td style=\"text-align: center;\">9,4 x 9,2<\/td>\n<\/tr>\n<tr style=\"height: 13.50pt;\">\n<td style=\"height: 13.5pt; text-align: center;\" align=\"right\" height=\"18\">550<\/td>\n<td style=\"text-align: center;\">8,6 x 12,6<\/td>\n<\/tr>\n<\/tbody>\n<\/table>\n<h2>Caso de \u00e9xito<\/h2>\n<p>Una de las empresas de tarros para encurtidos de Austin utiliz\u00f3 nuestros tarros y dise\u00f1\u00f3 una tapa diferente con l\u00edneas grabadas a l\u00e1ser y un revestimiento de plastisol blanco para mayor resistencia a los \u00e1cidos. Estas opciones de personalizaci\u00f3n les proporcionaron un valor tangible: las b\u00e1sculas les permitieron reducir el desperdicio de materia prima en un 15 % durante la producci\u00f3n en masa; las tapas personalizadas evitaron la oxidaci\u00f3n y las fallas del sellado, reduciendo eficazmente el deterioro de sus productos en un 20 %. El cliente qued\u00f3 tan satisfecho que, en el segundo trimestre, realiz\u00f3 un segundo pedido de 200\u00a0000 tarros para encurtidos para abastecer una nueva planta de envasado por contrato, que realizar\u00eda entregas en todo el pa\u00eds.<\/p>\n<h2>Recomendaciones de individualizaci\u00f3n de frascos para encurtidos.<\/h2>\n<ul>\n<li>Variaci\u00f3n de forma: Los frascos pueden ser cuadrados o rectangulares para ganar el m\u00e1ximo espacio en los estantes de la despensa y en los contenedores de env\u00edo.<\/li>\n<li>Vidrio protector de la luz: Se pueden utilizar frascos de vidrio \u00e1mbar o verde para conservar mermeladas y alimentos fermentados sensibles a la luz.<\/li>\n<li>Tapas especiales: Las tapas especiales tienen v\u00e1lvulas de fermentaci\u00f3n incorporadas, tapas de bamb\u00fa o revestimientos pl\u00e1sticos internos resistentes al \u00e1cido.<\/li>\n<\/ul>","protected":false},"excerpt":{"rendered":"<p>Frasco para encurtidos resistente de vidrio transparente con tapa negra de seguridad. Pr\u00e1cticos frascos para encurtidos, ideales para guardar encurtidos, salsas y alimentos secos. Muestras gratuitas.<\/p>","protected":false},"featured_media":23679,"template":"","meta":[],"product_brand":[],"product_cat":[122,124,133],"product_tag":[],"class_list":{"0":"post-23678","1":"product","2":"type-product","3":"status-publish","4":"has-post-thumbnail","6":"product_cat-custom-glass-packaging","7":"product_cat-custom-glass-jars","8":"product_cat-pickle-jars","10":"first","11":"instock","12":"shipping-taxable","13":"product-type-simple"},"jetpack_sharing_enabled":true,"_links":{"self":[{"href":"https:\/\/yebodaglass.com\/es\/wp-json\/wp\/v2\/product\/23678","targetHints":{"allow":["GET"]}}],"collection":[{"href":"https:\/\/yebodaglass.com\/es\/wp-json\/wp\/v2\/product"}],"about":[{"href":"https:\/\/yebodaglass.com\/es\/wp-json\/wp\/v2\/types\/product"}],"version-history":[{"count":5,"href":"https:\/\/yebodaglass.com\/es\/wp-json\/wp\/v2\/product\/23678\/revisions"}],"predecessor-version":[{"id":25382,"href":"https:\/\/yebodaglass.com\/es\/wp-json\/wp\/v2\/product\/23678\/revisions\/25382"}],"wp:featuredmedia":[{"embeddable":true,"href":"https:\/\/yebodaglass.com\/es\/wp-json\/wp\/v2\/media\/23679"}],"wp:attachment":[{"href":"https:\/\/yebodaglass.com\/es\/wp-json\/wp\/v2\/media?parent=23678"}],"wp:term":[{"taxonomy":"product_brand","embeddable":true,"href":"https:\/\/yebodaglass.com\/es\/wp-json\/wp\/v2\/product_brand?post=23678"},{"taxonomy":"product_cat","embeddable":true,"href":"https:\/\/yebodaglass.com\/es\/wp-json\/wp\/v2\/product_cat?post=23678"},{"taxonomy":"product_tag","embeddable":true,"href":"https:\/\/yebodaglass.com\/es\/wp-json\/wp\/v2\/product_tag?post=23678"}],"curies":[{"name":"wp","href":"https:\/\/api.w.org\/{rel}","templated":true}]}}