{"id":23651,"date":"2025-11-13T15:54:32","date_gmt":"2025-11-13T07:54:32","guid":{"rendered":"https:\/\/yebodaglass.com\/?post_type=product&#038;p=23651"},"modified":"2026-03-12T14:44:21","modified_gmt":"2026-03-12T06:44:21","slug":"brown-glass-grolsch-beer-bottles-with-handle-bulk","status":"publish","type":"product","link":"https:\/\/yebodaglass.com\/es\/brown-glass-grolsch-beer-bottles-with-handle-bulk\/","title":{"rendered":"Botellas de cerveza Grolsch de vidrio marr\u00f3n de 32 oz y 64 oz con asa, a granel"},"content":{"rendered":"<p data-start=\"66\" data-end=\"288\">Estas botellas de cerveza Grolsch est\u00e1n hechas de vidrio \u00e1mbar-marr\u00f3n, con un estilo retro, silueta redondeada y un asa pr\u00e1ctica. Un broche met\u00e1lico asegura la tapa abatible roja y blanca, ideal para almacenar l\u00edquidos o condimentos y exhibirlos de forma decorativa.<\/p>\n<h2>Caracter\u00edsticas del producto<\/h2>\n<ul>\n<li><strong>Material del vidrio marr\u00f3n:<\/strong> La botella de vidrio marr\u00f3n bloquea eficazmente la luz, conservando as\u00ed la calidad de l\u00edquidos como salsas y bebidas, y al mismo tiempo le da a la botella un bonito aspecto retro.<\/li>\n<li><strong>Dise\u00f1o de cierre a presi\u00f3n:<\/strong> La unidad cuenta con un tap\u00f3n de cierre a presi\u00f3n con broche met\u00e1lico. Este cierre garantiza una alta eficiencia, conservando as\u00ed la frescura del contenido durante un largo periodo. Adem\u00e1s, su apertura y cierre son muy sencillos de usar.<\/li>\n<li><strong>Botella con asa:<\/strong> Por lo tanto, la botella tiene un asa curva para facilitar el agarre y el transporte, lo que aumenta el uso del producto y la hace adecuada para diferentes lugares como el hogar y el restaurante.<\/li>\n<\/ul>\n<h2 style=\"text-align: left;\">Especificaciones clave<\/h2>\n<table style=\"border-collapse: collapse; width: 80%; margin-left: auto; margin-right: auto;\" border=\"0\" width=\"677\" cellspacing=\"0\" cellpadding=\"0\">\n<tbody>\n<tr style=\"height: 13.50pt;\">\n<td style=\"height: 13.5pt; width: 119.25pt; text-align: center;\" width=\"159\" height=\"18\">Caracter\u00edstica<\/td>\n<td style=\"width: 388.5pt; text-align: center;\" width=\"518\">Descripci\u00f3n<\/td>\n<\/tr>\n<tr style=\"height: 13.50pt;\">\n<td style=\"height: 13.5pt; text-align: center;\" height=\"18\">Material<\/td>\n<td style=\"text-align: center;\">vidrio marr\u00f3n con protecci\u00f3n UV<\/td>\n<\/tr>\n<tr style=\"height: 13.50pt;\">\n<td style=\"height: 13.5pt; text-align: center;\" height=\"18\">Capacidad<\/td>\n<td style=\"text-align: center;\">1 L (32 oz) \/ 2 L (64 oz)<\/td>\n<\/tr>\n<tr style=\"height: 13.50pt;\">\n<td style=\"height: 13.5pt; text-align: center;\" height=\"18\">Tama\u00f1o<\/td>\n<td style=\"text-align: center;\">7,5 \u00d7 24 cm \/ 9,5 \u00d7 26 cm<\/td>\n<\/tr>\n<tr style=\"height: 13.50pt;\">\n<td style=\"height: 13.5pt; text-align: center;\" height=\"18\">Sistema de cierre<\/td>\n<td style=\"text-align: center;\">Asa y tope de acero inoxidable con junta de goma\/silicona<\/td>\n<\/tr>\n<tr style=\"height: 13.50pt;\">\n<td style=\"height: 13.5pt; text-align: center;\" height=\"18\">Ideal para<\/td>\n<td style=\"text-align: center;\">Cerveza, kombucha, refrescos, vinagre, cerveza casera, bebidas carbonatadas<\/td>\n<\/tr>\n<\/tbody>\n<\/table>\n<h2>Caso de \u00e9xito<\/h2>\n<p><span aria-haspopup=\"dialog\" aria-expanded=\"false\" aria-controls=\"radix-_r_8v_\" data-state=\"closed\" data-slot=\"popover-trigger\">Una de las marcas locales de kombucha artesanal centrada en bebidas fermentadas decidi\u00f3 utilizar nuestra botella de vidrio \u00e1mbar con tapa de rosca de 32 oz para presentar su sabor de edici\u00f3n limitada.<\/span> <span aria-haspopup=\"dialog\" aria-expanded=\"false\" aria-controls=\"radix-_r_90_\" data-state=\"closed\" data-slot=\"popover-trigger\">El ligero oscurecimiento del vidrio \u00e1mbar para brindar mayor protecci\u00f3n UV y la tapa de rosca de alambre de acero inoxidable reforzado junto con una junta de silicona de grado alimenticio m\u00e1s pesada para la tapa de rosca se realiz\u00f3 para adaptarse mejor a su filosof\u00eda de marca.<\/span> <span aria-haspopup=\"dialog\" aria-expanded=\"false\" aria-controls=\"radix-_r_91_\" data-state=\"closed\" data-slot=\"popover-trigger\">La botella est\u00e1 grabada con el logotipo de la marca en el frente y el alambre est\u00e1 hecho a mano en un tono bronce profundo para crear el efecto de una apariencia antigua y artesanal.<\/span><\/p>\n<p><span aria-haspopup=\"dialog\" aria-expanded=\"false\" aria-controls=\"radix-_r_92_\" data-state=\"closed\" data-slot=\"popover-trigger\">Despu\u00e9s de la introducci\u00f3n de la botella personalizada, sus pedidos minoristas aumentaron un 37 por ciento en el primer trimestre.<\/span> <span aria-haspopup=\"dialog\" aria-expanded=\"false\" aria-controls=\"radix-_r_93_\" data-state=\"closed\" data-slot=\"popover-trigger\">En consecuencia, la marca ha seguido realizando pedidos posteriores de otros productos de temporada.<\/span><\/p>\n<h2>Sugerencias de personalizaci\u00f3n de botellas Grolsch<\/h2>\n<ol>\n<li><span aria-haspopup=\"dialog\" aria-expanded=\"false\" aria-controls=\"radix-_r_8s_\" data-state=\"closed\" data-slot=\"popover-trigger\"><strong>Materiales del tap\u00f3n:<\/strong> Personaliza tu tapa con tapas de cer\u00e1mica, pl\u00e1stico apto para uso alimentario o s\u00edmil madera y mant\u00e9n el anillo de sellado de silicona para mantenerla herm\u00e9tica.<\/span><\/li>\n<li><span aria-haspopup=\"dialog\" aria-expanded=\"false\" aria-controls=\"radix-_r_8t_\" data-state=\"closed\" data-slot=\"popover-trigger\"><strong>Marca grabada en el cuerpo de la botella:<\/strong> Tiene un logotipo en relieve, el nombre de la cervecer\u00eda o un patr\u00f3n ornamental grabado en el hombro de la botella, que es redondo, o en el frente de la botella en el panel.<\/span><\/li>\n<li><span aria-haspopup=\"dialog\" aria-expanded=\"false\" aria-controls=\"radix-_r_8u_\" data-state=\"closed\" data-slot=\"popover-trigger\"><strong>Color de cuello personalizado:<\/strong> Ofrecemos una variedad de anillos de sellado de colores (rojo, naranja, negro, verde) para distinguir l\u00edneas de productos o sabores de bebidas.<\/span><\/li>\n<\/ol>","protected":false},"excerpt":{"rendered":"<p>Botella de cerveza grolsch de vidrio marr\u00f3n con asa y tap\u00f3n giratorio de seguridad. Ideal para cervecer\u00edas o para la compra a granel. Reutilizable y duradero, entrega r\u00e1pida para pedidos al por mayor.<\/p>","protected":false},"featured_media":23695,"template":"","meta":[],"product_brand":[],"product_cat":[122,123,132],"product_tag":[],"class_list":{"0":"post-23651","1":"product","2":"type-product","3":"status-publish","4":"has-post-thumbnail","6":"product_cat-custom-glass-packaging","7":"product_cat-custom-glass-bottles","8":"product_cat-glass-flip-top-bottles","10":"first","11":"instock","12":"shipping-taxable","13":"product-type-simple"},"jetpack_sharing_enabled":true,"_links":{"self":[{"href":"https:\/\/yebodaglass.com\/es\/wp-json\/wp\/v2\/product\/23651","targetHints":{"allow":["GET"]}}],"collection":[{"href":"https:\/\/yebodaglass.com\/es\/wp-json\/wp\/v2\/product"}],"about":[{"href":"https:\/\/yebodaglass.com\/es\/wp-json\/wp\/v2\/types\/product"}],"version-history":[{"count":6,"href":"https:\/\/yebodaglass.com\/es\/wp-json\/wp\/v2\/product\/23651\/revisions"}],"predecessor-version":[{"id":25406,"href":"https:\/\/yebodaglass.com\/es\/wp-json\/wp\/v2\/product\/23651\/revisions\/25406"}],"wp:featuredmedia":[{"embeddable":true,"href":"https:\/\/yebodaglass.com\/es\/wp-json\/wp\/v2\/media\/23695"}],"wp:attachment":[{"href":"https:\/\/yebodaglass.com\/es\/wp-json\/wp\/v2\/media?parent=23651"}],"wp:term":[{"taxonomy":"product_brand","embeddable":true,"href":"https:\/\/yebodaglass.com\/es\/wp-json\/wp\/v2\/product_brand?post=23651"},{"taxonomy":"product_cat","embeddable":true,"href":"https:\/\/yebodaglass.com\/es\/wp-json\/wp\/v2\/product_cat?post=23651"},{"taxonomy":"product_tag","embeddable":true,"href":"https:\/\/yebodaglass.com\/es\/wp-json\/wp\/v2\/product_tag?post=23651"}],"curies":[{"name":"wp","href":"https:\/\/api.w.org\/{rel}","templated":true}]}}