{"id":23606,"date":"2025-11-12T13:17:31","date_gmt":"2025-11-12T05:17:31","guid":{"rendered":"https:\/\/yebodaglass.com\/?post_type=product&#038;p=23606"},"modified":"2026-04-14T11:37:45","modified_gmt":"2026-04-14T03:37:45","slug":"wholesale-clear-round-glass-soy-sauce-bottles","status":"publish","type":"product","link":"https:\/\/yebodaglass.com\/es\/wholesale-clear-round-glass-soy-sauce-bottles\/","title":{"rendered":"Botellas redondas de vidrio transparente para salsa de soja al por mayor, 267 ml y 473 ml."},"content":{"rendered":"<p data-start=\"66\" data-end=\"288\">Estas botellas de salsa de soja presentan un dise\u00f1o con cuerpo de vidrio cil\u00edndrico que se estrecha hacia el cuello y una base que se ensancha para mayor estabilidad. Est\u00e1n disponibles con tapones de rosca met\u00e1licos plateados o negros.<\/p>\n<h2>Caracter\u00edsticas del producto<\/h2>\n<ul>\n<li><strong>Dise\u00f1o minimalista de la botella:<\/strong> Los bordes redondeados de la botella no solo hacen que sea un agarre c\u00f3modo, sino que tambi\u00e9n facilitan su almacenamiento, por lo que se puede utilizar en diferentes lugares como una cocina dom\u00e9stica o un restaurante.<\/li>\n<li><strong>Dise\u00f1o pr\u00e1ctico de tapa de rosca:<\/strong> La tapa de rosca met\u00e1lica, mediante la cual se sujeta, garantiza un cierre herm\u00e9tico, de modo que las salsas se mantienen frescas y, al mismo tiempo, son f\u00e1ciles de extraer.<\/li>\n<li><strong>Dise\u00f1o de base estable:<\/strong> La base ancha es la raz\u00f3n principal por la que la botella no se cae, por lo que la botella de salsa siempre se mantendr\u00e1 en posici\u00f3n vertical, ya sea que se est\u00e9 llenando o exhibiendo.<\/li>\n<\/ul>\n<h2 style=\"text-align: left;\">Especificaciones clave<\/h2>\n<table class=\"aligncenter\" style=\"border-collapse: collapse; width: 423.02pt;\" border=\"0\" width=\"564\" cellspacing=\"0\" cellpadding=\"0\">\n<tbody>\n<tr style=\"height: 13.50pt;\">\n<td style=\"height: 13.50pt; width: 107.25pt;\" width=\"143\" height=\"18\">Especificaci\u00f3n<\/td>\n<td style=\"width: 315.75pt;\" width=\"421\">Detalles<\/td>\n<\/tr>\n<tr style=\"height: 13.50pt;\">\n<td style=\"height: 13.50pt;\" height=\"18\">Tama\u00f1os disponibles<\/td>\n<td>267 ml, 473 ml<\/td>\n<\/tr>\n<tr style=\"height: 13.50pt;\">\n<td style=\"height: 13.50pt;\" height=\"18\">Tama\u00f1o del embalaje<\/td>\n<td>20\u00d725\u00d715cm (ambos)<\/td>\n<\/tr>\n<tr style=\"height: 13.50pt;\">\n<td style=\"height: 13.50pt;\" height=\"18\">Material<\/td>\n<td>Stout en botella de vidrio transparente apta para alimentos<\/td>\n<\/tr>\n<tr style=\"height: 13.50pt;\">\n<td style=\"height: 13.50pt;\" height=\"18\">Ideal para<\/td>\n<td>Salsa de soja, salsa de chile, salsa picante<\/td>\n<\/tr>\n<tr style=\"height: 13.50pt;\">\n<td style=\"height: 13.50pt;\" height=\"18\">Caso de uso<\/td>\n<td>Botellas vac\u00edas de salsa de soja, botella de salsa de chile a granel<\/td>\n<\/tr>\n<\/tbody>\n<\/table>\n<h2>Caso de \u00e9xito: Un pedido personalizado de una marca de salsa de chile del sudeste asi\u00e1tico.<\/h2>\n<p>Una marca tailandesa de salsa de chile seleccion\u00f3 nuestra botella de 500 ml y la personaliz\u00f3 con un pico antigoteo y un dise\u00f1o de chile. La botella personalizada obtuvo excelentes resultados, ya que su pico antigoteo redujo en un 30 % las quejas por derrames, mientras que el vidrio de alta calidad y el tap\u00f3n met\u00e1lico incrementaron el valor de exportaci\u00f3n en un 20 %. Tras este \u00e9xito, realizaron su primer pedido de 450 000 botellas para crear una nueva l\u00ednea de salsa de chile fermentada.<\/p>\n<h2>Sugerencias para personalizar las botellas de salsa de soja<\/h2>\n<ul>\n<li><strong>Marcas de capacidad en relieve:<\/strong> Coloca las marcas en relieve de la escala en el hombro de la botella.<\/li>\n<li><strong>Ubicaci\u00f3n del logotipo impreso mediante serigraf\u00eda:<\/strong> Imprima discretamente el logotipo de la marca en la secci\u00f3n curva, ya que es el lugar ideal para que sea visible.<\/li>\n<li><strong>Mango texturizado:<\/strong> Puede agregar una ligera textura en el \u00e1rea de la cintura para brindar al usuario un mejor agarre y mayor seguridad.<\/li>\n<\/ul>","protected":false},"excerpt":{"rendered":"<p>Botellas de vidrio transparente para salsa de chile y salsa de soja con tap\u00f3n de rosca. Ideales para uso en la cocina o para pedidos al por mayor. Muestras gratuitas disponibles para pedidos al por mayor.<\/p>","protected":false},"featured_media":23611,"template":"","meta":[],"product_brand":[],"product_cat":[129,123,122],"product_tag":[],"class_list":{"0":"post-23606","1":"product","2":"type-product","3":"status-publish","4":"has-post-thumbnail","6":"product_cat-hot-sauce-bottles","7":"product_cat-custom-glass-bottles","8":"product_cat-custom-glass-packaging","10":"first","11":"instock","12":"shipping-taxable","13":"product-type-simple"},"jetpack_sharing_enabled":true,"_links":{"self":[{"href":"https:\/\/yebodaglass.com\/es\/wp-json\/wp\/v2\/product\/23606","targetHints":{"allow":["GET"]}}],"collection":[{"href":"https:\/\/yebodaglass.com\/es\/wp-json\/wp\/v2\/product"}],"about":[{"href":"https:\/\/yebodaglass.com\/es\/wp-json\/wp\/v2\/types\/product"}],"version-history":[{"count":5,"href":"https:\/\/yebodaglass.com\/es\/wp-json\/wp\/v2\/product\/23606\/revisions"}],"predecessor-version":[{"id":25778,"href":"https:\/\/yebodaglass.com\/es\/wp-json\/wp\/v2\/product\/23606\/revisions\/25778"}],"wp:featuredmedia":[{"embeddable":true,"href":"https:\/\/yebodaglass.com\/es\/wp-json\/wp\/v2\/media\/23611"}],"wp:attachment":[{"href":"https:\/\/yebodaglass.com\/es\/wp-json\/wp\/v2\/media?parent=23606"}],"wp:term":[{"taxonomy":"product_brand","embeddable":true,"href":"https:\/\/yebodaglass.com\/es\/wp-json\/wp\/v2\/product_brand?post=23606"},{"taxonomy":"product_cat","embeddable":true,"href":"https:\/\/yebodaglass.com\/es\/wp-json\/wp\/v2\/product_cat?post=23606"},{"taxonomy":"product_tag","embeddable":true,"href":"https:\/\/yebodaglass.com\/es\/wp-json\/wp\/v2\/product_tag?post=23606"}],"curies":[{"name":"wp","href":"https:\/\/api.w.org\/{rel}","templated":true}]}}