{"id":23554,"date":"2025-11-10T17:29:24","date_gmt":"2025-11-10T09:29:24","guid":{"rendered":"https:\/\/yebodaglass.com\/?post_type=product&#038;p=23554"},"modified":"2025-11-10T17:34:16","modified_gmt":"2025-11-10T09:34:16","slug":"40ml-glass-spice-bottles-for-salt-pepper-and-herbs-bulk","status":"publish","type":"product","link":"https:\/\/yebodaglass.com\/es\/40ml-glass-spice-bottles-for-salt-pepper-and-herbs-bulk\/","title":{"rendered":"Frascos de vidrio de 40 ml para especias, sal, pimienta y hierbas a granel"},"content":{"rendered":"<p>Sigues sufriendo con frascos de especias que se derraman o pimienta que se esconde. Dise\u00f1amos frascos de especias transparentes con tapas met\u00e1licas con dosificador: \u00a1se acabaron los momentos de suciedad en tu cocina! Estos juegos de frascos para especias convierten tus recipientes de almacenamiento en una declaraci\u00f3n de marca. Disponemos de colores personalizados para tu marca en pedidos al por mayor.<\/p>\n<h2>Caracter\u00edsticas del producto<\/h2>\n<p><strong>Cuello de botella redondeado<\/strong><\/p>\n<p>El cuello peque\u00f1o y redondeado sella herm\u00e9ticamente el dispositivo y evita que el producto tenga fugas.<\/p>\n<p><strong>Tapas met\u00e1licas de precisi\u00f3n para batidos<\/strong><\/p>\n<p>Los peque\u00f1os orificios en la perforaci\u00f3n regulan con precisi\u00f3n el flujo de pimienta; ya no tendr\u00e1 que preocuparse por que se derrame la sal o la harina.<\/p>\n<p><strong>Dise\u00f1o de base antideslizante<\/strong><\/p>\n<p>La base engrosada est\u00e1 decorada con un patr\u00f3n antideslizante, por lo que, al colocarla sobre una superficie plana, la botella seguir\u00e1 siendo estable.<\/p>\n<h2>Especificaciones clave<\/h2>\n<table style=\"border-collapse: collapse; width: 80%; margin-left: auto; margin-right: auto;\" border=\"0\" width=\"144\" cellspacing=\"0\" cellpadding=\"0\">\n<tbody>\n<tr style=\"height: 13.50pt;\">\n<td style=\"height: 13.5pt; width: 54pt; text-align: center;\" width=\"72\" height=\"18\">Caracter\u00edstica<\/td>\n<td style=\"width: 54pt; text-align: center;\" width=\"72\">Especificaci\u00f3n<\/td>\n<\/tr>\n<tr style=\"height: 13.50pt;\">\n<td style=\"height: 13.5pt; text-align: center;\" height=\"18\">Capacidad<\/td>\n<td style=\"text-align: center;\">40 ml<\/td>\n<\/tr>\n<tr style=\"height: 13.50pt;\">\n<td style=\"height: 13.5pt; text-align: center;\" height=\"18\">Tama\u00f1o (cm)<\/td>\n<td style=\"text-align: center;\">4.5 * 10.0<\/td>\n<\/tr>\n<tr style=\"height: 13.50pt;\">\n<td style=\"height: 13.5pt; text-align: center;\" height=\"18\">Accesorio<\/td>\n<td style=\"text-align: center;\">Tapas de acero inoxidable<\/td>\n<\/tr>\n<tr style=\"height: 13.50pt;\">\n<td style=\"height: 13.5pt; text-align: center;\" height=\"18\">Color<\/td>\n<td style=\"text-align: center;\">Borrar,Personalizado<\/td>\n<\/tr>\n<\/tbody>\n<\/table>\n<h2>Caso de \u00e9xito<\/h2>\n<p>Una empresa estadounidense de suministros para el sector de la alimentaci\u00f3n colabor\u00f3 \u200b\u200bcon nosotros para crear botellas de vidrio personalizadas para condimentos para su nueva cadena de restaurantes informales. Modificaron el cuerpo c\u00f3nico de vidrio y la tapa de acero inoxidable, y cambiaron el tama\u00f1o de la abertura para garantizar una dosificaci\u00f3n uniforme de la sal y los dientes de ajo.<\/p>\n<p>De un gran n\u00famero de personas que utilizaron el producto, el 70% de los clientes afirm\u00f3 que el producto era bueno y que dispensaba un polvo fino que les resultaba conveniente para usar mientras com\u00edan.<\/p>\n<h2>Tu manual de personalizaci\u00f3n<\/h2>\n<ol>\n<li><strong>Material de la gorra mejorado:<\/strong> Dec\u00f3ralo con una tapa de acero inoxidable o de aluminio electrochapado que se adapte a los diferentes estilos de un restaurante o de tu hogar.<\/li>\n<li><strong>Impresi\u00f3n de botellas:<\/strong> Se pueden imprimir logotipos de marcas, nombres de condimentos o marcas graduadas en la botella para facilitar el reconocimiento de la marca y el uso.<\/li>\n<li><strong>Colores de las botellas:<\/strong> El vidrio puede ser transparente, \u00e1mbar, esmerilado o degradado, y cada opci\u00f3n est\u00e1 disponible tanto para fines est\u00e9ticos como de protecci\u00f3n UV.<\/li>\n<\/ol>","protected":false},"excerpt":{"rendered":"<p>Frascos de vidrio resistentes para especias con tapas dosificadoras de metal, ideales para guardar sal, pimienta o hierbas. Perfectos para la cocina o para exhibir en restaurantes.<\/p>","protected":false},"featured_media":23557,"template":"","meta":[],"product_brand":[],"product_cat":[122,124,128],"product_tag":[],"class_list":{"0":"post-23554","1":"product","2":"type-product","3":"status-publish","4":"has-post-thumbnail","6":"product_cat-custom-glass-packaging","7":"product_cat-custom-glass-jars","8":"product_cat-spice-jars","10":"first","11":"instock","12":"shipping-taxable","13":"product-type-simple"},"jetpack_sharing_enabled":true,"_links":{"self":[{"href":"https:\/\/yebodaglass.com\/es\/wp-json\/wp\/v2\/product\/23554","targetHints":{"allow":["GET"]}}],"collection":[{"href":"https:\/\/yebodaglass.com\/es\/wp-json\/wp\/v2\/product"}],"about":[{"href":"https:\/\/yebodaglass.com\/es\/wp-json\/wp\/v2\/types\/product"}],"version-history":[{"count":5,"href":"https:\/\/yebodaglass.com\/es\/wp-json\/wp\/v2\/product\/23554\/revisions"}],"predecessor-version":[{"id":23570,"href":"https:\/\/yebodaglass.com\/es\/wp-json\/wp\/v2\/product\/23554\/revisions\/23570"}],"wp:featuredmedia":[{"embeddable":true,"href":"https:\/\/yebodaglass.com\/es\/wp-json\/wp\/v2\/media\/23557"}],"wp:attachment":[{"href":"https:\/\/yebodaglass.com\/es\/wp-json\/wp\/v2\/media?parent=23554"}],"wp:term":[{"taxonomy":"product_brand","embeddable":true,"href":"https:\/\/yebodaglass.com\/es\/wp-json\/wp\/v2\/product_brand?post=23554"},{"taxonomy":"product_cat","embeddable":true,"href":"https:\/\/yebodaglass.com\/es\/wp-json\/wp\/v2\/product_cat?post=23554"},{"taxonomy":"product_tag","embeddable":true,"href":"https:\/\/yebodaglass.com\/es\/wp-json\/wp\/v2\/product_tag?post=23554"}],"curies":[{"name":"wp","href":"https:\/\/api.w.org\/{rel}","templated":true}]}}