{"id":23531,"date":"2025-11-10T14:29:06","date_gmt":"2025-11-10T06:29:06","guid":{"rendered":"https:\/\/yebodaglass.com\/?post_type=product&#038;p=23531"},"modified":"2026-04-09T17:59:19","modified_gmt":"2026-04-09T09:59:19","slug":"beverage-bottles-wholesale-glass-bottles-with-lids","status":"publish","type":"product","link":"https:\/\/yebodaglass.com\/es\/beverage-bottles-wholesale-glass-bottles-with-lids\/","title":{"rendered":"Botellas para bebidas al por mayor | Botellas de vidrio con tapa"},"content":{"rendered":"<p data-start=\"66\" data-end=\"288\">Esta serie de botellas de vidrio con tapa tiene un dise\u00f1o plano y rectangular, hombros redondeados y cuello estrecho. Est\u00e1n fabricadas con vidrio transparente de alta calidad para que pueda ver el contenido. Cada botella cuenta con una tapa de aluminio que se enrosca y desenrosca, con un sello de pl\u00e1stico en el interior. Esta tapa garantiza un cierre herm\u00e9tico y facilita su manejo. Estas botellas est\u00e1n disponibles en tama\u00f1os de 50 ml a 500 ml. Son ideales para envasar caf\u00e9, zumos, t\u00e9 con leche y otros l\u00edquidos. Su dise\u00f1o compacto y resistente las hace perfectas para exhibir en tiendas, para llevar o para la venta al por mayor.<\/p>\n<h2>Caracter\u00edsticas principales<\/h2>\n<ul>\n<li><strong>Las botellas de bebidas no gotean<\/strong>La tapa de aluminio y el sello de pl\u00e1stico trabajan juntos para mantener el l\u00edquido en el interior, por lo que no tendr\u00e1 que preocuparse por derrames al transportar las botellas.<\/li>\n<\/ul>\n<ul>\n<li><strong>El vidrio es resistente y se puede reciclar.<\/strong>Una empresa que fabrica botellas de vidrio de forma profesional produjo estos envases. Son resistentes, reutilizables y reciclables, lo cual es beneficioso para el medio ambiente.<\/li>\n<\/ul>\n<ul>\n<li><strong>La forma plana es buena para la imagen de marca.<\/strong>La superficie plana de las botellas facilita la colocaci\u00f3n de etiquetas. Lucen muy bien en los estantes. Esto las hace perfectas para empresas que desean crear botellas de vidrio personalizadas y destacar su marca.<\/li>\n<\/ul>\n<h2 style=\"text-align: left;\">Especificaciones clave<\/h2>\n<table style=\"border-collapse: collapse; margin-left: auto; margin-right: auto; width: 80%;\" border=\"0\" width=\"905\" cellspacing=\"0\" cellpadding=\"0\">\n<tbody>\n<tr style=\"height: 13.50pt;\">\n<td style=\"height: 13.50pt; width: 54.00pt;\" width=\"72\" height=\"18\">Capacidad<\/td>\n<td style=\"width: 54.00pt;\" width=\"72\">Altura<\/td>\n<td style=\"width: 54.00pt;\" width=\"72\">Ancho<\/td>\n<td style=\"width: 129.75pt;\" width=\"173\">Solicitud<\/td>\n<td style=\"width: 98.25pt;\" width=\"131\">Material<\/td>\n<td style=\"width: 121.50pt;\" width=\"162\">Tipo de tapa<\/td>\n<td style=\"width: 167.25pt;\" width=\"223\">Caza de focas<\/td>\n<\/tr>\n<tr style=\"height: 13.50pt;\">\n<td style=\"height: 13.50pt;\" height=\"18\">50 ml<\/td>\n<td>10,6 cm<\/td>\n<td>5,3 cm<\/td>\n<td>Caf\u00e9, muestras<\/td>\n<td class=\"et2\" rowspan=\"6\">vidrio sin plomo<\/td>\n<td class=\"et2\" rowspan=\"6\">Tap\u00f3n de rosca de aluminio + tapa interior de pl\u00e1stico<\/td>\n<td class=\"et2\" rowspan=\"6\">Cierre herm\u00e9tico, resistente a las fugas.<\/td>\n<\/tr>\n<tr style=\"height: 13.50pt;\">\n<td style=\"height: 13.50pt;\" height=\"18\">100 ml<\/td>\n<td>12,5 cm<\/td>\n<td>6,7 cm<\/td>\n<td>Jugos, bebidas<\/td>\n<\/tr>\n<tr style=\"height: 13.50pt;\">\n<td style=\"height: 13.50pt;\" height=\"18\">200 ml<\/td>\n<td>15 cm<\/td>\n<td>7,7 cm<\/td>\n<td>T\u00e9 con leche, infusi\u00f3n fr\u00eda<\/td>\n<\/tr>\n<tr style=\"height: 13.50pt;\">\n<td style=\"height: 13.50pt;\" height=\"18\">250 ml<\/td>\n<td>16 cm<\/td>\n<td>8,3 cm<\/td>\n<td>Zumos, bebidas<\/td>\n<\/tr>\n<tr style=\"height: 13.50pt;\">\n<td style=\"height: 13.50pt;\" height=\"18\">350 ml<\/td>\n<td>17 cm<\/td>\n<td>8,9 cm<\/td>\n<td>Caf\u00e9, bebidas<\/td>\n<\/tr>\n<tr style=\"height: 13.50pt;\">\n<td style=\"height: 13.50pt;\" height=\"18\">500 ml<\/td>\n<td>20 cm<\/td>\n<td>10,1 cm<\/td>\n<td>Bebidas a granel<\/td>\n<\/tr>\n<\/tbody>\n<\/table>\n<h2>Estudio de caso<\/h2>\n<p>Un gran supermercado en Polonia empez\u00f3 a usar nuestras botellas de vidrio con tapa para su marca de caf\u00e9 y zumos. Antes usaban botellas de otra marca. Ten\u00edan problemas con las tapas, que no cerraban bien, y con el zumo que se derramaba durante el transporte. Esto les provoc\u00f3 p\u00e9rdidas de producto y quejas de los clientes.<\/p>\n<p>Cuando empezaron a usar nuestras botellas de vidrio, eligieron los tama\u00f1os de 250 ml y 350 ml. Les pusieron etiquetas personalizadas y les aplicaron un recubrimiento especial para darles un aspecto elegante. Las nuevas tapas funcionaban mejor y casi nunca goteaban. Adem\u00e1s, el vidrio transparente hac\u00eda que los productos lucieran mejor en los estantes.<\/p>\n<p>Tras seis meses, el supermercado vio aumentar sus ventas de bebidas un 28% y sus clientes estaban mucho m\u00e1s satisfechos. Ahora compran nuestras botellas de vidrio con tapa con regularidad. Hacen pedidos de al menos 100\u00a0000 unidades cada trimestre. Incluso consiguieron un descuento por el gran volumen de compra.<\/p>\n<h2>Sugerencias de personalizaci\u00f3n para compradores B2B<\/h2>\n<ol>\n<li><strong>Para marcas de caf\u00e9<\/strong>: Utilice un recubrimiento \u00e1mbar o serigraf\u00eda en botellas de vidrio para crear un recipiente de alta calidad para caf\u00e9 fr\u00edo, combinado con un cierre herm\u00e9tico de tapa de rosca.<\/li>\n<li><strong>Para marcas de zumos y bebidas<\/strong>Aplique un recubrimiento en aerosol o un etiquetado colorido para diferenciar los sabores, manteniendo al mismo tiempo un formato de envase de vidrio uniforme en toda su selecci\u00f3n.<\/li>\n<li><strong>Para negocios minoristas y de marca propia<\/strong>: Estandarizar varios tama\u00f1os (de 100 ml a 500 ml) como un sistema de envase unificado para optimizar el almacenamiento, la log\u00edstica y la eficiencia del abastecimiento mayorista de vidrio.<\/li>\n<\/ol>","protected":false},"excerpt":{"rendered":"<p>Botellas de vidrio y de bebidas de primera calidad con tapa para venta al por mayor, desde 50 ml hasta 500 ml. Envases de vidrio duraderos y a prueba de fugas para caf\u00e9, zumos y venta a granel.<\/p>","protected":false},"featured_media":25706,"template":"","meta":[],"product_brand":[],"product_cat":[123,122],"product_tag":[],"class_list":{"0":"post-23531","1":"product","2":"type-product","3":"status-publish","4":"has-post-thumbnail","6":"product_cat-custom-glass-bottles","7":"product_cat-custom-glass-packaging","9":"first","10":"instock","11":"shipping-taxable","12":"product-type-simple"},"jetpack_sharing_enabled":true,"_links":{"self":[{"href":"https:\/\/yebodaglass.com\/es\/wp-json\/wp\/v2\/product\/23531","targetHints":{"allow":["GET"]}}],"collection":[{"href":"https:\/\/yebodaglass.com\/es\/wp-json\/wp\/v2\/product"}],"about":[{"href":"https:\/\/yebodaglass.com\/es\/wp-json\/wp\/v2\/types\/product"}],"version-history":[{"count":5,"href":"https:\/\/yebodaglass.com\/es\/wp-json\/wp\/v2\/product\/23531\/revisions"}],"predecessor-version":[{"id":25712,"href":"https:\/\/yebodaglass.com\/es\/wp-json\/wp\/v2\/product\/23531\/revisions\/25712"}],"wp:featuredmedia":[{"embeddable":true,"href":"https:\/\/yebodaglass.com\/es\/wp-json\/wp\/v2\/media\/25706"}],"wp:attachment":[{"href":"https:\/\/yebodaglass.com\/es\/wp-json\/wp\/v2\/media?parent=23531"}],"wp:term":[{"taxonomy":"product_brand","embeddable":true,"href":"https:\/\/yebodaglass.com\/es\/wp-json\/wp\/v2\/product_brand?post=23531"},{"taxonomy":"product_cat","embeddable":true,"href":"https:\/\/yebodaglass.com\/es\/wp-json\/wp\/v2\/product_cat?post=23531"},{"taxonomy":"product_tag","embeddable":true,"href":"https:\/\/yebodaglass.com\/es\/wp-json\/wp\/v2\/product_tag?post=23531"}],"curies":[{"name":"wp","href":"https:\/\/api.w.org\/{rel}","templated":true}]}}