{"id":23525,"date":"2025-11-10T14:54:19","date_gmt":"2025-11-10T06:54:19","guid":{"rendered":"https:\/\/yebodaglass.com\/?post_type=product&#038;p=23525"},"modified":"2026-04-13T10:07:15","modified_gmt":"2026-04-13T02:07:15","slug":"seasoning-container-with-grinder-for-packaging-wholesale","status":"publish","type":"product","link":"https:\/\/yebodaglass.com\/es\/producto\/seasoning-container-with-grinder-for-packaging-wholesale\/","title":{"rendered":"Recipiente para condimentos de 200 ml con molinillo para envasado al por mayor"},"content":{"rendered":"<p>Este pr\u00e1ctico utensilio de cocina ofrece un moderno recipiente para especias con cuerpo de vidrio y tapa de acero inoxidable. Su sistema de molienda en seco permite ajustar el grado de molienda para pimienta, sal y otras especias, creando sabores frescos con cada giro. Gracias a su dise\u00f1o transparente, el producto permite ver su contenido, aportando un toque contempor\u00e1neo y profesional a cualquier encimera o comedor.<\/p>\n<h2>Caracter\u00edsticas del producto<\/h2>\n<p><strong>Amoladora de precisi\u00f3n<\/strong><\/p>\n<p>Ajuste el tama\u00f1o de la molienda de pimienta inmediatamente; perfecto para harina, sal o hierbas en cualquier momento de la preparaci\u00f3n de alimentos.<\/p>\n<p><strong>Molienda ajustable<\/strong><\/p>\n<p>Con tan solo girar la perilla, se puede regular la distancia entre las partes molidas para moler las especias de forma fina o gruesa, satisfaciendo as\u00ed las necesidades exactas de los diferentes m\u00e9todos de cocci\u00f3n.<\/p>\n<p><strong>F\u00e1cil de limpiar<\/strong><\/p>\n<p>La elegante parte de vidrio sin juntas es muy f\u00e1cil de lavar. Las piezas de molienda extra\u00edbles facilitan una limpieza profunda y mantienen la higiene.<\/p>\n<h2>Especificaciones clave<\/h2>\n<table style=\"border-collapse: collapse; width: 80%; margin-left: auto; margin-right: auto;\" border=\"0\" width=\"144\" cellspacing=\"0\" cellpadding=\"0\">\n<tbody>\n<tr style=\"height: 13.50pt;\">\n<td style=\"height: 13.5pt; width: 54pt; text-align: center;\" width=\"72\" height=\"18\">Caracter\u00edstica<\/td>\n<td style=\"width: 54pt; text-align: center;\" width=\"72\">Especificaci\u00f3n<\/td>\n<\/tr>\n<tr style=\"height: 13.50pt;\">\n<td style=\"height: 13.5pt; text-align: center;\" height=\"18\">Capacidad<\/td>\n<td style=\"text-align: center;\">200 ml<\/td>\n<\/tr>\n<tr style=\"height: 13.50pt;\">\n<td style=\"height: 13.5pt; text-align: center;\" height=\"18\">Tama\u00f1o (cm)<\/td>\n<td style=\"text-align: center;\">6.6&#215;18.9<\/td>\n<\/tr>\n<tr style=\"height: 13.50pt;\">\n<td style=\"height: 13.5pt; text-align: center;\" height=\"18\">Accesorio<\/td>\n<td style=\"text-align: center;\">Amoladora<\/td>\n<\/tr>\n<tr style=\"height: 13.50pt;\">\n<td style=\"height: 13.5pt; text-align: center;\" height=\"18\">Color<\/td>\n<td style=\"text-align: center;\">Borrar,Personalizado<\/td>\n<\/tr>\n<\/tbody>\n<\/table>\n<h2>Caso de \u00e9xito<\/h2>\n<p>Una cadena alemana de restaurantes multifuncionales, uno de sus establecimientos, nos encarg\u00f3 un juego de tarros para condimentos personalizados que combinaran con su elegante vajilla. Se decidieron por nuestros tarros refrigerantes con tapas molinillos de acero inoxidable para lograr un aspecto sofisticado y contempor\u00e1neo, y tambi\u00e9n solicitaron un mecanismo molinillo personalizado para moler tanto grueso como fino.<\/p>\n<p>Como resultado, los invitados elogiaron el dise\u00f1o limpio de los frascos de condimentos y la fluidez de la experiencia del usuario, lo que elev\u00f3 su experiencia gastron\u00f3mica.<\/p>\n<h2>Tu manual de personalizaci\u00f3n<\/h2>\n<ol>\n<li><strong>Formas y dise\u00f1os:<\/strong> Al cambiar la forma y el dise\u00f1o del molinillo de especias secas, puedes mostrar tu personalidad o el estilo de decoraci\u00f3n de tu cocina, como por ejemplo una forma redonda, cuadrada o c\u00f3nica.<\/li>\n<li><strong>Patrones y colores:<\/strong> Utiliza una marca, un patr\u00f3n, un texto o el color que prefieras y apl\u00edcalo a un molinillo para convertirlo en un producto \u00fanico y m\u00e1s f\u00e1cil de identificar.<\/li>\n<\/ol>","protected":false},"excerpt":{"rendered":"<p>Recipiente de cristal de primera calidad para condimentos con tapas de acero inoxidable para moler especias secas. Perfectos tarros vac\u00edos para almacenar sal, pimienta o especias en cualquier cocina moderna.<\/p>","protected":false},"featured_media":23538,"template":"","meta":[],"product_brand":[],"product_cat":[122,124,128],"product_tag":[],"class_list":{"0":"post-23525","1":"product","2":"type-product","3":"status-publish","4":"has-post-thumbnail","6":"product_cat-custom-glass-packaging","7":"product_cat-custom-glass-jars","8":"product_cat-spice-jars","10":"first","11":"instock","12":"shipping-taxable","13":"product-type-simple"},"jetpack_sharing_enabled":true,"_links":{"self":[{"href":"https:\/\/yebodaglass.com\/es\/wp-json\/wp\/v2\/product\/23525","targetHints":{"allow":["GET"]}}],"collection":[{"href":"https:\/\/yebodaglass.com\/es\/wp-json\/wp\/v2\/product"}],"about":[{"href":"https:\/\/yebodaglass.com\/es\/wp-json\/wp\/v2\/types\/product"}],"version-history":[{"count":5,"href":"https:\/\/yebodaglass.com\/es\/wp-json\/wp\/v2\/product\/23525\/revisions"}],"predecessor-version":[{"id":25757,"href":"https:\/\/yebodaglass.com\/es\/wp-json\/wp\/v2\/product\/23525\/revisions\/25757"}],"wp:featuredmedia":[{"embeddable":true,"href":"https:\/\/yebodaglass.com\/es\/wp-json\/wp\/v2\/media\/23538"}],"wp:attachment":[{"href":"https:\/\/yebodaglass.com\/es\/wp-json\/wp\/v2\/media?parent=23525"}],"wp:term":[{"taxonomy":"product_brand","embeddable":true,"href":"https:\/\/yebodaglass.com\/es\/wp-json\/wp\/v2\/product_brand?post=23525"},{"taxonomy":"product_cat","embeddable":true,"href":"https:\/\/yebodaglass.com\/es\/wp-json\/wp\/v2\/product_cat?post=23525"},{"taxonomy":"product_tag","embeddable":true,"href":"https:\/\/yebodaglass.com\/es\/wp-json\/wp\/v2\/product_tag?post=23525"}],"curies":[{"name":"wp","href":"https:\/\/api.w.org\/{rel}","templated":true}]}}