{"id":23513,"date":"2025-11-10T14:28:42","date_gmt":"2025-11-10T06:28:42","guid":{"rendered":"https:\/\/yebodaglass.com\/?post_type=product&#038;p=23513"},"modified":"2026-04-10T10:59:00","modified_gmt":"2026-04-10T02:59:00","slug":"6oz-empty-jars-for-spices-with-grinder-lid-wholesale","status":"publish","type":"product","link":"https:\/\/yebodaglass.com\/es\/6oz-empty-jars-for-spices-with-grinder-lid-wholesale\/","title":{"rendered":"Frascos vac\u00edos de 6 oz para especias con tapa molinillo al por mayor"},"content":{"rendered":"<p>Estos frascos vac\u00edos para especias tienen un cuerpo de vidrio c\u00f3nico y molinillos de colores brillantes, lo que facilita su uso. Los frascos cuentan con anillos decorativos de acero inoxidable que permiten ajustar el grado de molienda deseado.<\/p>\n<h2>Caracter\u00edsticas del producto<\/h2>\n<ul>\n<li><strong>Dise\u00f1o reci\u00e9n plantado:<\/strong> Incorpora un n\u00facleo de molienda de alta dureza con ajuste manual del grado de molienda para un uso inmediato.<\/li>\n<li><strong>Varias opciones de color para la tapa:<\/strong> La tapa est\u00e1 disponible en varios colores, como rojo, verde, negro y otros, adem\u00e1s de proporcionar un agarre antideslizante y permitir distinguir las diferentes fragancias.<\/li>\n<li><strong>Anillo decorativo de acero inoxidable:<\/strong> La botella cuenta con un anillo decorativo de acero inoxidable que mejora su atractivo visual y su valor general, a la vez que proporciona un soporte estructural adicional.<\/li>\n<\/ul>\n<h2>Especificaciones clave<\/h2>\n<table style=\"border-collapse: collapse; width: 80%; margin-left: auto; margin-right: auto;\" border=\"0\" width=\"144\" cellspacing=\"0\" cellpadding=\"0\">\n<tbody>\n<tr style=\"height: 13.50pt;\">\n<td style=\"height: 13.5pt; width: 54pt; text-align: center;\" width=\"72\" height=\"18\">Caracter\u00edstica<\/td>\n<td style=\"width: 54pt; text-align: center;\" width=\"72\">Especificaci\u00f3n<\/td>\n<\/tr>\n<tr style=\"height: 13.50pt;\">\n<td style=\"height: 13.5pt; text-align: center;\" height=\"18\">Capacidad<\/td>\n<td style=\"text-align: center;\">180 ml\/6 onzas<\/td>\n<\/tr>\n<tr style=\"height: 13.50pt;\">\n<td style=\"height: 13.5pt; text-align: center;\" height=\"18\">Tama\u00f1o (cm)<\/td>\n<td style=\"text-align: center;\">6,4 x 13<\/td>\n<\/tr>\n<tr style=\"height: 13.50pt;\">\n<td style=\"height: 13.5pt; text-align: center;\" height=\"18\">Accesorio<\/td>\n<td style=\"text-align: center;\">Amoladora<\/td>\n<\/tr>\n<tr style=\"height: 13.50pt;\">\n<td style=\"height: 13.5pt; text-align: center;\" height=\"18\">Color<\/td>\n<td style=\"text-align: center;\">Borrar, Aceptar personalizaci\u00f3n<\/td>\n<\/tr>\n<tr style=\"height: 13.50pt;\">\n<td style=\"height: 13.5pt; text-align: center;\" height=\"18\">Uso<\/td>\n<td style=\"text-align: center;\">Pimienta, sal gruesa, comino<\/td>\n<\/tr>\n<\/tbody>\n<\/table>\n<h2>Caso de \u00e9xito: Marca propia de un minorista europeo de alimentaci\u00f3n<\/h2>\n<p>Una de las tiendas europeas de alimentos de lujo opt\u00f3 por utilizar nuestro molinillo de especias para almacenar sus productos, pero lo personaliz\u00f3 con un anillo ornamental de color cobre y la tapa del molinillo lleva un logotipo grabado. Los frascos de vidrio transparente impulsaron las ventas de las especias m\u00e1s caras en un 40 %, ya que los compradores pod\u00edan observar la calidad del producto. El ajuste del grosor de la molienda con el molinillo fue siempre preciso y el porcentaje de satisfacci\u00f3n del cliente alcanz\u00f3 el 95 %. El minorista qued\u00f3 tan satisfecho con el producto que realiz\u00f3 un pedido adicional de 500 000 unidades para distribuir su propia marca de especias en 15 pa\u00edses.<\/p>\n<h2>Sugerencias de personalizaci\u00f3n para frascos vac\u00edos de especias<\/h2>\n<ol>\n<li><strong>Materiales de los componentes de rectificado:<\/strong> Seleccione piezas de molienda de cer\u00e1mica de al\u00famina o acero inoxidable seg\u00fan la naturaleza de las especias que vaya a moler.<\/li>\n<li><strong>Dise\u00f1os y colores:<\/strong> Utilice logotipos, patrones o colores para crear una apariencia \u00fanica para su producto.<\/li>\n<li><strong>Modificaci\u00f3n de tama\u00f1o:<\/strong> Cambia el tama\u00f1o del molinillo de especias para que se ajuste a tu cocina o sea proporcional a la cantidad de uso.<\/li>\n<\/ol>","protected":false},"excerpt":{"rendered":"<p>Tarros vac\u00edos de alta calidad para especias, con cuello de acero inoxidable y tapa con molinillo manual. Ideales para almacenar condimentos en la cocina. Env\u00edo r\u00e1pido disponible.<\/p>","protected":false},"featured_media":23514,"template":"","meta":[],"product_brand":[],"product_cat":[128,124,122],"product_tag":[],"class_list":{"0":"post-23513","1":"product","2":"type-product","3":"status-publish","4":"has-post-thumbnail","6":"product_cat-spice-jars","7":"product_cat-custom-glass-jars","8":"product_cat-custom-glass-packaging","10":"first","11":"instock","12":"shipping-taxable","13":"product-type-simple"},"jetpack_sharing_enabled":true,"_links":{"self":[{"href":"https:\/\/yebodaglass.com\/es\/wp-json\/wp\/v2\/product\/23513","targetHints":{"allow":["GET"]}}],"collection":[{"href":"https:\/\/yebodaglass.com\/es\/wp-json\/wp\/v2\/product"}],"about":[{"href":"https:\/\/yebodaglass.com\/es\/wp-json\/wp\/v2\/types\/product"}],"version-history":[{"count":5,"href":"https:\/\/yebodaglass.com\/es\/wp-json\/wp\/v2\/product\/23513\/revisions"}],"predecessor-version":[{"id":25721,"href":"https:\/\/yebodaglass.com\/es\/wp-json\/wp\/v2\/product\/23513\/revisions\/25721"}],"wp:featuredmedia":[{"embeddable":true,"href":"https:\/\/yebodaglass.com\/es\/wp-json\/wp\/v2\/media\/23514"}],"wp:attachment":[{"href":"https:\/\/yebodaglass.com\/es\/wp-json\/wp\/v2\/media?parent=23513"}],"wp:term":[{"taxonomy":"product_brand","embeddable":true,"href":"https:\/\/yebodaglass.com\/es\/wp-json\/wp\/v2\/product_brand?post=23513"},{"taxonomy":"product_cat","embeddable":true,"href":"https:\/\/yebodaglass.com\/es\/wp-json\/wp\/v2\/product_cat?post=23513"},{"taxonomy":"product_tag","embeddable":true,"href":"https:\/\/yebodaglass.com\/es\/wp-json\/wp\/v2\/product_tag?post=23513"}],"curies":[{"name":"wp","href":"https:\/\/api.w.org\/{rel}","templated":true}]}}