{"id":23480,"date":"2025-11-10T11:44:01","date_gmt":"2025-11-10T03:44:01","guid":{"rendered":"https:\/\/yebodaglass.com\/?post_type=product&#038;p=23480"},"modified":"2026-03-24T15:23:54","modified_gmt":"2026-03-24T07:23:54","slug":"custom-empty-measured-tomato-sauce-bottles-with-pump-bulk","status":"publish","type":"product","link":"https:\/\/yebodaglass.com\/es\/custom-empty-measured-tomato-sauce-bottles-with-pump-bulk\/","title":{"rendered":"Botellas vac\u00edas de salsa de tomate con dosificador, de 300 ml y 500 ml (a granel)"},"content":{"rendered":"<p>Se trata de una botella de salsa de tomate con un cabezal dosificador liso de color negro plateado y marcas de graduaci\u00f3n en forma de vasos transparentes, y un cuerpo de vidrio cil\u00edndrico y liso. Est\u00e1 disponible en dos tama\u00f1os seg\u00fan las necesidades.<\/p>\n<h2>Caracter\u00edsticas del producto<\/h2>\n<ul>\n<li><strong>Dispensador de bomba de una sola pieza:<\/strong> Este modelo se caracteriza por su f\u00e1cil manejo para dispensar salsas espesas, lo que evita derrames o contaminaci\u00f3n gracias a su cabezal de bomba de un solo toque.<\/li>\n<li><strong>Graduaciones claras:<\/strong> La botella de vidrio tiene impresas las graduaciones, lo que facilita el control del nivel restante de las salsas y una mejor gesti\u00f3n del inventario.<\/li>\n<li><strong>Botella de vidrio transparente:<\/strong> La botella es de vidrio transparente de alta calidad, resistente a salsas \u00e1cidas y manchas, para poder exhibir el producto.<\/li>\n<\/ul>\n<h2 style=\"text-align: left;\">Especificaciones clave<\/h2>\n<table class=\"aligncenter\" style=\"border-collapse: collapse; width: 480.77pt;\" border=\"0\" width=\"641\" cellspacing=\"0\" cellpadding=\"0\">\n<tbody>\n<tr style=\"height: 13.50pt;\">\n<td style=\"height: 13.50pt; width: 126.75pt;\" width=\"169\" height=\"18\">Caracter\u00edstica<\/td>\n<td style=\"width: 354.00pt;\" width=\"472\">Especificaci\u00f3n<\/td>\n<\/tr>\n<tr style=\"height: 13.50pt;\">\n<td style=\"height: 13.50pt;\" height=\"18\">Capacidades<\/td>\n<td>300 ml (10 oz) \/ 500 ml (16 oz)<\/td>\n<\/tr>\n<tr style=\"height: 13.50pt;\">\n<td style=\"height: 13.50pt;\" height=\"18\">Dimensiones (D\u00d7H)<\/td>\n<td>6\u00d721 cm \/ 6,5\u00d725 cm<\/td>\n<\/tr>\n<tr style=\"height: 13.50pt;\">\n<td style=\"height: 13.50pt;\" height=\"18\">Forma<\/td>\n<td>Botella de cerveza negra de paredes rectas con marcas de volumen moldeadas<\/td>\n<\/tr>\n<tr style=\"height: 13.50pt;\">\n<td style=\"height: 13.50pt;\" height=\"18\">Material<\/td>\n<td>vidrio de borosilicato alto<\/td>\n<\/tr>\n<tr style=\"height: 13.50pt;\">\n<td style=\"height: 13.50pt;\" height=\"18\">Cierre incluido<\/td>\n<td>Bomba de presi\u00f3n plateada (personalizable)<\/td>\n<\/tr>\n<tr style=\"height: 13.50pt;\">\n<td style=\"height: 13.50pt;\" height=\"18\">Mejor para<\/td>\n<td>Salsa de tomate, salsa picante, salsa picante<\/td>\n<\/tr>\n<tr style=\"height: 13.50pt;\">\n<td style=\"height: 13.50pt;\" height=\"18\">Uso ideal<\/td>\n<td>Botella de salsa de tomate, botellas de salsa vac\u00edas<\/td>\n<\/tr>\n<\/tbody>\n<\/table>\n<h2>Caso de \u00e9xito: L\u00ednea de productos para servicios de alimentaci\u00f3n de una marca de salsa barbacoa de Texas.<\/h2>\n<p>Una marca de salsa barbacoa eligi\u00f3 nuestro envase de 16 onzas con vidrio y logotipo impreso, vidrio con recubrimiento UV y un dosificador personalizado de 0.5 onzas por vez. Se estima que el dosificador redujo el desperdicio de alimentos en un 20%, el recubrimiento UV evit\u00f3 que la salsa se decolorara en los estantes y redujo las devoluciones en un 45%. Esta marca tuvo mucho \u00e9xito y posteriormente realiz\u00f3 otro pedido de 520,000 botellas de su mostaza y salsa para carne de alta calidad para su l\u00ednea de productos minoristas.<\/p>\n<h2>Sugerencias para personalizar botellas de salsa<\/h2>\n<ul>\n<li><strong>Marca impresa mediante serigraf\u00eda:<\/strong> Coloca el nombre o el logotipo de tu restaurante de forma destacada debajo de la escala de medici\u00f3n.<\/li>\n<li><strong>Opci\u00f3n de vitrales:<\/strong> Guarda los aceites sensibles a la luz o los productos de vinagre infusionado en un recipiente de vidrio color \u00e1mbar.<\/li>\n<li><strong>Dise\u00f1o de base texturizada:<\/strong> Aseg\u00farese de que la base de la botella est\u00e9 equipada con una superficie antideslizante, de modo que no se vuelva inestable en las mesas concurridas.<\/li>\n<li><strong>Sello de tapa personalizado:<\/strong> Inicialmente, el sistema de embotellado para establecimientos de servicio de alimentos est\u00e1 equipado con un sello de seguridad a prueba de manipulaciones.<\/li>\n<\/ul>","protected":false},"excerpt":{"rendered":"<p>Botella de vidrio transparente para salsa con marcas de medici\u00f3n y bomba dosificadora. Ideal para controlar las porciones de salsa de tomate con precisi\u00f3n. Venta al por mayor con env\u00edo r\u00e1pido.<\/p>","protected":false},"featured_media":23512,"template":"","meta":[],"product_brand":[],"product_cat":[129,123,122],"product_tag":[],"class_list":{"0":"post-23480","1":"product","2":"type-product","3":"status-publish","4":"has-post-thumbnail","6":"product_cat-hot-sauce-bottles","7":"product_cat-custom-glass-bottles","8":"product_cat-custom-glass-packaging","10":"first","11":"instock","12":"shipping-taxable","13":"product-type-simple"},"jetpack_sharing_enabled":true,"_links":{"self":[{"href":"https:\/\/yebodaglass.com\/es\/wp-json\/wp\/v2\/product\/23480","targetHints":{"allow":["GET"]}}],"collection":[{"href":"https:\/\/yebodaglass.com\/es\/wp-json\/wp\/v2\/product"}],"about":[{"href":"https:\/\/yebodaglass.com\/es\/wp-json\/wp\/v2\/types\/product"}],"version-history":[{"count":5,"href":"https:\/\/yebodaglass.com\/es\/wp-json\/wp\/v2\/product\/23480\/revisions"}],"predecessor-version":[{"id":25589,"href":"https:\/\/yebodaglass.com\/es\/wp-json\/wp\/v2\/product\/23480\/revisions\/25589"}],"wp:featuredmedia":[{"embeddable":true,"href":"https:\/\/yebodaglass.com\/es\/wp-json\/wp\/v2\/media\/23512"}],"wp:attachment":[{"href":"https:\/\/yebodaglass.com\/es\/wp-json\/wp\/v2\/media?parent=23480"}],"wp:term":[{"taxonomy":"product_brand","embeddable":true,"href":"https:\/\/yebodaglass.com\/es\/wp-json\/wp\/v2\/product_brand?post=23480"},{"taxonomy":"product_cat","embeddable":true,"href":"https:\/\/yebodaglass.com\/es\/wp-json\/wp\/v2\/product_cat?post=23480"},{"taxonomy":"product_tag","embeddable":true,"href":"https:\/\/yebodaglass.com\/es\/wp-json\/wp\/v2\/product_tag?post=23480"}],"curies":[{"name":"wp","href":"https:\/\/api.w.org\/{rel}","templated":true}]}}