{"id":23424,"date":"2025-11-10T08:59:20","date_gmt":"2025-11-10T00:59:20","guid":{"rendered":"https:\/\/yebodaglass.com\/?post_type=product&#038;p=23424"},"modified":"2026-04-10T15:22:20","modified_gmt":"2026-04-10T07:22:20","slug":"bulk-clear-empty-soy-sauce-bottles-with-press-pump","status":"publish","type":"product","link":"https:\/\/yebodaglass.com\/es\/bulk-clear-empty-soy-sauce-bottles-with-press-pump\/","title":{"rendered":"Botellas vac\u00edas de salsa de soja transparentes a granel con bomba dosificadora de 200 ml, 300 ml y 500 ml."},"content":{"rendered":"<p>Estas botellas de salsa de soja tienen un dise\u00f1o cil\u00edndrico recto con indicadores de dosificaci\u00f3n claros que muestran puntos de medici\u00f3n precisos. Los tapones tienen cabezales de bomba de acero inoxidable y pl\u00e1stico.<\/p>\n<h2>Caracter\u00edsticas del producto<\/h2>\n<ul>\n<li><strong>Dise\u00f1o del dispensador de bomba:<\/strong> Con la ayuda del dispensador de bomba negro, el usuario puede controlar de forma muy precisa y sencilla la cantidad de salsa de chile sin desperdiciarla.<\/li>\n<li><strong>Botella graduada transparente:<\/strong> La parte transparente y graduada de la botella facilita mucho ver cu\u00e1nto se ha usado o cu\u00e1nto queda, y permite una medici\u00f3n muy precisa.<\/li>\n<li><strong>Disponemos de varios tama\u00f1os:<\/strong> Existen tres tama\u00f1os diferentes de botellas para ser utilizadas en distintos lugares, como hogares y restaurantes, dependiendo de la cantidad de salsa de chile que se almacene y utilice.<\/li>\n<\/ul>\n<h2 style=\"text-align: left;\">Especificaciones clave<\/h2>\n<table class=\"aligncenter\" style=\"border-collapse: collapse; width: 432.02pt;\" border=\"0\" width=\"576\" cellspacing=\"0\" cellpadding=\"0\">\n<tbody>\n<tr style=\"height: 13.50pt;\">\n<td style=\"height: 13.50pt; width: 105.00pt;\" width=\"140\" height=\"18\">Caracter\u00edstica<\/td>\n<td style=\"width: 327.00pt;\" width=\"436\">Especificaci\u00f3n<\/td>\n<\/tr>\n<tr style=\"height: 13.50pt;\">\n<td style=\"height: 13.50pt;\" height=\"18\">Capacidades<\/td>\n<td>200 ml (7 oz) \/ 300 ml (10 oz) \/ 500 ml (16 oz)<\/td>\n<\/tr>\n<tr style=\"height: 13.50pt;\">\n<td style=\"height: 13.50pt;\" height=\"18\">Dimensiones (D\u00d7H)<\/td>\n<td>5,5 \u00d7 19,5 cm \/ 6 \u00d7 23,5 cm \/ 6,5 \u00d7 27,5 cm<\/td>\n<\/tr>\n<tr style=\"height: 13.50pt;\">\n<td style=\"height: 13.50pt;\" height=\"18\">Forma<\/td>\n<td>Botella de cerveza negra de paredes rectas con marcas de volumen moldeadas<\/td>\n<\/tr>\n<tr style=\"height: 13.50pt;\">\n<td style=\"height: 13.50pt;\" height=\"18\">Material<\/td>\n<td>vidrio de borosilicato alto<\/td>\n<\/tr>\n<tr style=\"height: 13.50pt;\">\n<td style=\"height: 13.50pt;\" height=\"18\">Cierre incluido<\/td>\n<td>Bomba de presi\u00f3n negra (con detalles met\u00e1licos, a prueba de fugas)<\/td>\n<\/tr>\n<tr style=\"height: 13.50pt;\">\n<td style=\"height: 13.50pt;\" height=\"18\">Mejor para<\/td>\n<td>Salsa picante, salsa de soja, aderezo, condimentos<\/td>\n<\/tr>\n<tr style=\"height: 13.50pt;\">\n<td style=\"height: 13.50pt;\" height=\"18\">Uso ideal<\/td>\n<td>Botellas vac\u00edas de salsa, botella de salsa de soja<\/td>\n<\/tr>\n<\/tbody>\n<\/table>\n<h2>Caso de \u00e9xito: Pedido personalizado de una marca de salsa picante de Luisiana.<\/h2>\n<p>Una marca de salsa picante artesanal de Luisiana seleccion\u00f3 nuestras botellas vac\u00edas de 500 ml y las personaliz\u00f3 con dosificadores m\u00e1s anchos e indicadores de picante. Las botellas personalizadas resultaron muy efectivas; los dosificadores y las marcas precisas ayudaron a los consumidores a reducir el consumo excesivo en un 20 %, y la durabilidad de las botellas se tradujo en una tasa de rotura inferior al 0,7 % durante el env\u00edo. La empresa estableci\u00f3 una exitosa relaci\u00f3n comercial con este pedido inicial, lo que les llev\u00f3 a solicitar 420\u00a0000 botellas para su nuevo producto de salsa para alitas de pollo.<\/p>\n<h2>Sugerencias de personalizaci\u00f3n de botellas de salsa vac\u00edas<\/h2>\n<ul>\n<li><strong>Marcadores de medici\u00f3n personalizados:<\/strong> Puedes dedicar marcas de capacidad para determinadas recetas o tama\u00f1os de raciones.<\/li>\n<li><strong>Opciones de color del cabezal de la bomba:<\/strong> Proporcione cabezales de bomba de diferentes colores que combinen con la paleta de colores de su restaurante.<\/li>\n<li><strong>Base antideslizante:<\/strong> Coloca una textura antideslizante en la base de la botella para mayor seguridad, incluso sobre una mesa llena de cosas.<\/li>\n<\/ul>","protected":false},"excerpt":{"rendered":"<p>Botellas pr\u00e1cticas para salsa de soja con indicadores de medici\u00f3n y tapa a presi\u00f3n, ideales para salsas y condimentos. Venta al por mayor de botellas vac\u00edas para salsa con muestras gratuitas.<\/p>","protected":false},"featured_media":23458,"template":"","meta":[],"product_brand":[],"product_cat":[129,123,122],"product_tag":[],"class_list":{"0":"post-23424","1":"product","2":"type-product","3":"status-publish","4":"has-post-thumbnail","6":"product_cat-hot-sauce-bottles","7":"product_cat-custom-glass-bottles","8":"product_cat-custom-glass-packaging","10":"first","11":"instock","12":"shipping-taxable","13":"product-type-simple"},"jetpack_sharing_enabled":true,"_links":{"self":[{"href":"https:\/\/yebodaglass.com\/es\/wp-json\/wp\/v2\/product\/23424","targetHints":{"allow":["GET"]}}],"collection":[{"href":"https:\/\/yebodaglass.com\/es\/wp-json\/wp\/v2\/product"}],"about":[{"href":"https:\/\/yebodaglass.com\/es\/wp-json\/wp\/v2\/types\/product"}],"version-history":[{"count":5,"href":"https:\/\/yebodaglass.com\/es\/wp-json\/wp\/v2\/product\/23424\/revisions"}],"predecessor-version":[{"id":25742,"href":"https:\/\/yebodaglass.com\/es\/wp-json\/wp\/v2\/product\/23424\/revisions\/25742"}],"wp:featuredmedia":[{"embeddable":true,"href":"https:\/\/yebodaglass.com\/es\/wp-json\/wp\/v2\/media\/23458"}],"wp:attachment":[{"href":"https:\/\/yebodaglass.com\/es\/wp-json\/wp\/v2\/media?parent=23424"}],"wp:term":[{"taxonomy":"product_brand","embeddable":true,"href":"https:\/\/yebodaglass.com\/es\/wp-json\/wp\/v2\/product_brand?post=23424"},{"taxonomy":"product_cat","embeddable":true,"href":"https:\/\/yebodaglass.com\/es\/wp-json\/wp\/v2\/product_cat?post=23424"},{"taxonomy":"product_tag","embeddable":true,"href":"https:\/\/yebodaglass.com\/es\/wp-json\/wp\/v2\/product_tag?post=23424"}],"curies":[{"name":"wp","href":"https:\/\/api.w.org\/{rel}","templated":true}]}}