{"id":23403,"date":"2025-11-07T16:21:21","date_gmt":"2025-11-07T08:21:21","guid":{"rendered":"https:\/\/yebodaglass.com\/?post_type=product&#038;p=23403"},"modified":"2025-11-07T17:21:01","modified_gmt":"2025-11-07T09:21:01","slug":"wholesale-clear-empty-bottles-for-hot-sauce-100ml-500ml","status":"publish","type":"product","link":"https:\/\/yebodaglass.com\/es\/wholesale-clear-empty-bottles-for-hot-sauce-100ml-500ml\/","title":{"rendered":"Botellas vac\u00edas transparentes al por mayor para salsa picante de 100 ml a 500 ml"},"content":{"rendered":"<p>Estas botellas vac\u00edas para salsa picante vienen en un envase de vidrio transparente, lo que permite ver bien la salsa. Tienen un dise\u00f1o elegante y c\u00f3nico, y est\u00e1n disponibles en diferentes tama\u00f1os.<\/p>\n<h2>Caracter\u00edsticas del producto<\/h2>\n<ul>\n<li><strong>Material de vidrio transparente:<\/strong> El recipiente est\u00e1 hecho de vidrio transparente, por lo que el color y la cantidad de salsa de chile que queda en el frasco se pueden reconocer visualmente con facilidad, lo que facilita su identificaci\u00f3n y comprobaci\u00f3n.<\/li>\n<li><strong>Dise\u00f1o de botella con cintura:<\/strong> La botella est\u00e1 dise\u00f1ada con una cintura y tiene l\u00edneas suaves y \u00fanicas que no solo embellecen el producto, sino que tambi\u00e9n lo hacen f\u00e1cilmente reconocible.<\/li>\n<li><strong>Diferentes tama\u00f1os disponibles:<\/strong> Est\u00e1 disponible en diferentes tama\u00f1os para satisfacer diferentes necesidades de volumen y es ideal para uso familiar regular, catering y otras situaciones similares.<\/li>\n<\/ul>\n<h2 style=\"text-align: left;\">Especificaciones clave<\/h2>\n<table class=\"aligncenter\" style=\"border-collapse: collapse; width: 647.27pt;\" border=\"0\" width=\"863\" cellspacing=\"0\" cellpadding=\"0\">\n<tbody>\n<tr style=\"height: 13.50pt;\">\n<td style=\"height: 13.50pt; width: 127.50pt;\" width=\"170\" height=\"18\">Caracter\u00edstica<\/td>\n<td style=\"width: 519.75pt;\" width=\"693\">Especificaci\u00f3n<\/td>\n<\/tr>\n<tr style=\"height: 13.50pt;\">\n<td style=\"height: 13.50pt;\" height=\"18\">Capacidades<\/td>\n<td>100 ml \/ 180 ml \/ 220 ml \/ 350 ml \/ 400 ml \/ 500 ml<\/td>\n<\/tr>\n<tr style=\"height: 13.50pt;\">\n<td style=\"height: 13.50pt;\" height=\"18\">Dimensiones (D\u00d7H)<\/td>\n<td>4,2\u00d716,8 cm \/ 5,2\u00d719,3 cm \/ 5\u00d721,3 cm \/ 6,5\u00d723,5 cm \/ 7,2\u00d724 cm \/ 7,3\u00d725 cm<\/td>\n<\/tr>\n<tr style=\"height: 13.50pt;\">\n<td style=\"height: 13.50pt;\" height=\"18\">Material<\/td>\n<td>Botella de vidrio transparente, resistente, apta para uso alimentario, sin plomo<\/td>\n<\/tr>\n<tr style=\"height: 13.50pt;\">\n<td style=\"height: 13.50pt;\" height=\"18\">Cierre incluido<\/td>\n<td>Botella para salsa con tap\u00f3n de rosca negro (tambi\u00e9n disponible en dorado, rojo y amarillo).<\/td>\n<\/tr>\n<tr style=\"height: 13.50pt;\">\n<td style=\"height: 13.50pt;\" height=\"18\">Uso ideal<\/td>\n<td>Botellas vac\u00edas para salsa picante, botellas de salsa picante a granel<\/td>\n<\/tr>\n<\/tbody>\n<\/table>\n<h2>Historia de \u00e9xito: Superar los problemas de la l\u00ednea de producci\u00f3n<\/h2>\n<p>La capacidad de envasado era limitada debido a las limitaciones del sistema de envasado de una empresa mediana de condimentos. Sus botellas rectas eran dif\u00edciles de manejar en la l\u00ednea de llenado, lo que ralentizaba la producci\u00f3n. Optaron por nuestras botellas curvas vac\u00edas de 350 ml para salsa picante, que ofrecen una superficie de agarre m\u00e1s adecuada para la maquinaria. De este modo, la velocidad de la l\u00ednea de llenado aument\u00f3 un 15 % y la tasa de ca\u00edda de botellas se redujo un 30 %. El mejor rendimiento del producto se convirti\u00f3 en el principal impulsor de las ventas, lo que llev\u00f3 al cliente a realizar tres grandes pedidos consecutivos. Adem\u00e1s, el cliente fue un paso m\u00e1s all\u00e1 y diversific\u00f3 su inventario a\u00f1adiendo 500 ml m\u00e1s de su sabor m\u00e1s vendido.<\/p>\n<h2>Sugerencias para personalizar botellas de salsa picante<\/h2>\n<ul>\n<li><strong>Profundidad de curva personalizada:<\/strong> Modifica la profundidad de la ranura de la cintura para conseguir un agarre m\u00e1s o menos definido.<\/li>\n<li><strong>Marcas de volumen en relieve:<\/strong> Realiza marcas de volumen en relieve y col\u00f3calas en el hombro de la botella.<\/li>\n<li><strong>Marca impresa mediante serigraf\u00eda:<\/strong> Imprime el logotipo directamente sobre la superficie de vidrio curvado.<\/li>\n<li><strong>Opciones de vitrales:<\/strong> Se puede utilizar vidrio \u00e1mbar o azul cobalto si el producto es fotosensible.<\/li>\n<\/ul>","protected":false},"excerpt":{"rendered":"<p>Elegantes botellas vac\u00edas para salsa picante con tapones dorados, rojos y amarillos. Dise\u00f1os de alta calidad, ideales para promocionar tu marca. \u00a1Precio de f\u00e1brica y env\u00edo r\u00e1pido!<\/p>","protected":false},"featured_media":23412,"template":"","meta":[],"product_brand":[],"product_cat":[122,123,129],"product_tag":[],"class_list":{"0":"post-23403","1":"product","2":"type-product","3":"status-publish","4":"has-post-thumbnail","6":"product_cat-custom-glass-packaging","7":"product_cat-custom-glass-bottles","8":"product_cat-hot-sauce-bottles","10":"first","11":"instock","12":"shipping-taxable","13":"product-type-simple"},"jetpack_sharing_enabled":true,"_links":{"self":[{"href":"https:\/\/yebodaglass.com\/es\/wp-json\/wp\/v2\/product\/23403","targetHints":{"allow":["GET"]}}],"collection":[{"href":"https:\/\/yebodaglass.com\/es\/wp-json\/wp\/v2\/product"}],"about":[{"href":"https:\/\/yebodaglass.com\/es\/wp-json\/wp\/v2\/types\/product"}],"version-history":[{"count":4,"href":"https:\/\/yebodaglass.com\/es\/wp-json\/wp\/v2\/product\/23403\/revisions"}],"predecessor-version":[{"id":23420,"href":"https:\/\/yebodaglass.com\/es\/wp-json\/wp\/v2\/product\/23403\/revisions\/23420"}],"wp:featuredmedia":[{"embeddable":true,"href":"https:\/\/yebodaglass.com\/es\/wp-json\/wp\/v2\/media\/23412"}],"wp:attachment":[{"href":"https:\/\/yebodaglass.com\/es\/wp-json\/wp\/v2\/media?parent=23403"}],"wp:term":[{"taxonomy":"product_brand","embeddable":true,"href":"https:\/\/yebodaglass.com\/es\/wp-json\/wp\/v2\/product_brand?post=23403"},{"taxonomy":"product_cat","embeddable":true,"href":"https:\/\/yebodaglass.com\/es\/wp-json\/wp\/v2\/product_cat?post=23403"},{"taxonomy":"product_tag","embeddable":true,"href":"https:\/\/yebodaglass.com\/es\/wp-json\/wp\/v2\/product_tag?post=23403"}],"curies":[{"name":"wp","href":"https:\/\/api.w.org\/{rel}","templated":true}]}}