{"id":23399,"date":"2025-11-13T11:14:54","date_gmt":"2025-11-13T03:14:54","guid":{"rendered":"https:\/\/yebodaglass.com\/?post_type=product&#038;p=23399"},"modified":"2026-03-17T11:49:22","modified_gmt":"2026-03-17T03:49:22","slug":"clear-square-herb-jars-with-metal-lids-bulk","status":"publish","type":"product","link":"https:\/\/yebodaglass.com\/es\/clear-square-herb-jars-with-metal-lids-bulk\/","title":{"rendered":"Frascos cuadrados transparentes de 118 ml (4 oz) para hierbas con tapas met\u00e1licas (venta al por mayor)"},"content":{"rendered":"<p>Estos frascos vac\u00edos para hierbas tienen una cl\u00e1sica forma cuadrada y est\u00e1n fabricados en vidrio ultratransparente, lo que los hace ideales para exhibir tus coloridas hierbas y especias. La tapa lisa de acero inoxidable permite un dosificador preciso.<\/p>\n<h2>Caracter\u00edsticas del producto<\/h2>\n<ul>\n<li><strong>Dise\u00f1o cuadrado transparente:<\/strong> La base c\u00fabica cuadrada es de vidrio simple, lo que proporciona al cubo una base firme y, al mismo tiempo, permite ver f\u00e1cilmente su contenido y ahorra espacio.<\/li>\n<li><strong>Tapa abatible de una sola pieza:<\/strong> La tapa met\u00e1lica plateada est\u00e1 dise\u00f1ada con numerosos orificios diminutos que permiten un control total de la dosificaci\u00f3n de especias y hierbas, evitando derrames.<\/li>\n<li><strong>F\u00e1cil de transportar:<\/strong> Gracias al dise\u00f1o cuadrado de sus laterales y a que son planos, los tarros se pueden apilar en estantes y cajones de forma compacta.<\/li>\n<\/ul>\n<h2>Especificaciones clave<\/h2>\n<table style=\"border-collapse: collapse; width: 80%; margin-left: auto; margin-right: auto;\" border=\"0\" width=\"360\" cellspacing=\"0\" cellpadding=\"0\">\n<tbody>\n<tr style=\"height: 13.50pt;\">\n<td style=\"height: 13.5pt; width: 54pt; text-align: center;\" width=\"72\" height=\"18\">Capacidad<\/td>\n<td style=\"width: 54pt; text-align: center;\" width=\"72\">Tama\u00f1o (cm)<\/td>\n<td style=\"width: 54pt; text-align: center;\" width=\"72\">Forma<\/td>\n<td style=\"width: 54pt; text-align: center;\" width=\"72\">Opciones de color<\/td>\n<td style=\"width: 54pt; text-align: center;\" width=\"72\">Tipo de tapa<\/td>\n<\/tr>\n<tr style=\"height: 13.50pt;\">\n<td style=\"height: 13.5pt; text-align: center;\" height=\"18\">120 ml\/4 oz<\/td>\n<td style=\"text-align: center;\">4 x 9<\/td>\n<td style=\"text-align: center;\">Cuadrado<\/td>\n<td style=\"text-align: center;\">Claro, personalizado<\/td>\n<td style=\"text-align: center;\">Acero inoxidable<\/td>\n<\/tr>\n<\/tbody>\n<\/table>\n<h2>Caso de \u00e9xito: Una soluci\u00f3n estandarizada para una empresa de suministros para catering del Medio Oeste.<\/h2>\n<p>Una empresa de suministros para catering del Medio Oeste eligi\u00f3 nuestros frascos cuadrados transparentes para hierbas, con marcas de graduaci\u00f3n impresas en un lateral. Los frascos de vidrio se dise\u00f1aron para ser transparentes, lo que permit\u00eda al personal de cocina ver f\u00e1cilmente la cantidad de existencias y, por lo tanto, reducir a la mitad la falta de existencias. Estos frascos para especias soportaron m\u00e1s de 500 lavados en lavavajillas industriales. Gracias a su \u00e9xito, la empresa de suministros para catering realiz\u00f3 un pedido adicional de 750\u00a0000 frascos de especias para abastecer a su cadena de restaurantes en todo el pa\u00eds.<\/p>\n<h2>Las botellas de especias vac\u00edas se pueden personalizar.<\/h2>\n<ol>\n<li><strong>Personalizaci\u00f3n del logotipo:<\/strong>Se pueden imprimir o grabar logotipos en el cuerpo o la tapa de la botella para enfatizar el reconocimiento de la marca.<\/li>\n<li><strong>Etiquetado y embalaje:<\/strong>Creaci\u00f3n de etiquetas personalizadas, envoltorios retr\u00e1ctiles o cajas de regalo para lograr una imagen de venta al p\u00fablico coherente.<\/li>\n<li><strong>Insertos para agitador:<\/strong>Presentamos tapas opcionales con dosificador o tamiz para diversos usos de polvo o gr\u00e1nulos.<\/li>\n<\/ol>","protected":false},"excerpt":{"rendered":"<p>Frascos de hierbas de primera calidad con cuerpo de vidrio cuadrado y tapa perforada con dosificador. Elegantes frascos vac\u00edos para especias, ideales para la cocina. Disponibles para entrega inmediata.<\/p>","protected":false},"featured_media":23400,"template":"","meta":[],"product_brand":[],"product_cat":[122,124,128],"product_tag":[],"class_list":{"0":"post-23399","1":"product","2":"type-product","3":"status-publish","4":"has-post-thumbnail","6":"product_cat-custom-glass-packaging","7":"product_cat-custom-glass-jars","8":"product_cat-spice-jars","10":"first","11":"instock","12":"shipping-taxable","13":"product-type-simple"},"jetpack_sharing_enabled":true,"_links":{"self":[{"href":"https:\/\/yebodaglass.com\/es\/wp-json\/wp\/v2\/product\/23399","targetHints":{"allow":["GET"]}}],"collection":[{"href":"https:\/\/yebodaglass.com\/es\/wp-json\/wp\/v2\/product"}],"about":[{"href":"https:\/\/yebodaglass.com\/es\/wp-json\/wp\/v2\/types\/product"}],"version-history":[{"count":5,"href":"https:\/\/yebodaglass.com\/es\/wp-json\/wp\/v2\/product\/23399\/revisions"}],"predecessor-version":[{"id":25466,"href":"https:\/\/yebodaglass.com\/es\/wp-json\/wp\/v2\/product\/23399\/revisions\/25466"}],"wp:featuredmedia":[{"embeddable":true,"href":"https:\/\/yebodaglass.com\/es\/wp-json\/wp\/v2\/media\/23400"}],"wp:attachment":[{"href":"https:\/\/yebodaglass.com\/es\/wp-json\/wp\/v2\/media?parent=23399"}],"wp:term":[{"taxonomy":"product_brand","embeddable":true,"href":"https:\/\/yebodaglass.com\/es\/wp-json\/wp\/v2\/product_brand?post=23399"},{"taxonomy":"product_cat","embeddable":true,"href":"https:\/\/yebodaglass.com\/es\/wp-json\/wp\/v2\/product_cat?post=23399"},{"taxonomy":"product_tag","embeddable":true,"href":"https:\/\/yebodaglass.com\/es\/wp-json\/wp\/v2\/product_tag?post=23399"}],"curies":[{"name":"wp","href":"https:\/\/api.w.org\/{rel}","templated":true}]}}