{"id":23384,"date":"2025-11-07T17:11:18","date_gmt":"2025-11-07T09:11:18","guid":{"rendered":"https:\/\/yebodaglass.com\/?post_type=product&#038;p=23384"},"modified":"2026-03-19T10:59:11","modified_gmt":"2026-03-19T02:59:11","slug":"empty-mini-spice-jars-with-shaker-lid-wholesale","status":"publish","type":"product","link":"https:\/\/yebodaglass.com\/es\/producto\/empty-mini-spice-jars-with-shaker-lid-wholesale\/","title":{"rendered":"Mini tarros de especias vac\u00edos de 10 ml y 15 ml con tapa dosificadora (venta al por mayor)"},"content":{"rendered":"<p>Estos mini botes para especias tienen una elegante forma cuadrada y c\u00f3nica, y est\u00e1n hechos de vidrio transparente con tapas met\u00e1licas plateadas abatibles. Su peque\u00f1o tama\u00f1o los hace ideales para la encimera de la cocina, picnics o cocinas peque\u00f1as.<\/p>\n<h2>Caracter\u00edsticas del producto<\/h2>\n<ul>\n<li><strong>Cristal transparente: <\/strong>Nuestros mini frascos de especias est\u00e1n hechos de vidrio duradero, sin plomo ni BPA, y son aptos para lavavajillas, por lo que son f\u00e1ciles de limpiar y se pueden usar a diario sin preocupaciones de seguridad.<\/li>\n<li><strong>Exquisitos tama\u00f1os redondos y cuadrados: <\/strong>El dise\u00f1o compacto, cuadrado y redondo de nuestros mini frascos de especias los convierte no solo en los recipientes perfectos para guardar az\u00facar, sal y pimienta en cualquier estante de la cocina, sino que tambi\u00e9n resultan visualmente atractivos.<\/li>\n<li><strong>Tapa de rosca met\u00e1lica perforada Llid:<\/strong> Cuenta con una tapa de rosca met\u00e1lica perforada con una distribuci\u00f3n uniforme de las perforaciones para garantizar un control adecuado de la dosificaci\u00f3n de la especia.<\/li>\n<\/ul>\n<h2>Especificaciones clave<\/h2>\n<table style=\"border-collapse: collapse; width: 80%; margin-left: auto; margin-right: auto;\" border=\"0\" width=\"603\" cellspacing=\"0\" cellpadding=\"0\">\n<tbody>\n<tr style=\"height: 13.50pt;\">\n<td style=\"height: 13.5pt; width: 54pt; text-align: center;\" width=\"72\" height=\"18\">Capacidad<\/td>\n<td style=\"width: 182.25pt; text-align: center;\" width=\"243\">Forma<\/td>\n<td style=\"width: 54pt; text-align: center;\" width=\"72\">Tama\u00f1o (cm)<\/td>\n<td style=\"width: 54pt; text-align: center;\" width=\"72\">Opciones de color<\/td>\n<td style=\"width: 54pt; text-align: center;\" width=\"72\">Tipo de tapa<\/td>\n<td style=\"width: 54pt; text-align: center;\" width=\"72\">Uso<\/td>\n<\/tr>\n<tr style=\"height: 13.50pt;\">\n<td style=\"height: 13.5pt; text-align: center;\" height=\"18\">10 ml<\/td>\n<td class=\"et2\" style=\"text-align: center;\" rowspan=\"2\">Redondo, cuadrado<\/td>\n<td style=\"text-align: center;\">2,9 x 4,1<\/td>\n<td class=\"et2\" style=\"text-align: center;\" rowspan=\"2\">Borrar, Aceptar personalizaci\u00f3n<\/td>\n<td class=\"et2\" style=\"text-align: center;\" rowspan=\"2\">Acero inoxidable<\/td>\n<td class=\"et2\" style=\"text-align: center;\" rowspan=\"2\">Empaqueta el polvo de pimienta, el chile en polvo, el caldo de pollo, la sal, etc.<\/td>\n<\/tr>\n<tr style=\"height: 13.50pt;\">\n<td style=\"height: 13.5pt; text-align: center;\" height=\"18\">15 ml<\/td>\n<td style=\"text-align: center;\">3,1 x 4,6<\/td>\n<\/tr>\n<\/tbody>\n<\/table>\n<h2>Historia de \u00e9xito: Un \u00e9xito de ventas de una cadena minorista japonesa.<\/h2>\n<p>Uno de los minoristas japoneses eligi\u00f3 nuestros juegos de mini tarros para especias en dos formas diferentes y los personaliz\u00f3 con un ligero acabado mate. El atractivo dise\u00f1o del juego le permiti\u00f3 alcanzar una tasa de ventas del 60 % durante el primer mes de su lanzamiento al mercado, y las quejas de los clientes sobre las tapas obstruidas se redujeron en un 55 %. El minorista qued\u00f3 tan satisfecho con el producto que realiz\u00f3 un pedido adicional de 300 000 juegos para sus tiendas en todo el pa\u00eds y su nuevo negocio de art\u00edculos para el hogar en l\u00ednea.<\/p>\n<h2>Tu manual de personalizaci\u00f3n<\/h2>\n<ol>\n<li><strong>Grabado y logotipo personalizados:<\/strong> El grabado l\u00e1ser de los logotipos de la marca o los nombres de las especias en las tapas de acero inoxidable de las botellas otorga a cada botella un aspecto \u00fanico que ayuda a que el reconocimiento y la identidad de la marca destaquen.<\/li>\n<li><strong>Diferentes orificios para la dosificaci\u00f3n:<\/strong> Al modificar el tama\u00f1o y el n\u00famero de orificios de dosificaci\u00f3n para diferentes especias (polvo, gr\u00e1nulos, hierbas), se puede asegurar que la dispensaci\u00f3n ser\u00e1 fluida y sin obstrucciones.<\/li>\n<li><strong>Decoraci\u00f3n de recipientes:<\/strong> Adem\u00e1s de la personalizaci\u00f3n con logotipos de marca o la impresi\u00f3n de etiquetas de especias mediante serigraf\u00eda o estampado en caliente, las piezas de vidrio resultan m\u00e1s atractivas para los clientes en las ventas minoristas.<\/li>\n<\/ol>","protected":false},"excerpt":{"rendered":"<p>Mini tarros de especias vers\u00e1tiles, de tama\u00f1o compacto y con tapa dosificadora. Pr\u00e1ctico juego de recipientes para sal, pimienta y hierbas. Descuentos al por mayor disponibles.<\/p>","protected":false},"featured_media":23388,"template":"","meta":[],"product_brand":[],"product_cat":[122,124,128],"product_tag":[],"class_list":{"0":"post-23384","1":"product","2":"type-product","3":"status-publish","4":"has-post-thumbnail","6":"product_cat-custom-glass-packaging","7":"product_cat-custom-glass-jars","8":"product_cat-spice-jars","10":"first","11":"instock","12":"shipping-taxable","13":"product-type-simple"},"jetpack_sharing_enabled":true,"_links":{"self":[{"href":"https:\/\/yebodaglass.com\/es\/wp-json\/wp\/v2\/product\/23384","targetHints":{"allow":["GET"]}}],"collection":[{"href":"https:\/\/yebodaglass.com\/es\/wp-json\/wp\/v2\/product"}],"about":[{"href":"https:\/\/yebodaglass.com\/es\/wp-json\/wp\/v2\/types\/product"}],"version-history":[{"count":5,"href":"https:\/\/yebodaglass.com\/es\/wp-json\/wp\/v2\/product\/23384\/revisions"}],"predecessor-version":[{"id":25512,"href":"https:\/\/yebodaglass.com\/es\/wp-json\/wp\/v2\/product\/23384\/revisions\/25512"}],"wp:featuredmedia":[{"embeddable":true,"href":"https:\/\/yebodaglass.com\/es\/wp-json\/wp\/v2\/media\/23388"}],"wp:attachment":[{"href":"https:\/\/yebodaglass.com\/es\/wp-json\/wp\/v2\/media?parent=23384"}],"wp:term":[{"taxonomy":"product_brand","embeddable":true,"href":"https:\/\/yebodaglass.com\/es\/wp-json\/wp\/v2\/product_brand?post=23384"},{"taxonomy":"product_cat","embeddable":true,"href":"https:\/\/yebodaglass.com\/es\/wp-json\/wp\/v2\/product_cat?post=23384"},{"taxonomy":"product_tag","embeddable":true,"href":"https:\/\/yebodaglass.com\/es\/wp-json\/wp\/v2\/product_tag?post=23384"}],"curies":[{"name":"wp","href":"https:\/\/api.w.org\/{rel}","templated":true}]}}