{"id":23381,"date":"2025-11-07T14:43:19","date_gmt":"2025-11-07T06:43:19","guid":{"rendered":"https:\/\/yebodaglass.com\/?post_type=product&#038;p=23381"},"modified":"2025-11-07T17:15:14","modified_gmt":"2025-11-07T09:15:14","slug":"wholesale-clear-glass-condiment-bottles-for-sauces-150ml-500ml","status":"publish","type":"product","link":"https:\/\/yebodaglass.com\/es\/wholesale-clear-glass-condiment-bottles-for-sauces-150ml-500ml\/","title":{"rendered":"Botellas de vidrio transparente para condimentos y salsas al por mayor, de 150 ml a 500 ml."},"content":{"rendered":"<p>Estas botellas de vidrio para condimentos son incre\u00edblemente transparentes, ya que est\u00e1n hechas de vidrio claro, y visualmente son excelentes. Los envases son preciosos porque los fabricantes han creado botellas c\u00f3nicas y otras texturizadas que permiten apreciar a la perfecci\u00f3n el color de la salsa en su interior.<\/p>\n<h2>Caracter\u00edsticas del producto<\/h2>\n<ul>\n<li><strong>Diversos dise\u00f1os de botellas:<\/strong> Una combinaci\u00f3n de formas de botellas, como botellas c\u00f3nicas y texturizadas, con contornos elegantes, realza el atractivo visual del producto y el reconocimiento de la marca.<\/li>\n<li><strong>Se admiten varios tama\u00f1os:<\/strong> Disponible en varios tama\u00f1os, permite satisfacer diversas necesidades de capacidad, por lo que resulta adecuado para el uso diario familiar y para el racionamiento de comidas.<\/li>\n<li><strong>Duradero y resistente:<\/strong> Las gruesas paredes de vidrio, generosamente, han sido dise\u00f1adas para sujetar firmemente las botellas contra la presi\u00f3n de la l\u00ednea de llenado y soportar los desaf\u00edos del transporte.<\/li>\n<\/ul>\n<h2 style=\"text-align: left;\">Especificaciones clave<\/h2>\n<table class=\"aligncenter\" style=\"border-collapse: collapse; width: 580.52pt;\" border=\"0\" width=\"774\" cellspacing=\"0\" cellpadding=\"0\">\n<tbody>\n<tr style=\"height: 13.50pt;\">\n<td style=\"height: 13.50pt; width: 127.50pt;\" width=\"170\" height=\"18\">Caracter\u00edstica<\/td>\n<td style=\"width: 453.00pt;\" width=\"604\">Especificaci\u00f3n<\/td>\n<\/tr>\n<tr style=\"height: 13.50pt;\">\n<td style=\"height: 13.50pt;\" height=\"18\">Capacidades<\/td>\n<td>150 ml \/ 200 ml \/ 250 ml \/ 300 ml \/ 400 ml \/ 500 ml<\/td>\n<\/tr>\n<tr style=\"height: 13.50pt;\">\n<td style=\"height: 13.50pt;\" height=\"18\">Dimensiones (D\u00d7H)<\/td>\n<td>5,5\u00d717,5 cm \/ 6\u00d718,5 cm \/ 6\u00d722 cm \/ 7\u00d722,5 cm \/ 7\u00d724 cm \/ 7,5\u00d726 cm<\/td>\n<\/tr>\n<tr style=\"height: 13.50pt;\">\n<td style=\"height: 13.50pt;\" height=\"18\">Material<\/td>\n<td>Botella de vidrio transparente, resistente, apta para uso alimentario, sin plomo<\/td>\n<\/tr>\n<tr style=\"height: 13.50pt;\">\n<td style=\"height: 13.50pt;\" height=\"18\">Cierre incluido<\/td>\n<td>Botella para salsa con tap\u00f3n de rosca negro (otros colores disponibles)<\/td>\n<\/tr>\n<tr style=\"height: 13.50pt;\">\n<td style=\"height: 13.50pt;\" height=\"18\">Mejor para<\/td>\n<td>Salsa picante, salsa de tomate, aderezo, salsa de ostras<\/td>\n<\/tr>\n<\/tbody>\n<\/table>\n<h2>Simplificando una l\u00ednea de productos diversa: La historia de \u00e9xito de un fabricante de alimentos especializados<\/h2>\n<p>Una marca de alimentos gourmet utilizaba distintos tipos de botellas para sus 12 sabores, lo que les ocasionaba problemas en la gesti\u00f3n de inventario y etiquetado. Unificaron todas sus l\u00edneas de productos en las botellas de vidrio para condimentos de 250 ml y 500 ml que les suministramos. Gracias a esta estandarizaci\u00f3n, lograron reducir su inventario de envases en un 40 % y agilizar la gesti\u00f3n de etiquetas en un 25 %. El dise\u00f1o consolidado del envase no solo mejor\u00f3 su imagen de marca, sino que, adem\u00e1s, sus ventas aumentaron un 35 % durante el primer a\u00f1o. Quedaron muy satisfechos con los resultados y ahora realizan pedidos trimestrales de m\u00e1s de 300\u00a0000 unidades.<\/p>\n<h2>Ideas para personalizar botellas de vidrio para condimentos<\/h2>\n<ul>\n<li><strong>Perfil de botella personalizado:<\/strong> Modifica la cintura o la curva del hombro de la botella para crear un contorno distintivo.<\/li>\n<li><strong>Patrones de vidrio texturizado:<\/strong> Implemente un dise\u00f1o delicado (por ejemplo, l\u00edneas verticales o formas geom\u00e9tricas) en la faceta del vidrio.<\/li>\n<li><strong>Marcadores de volumen impresos:<\/strong> Para facilitar el registro de recetas y medidas de condimentos, coloque marcas de volumen impresas en el vaso.<\/li>\n<li><strong>Alternativas al vidrio de color:<\/strong> Adem\u00e1s de la protecci\u00f3n contra la luz, utilice vidrio \u00e1mbar o verde para lograr un efecto visual \u00fanico.<\/li>\n<\/ul>","protected":false},"excerpt":{"rendered":"<p>Botellas de vidrio transparente para condimentos, con elegantes curvas y detalles texturizados. Botellas al por mayor para salsas, ideales para la presentaci\u00f3n de productos y la imagen de marca. Muestras gratuitas.<\/p>","protected":false},"featured_media":23394,"template":"","meta":[],"product_brand":[],"product_cat":[122,123,129],"product_tag":[],"class_list":{"0":"post-23381","1":"product","2":"type-product","3":"status-publish","4":"has-post-thumbnail","6":"product_cat-custom-glass-packaging","7":"product_cat-custom-glass-bottles","8":"product_cat-hot-sauce-bottles","10":"first","11":"instock","12":"shipping-taxable","13":"product-type-simple"},"jetpack_sharing_enabled":true,"_links":{"self":[{"href":"https:\/\/yebodaglass.com\/es\/wp-json\/wp\/v2\/product\/23381","targetHints":{"allow":["GET"]}}],"collection":[{"href":"https:\/\/yebodaglass.com\/es\/wp-json\/wp\/v2\/product"}],"about":[{"href":"https:\/\/yebodaglass.com\/es\/wp-json\/wp\/v2\/types\/product"}],"version-history":[{"count":5,"href":"https:\/\/yebodaglass.com\/es\/wp-json\/wp\/v2\/product\/23381\/revisions"}],"predecessor-version":[{"id":23402,"href":"https:\/\/yebodaglass.com\/es\/wp-json\/wp\/v2\/product\/23381\/revisions\/23402"}],"wp:featuredmedia":[{"embeddable":true,"href":"https:\/\/yebodaglass.com\/es\/wp-json\/wp\/v2\/media\/23394"}],"wp:attachment":[{"href":"https:\/\/yebodaglass.com\/es\/wp-json\/wp\/v2\/media?parent=23381"}],"wp:term":[{"taxonomy":"product_brand","embeddable":true,"href":"https:\/\/yebodaglass.com\/es\/wp-json\/wp\/v2\/product_brand?post=23381"},{"taxonomy":"product_cat","embeddable":true,"href":"https:\/\/yebodaglass.com\/es\/wp-json\/wp\/v2\/product_cat?post=23381"},{"taxonomy":"product_tag","embeddable":true,"href":"https:\/\/yebodaglass.com\/es\/wp-json\/wp\/v2\/product_tag?post=23381"}],"curies":[{"name":"wp","href":"https:\/\/api.w.org\/{rel}","templated":true}]}}