{"id":23372,"date":"2025-11-07T14:30:40","date_gmt":"2025-11-07T06:30:40","guid":{"rendered":"https:\/\/yebodaglass.com\/?post_type=product&#038;p=23372"},"modified":"2026-03-18T09:57:57","modified_gmt":"2026-03-18T01:57:57","slug":"pumpkin-shape-cute-spice-jars-with-wooden-lid-bulk","status":"publish","type":"product","link":"https:\/\/yebodaglass.com\/es\/pumpkin-shape-cute-spice-jars-with-wooden-lid-bulk\/","title":{"rendered":"Tarros de especias con forma de calabaza de 250 ml con tapa de madera (venta al por mayor)"},"content":{"rendered":"<p>Estos adorables frascos para especias tienen una encantadora forma de calabaza con rayas verticales. Son de vidrio transparente y son perfectos para exhibir tus condimentos. Las tapas est\u00e1n hechas de madera natural e incluyen un soporte para cuchara y un pomo de madera a juego.<\/p>\n<h2>Caracter\u00edsticas del producto<\/h2>\n<ul>\n<li><strong>Cuerpo con forma de calabaza:<\/strong> El dise\u00f1o de botella m\u00e1s bonito y original es el de forma de calabaza a rayas, que mejora tanto la apariencia como la sujeci\u00f3n.<\/li>\n<li><strong>Cuchara medidora integrada:<\/strong> Los tarros tienen su propia cuchara blanca en la tapa de madera, por lo que son higi\u00e9nicos y c\u00f3modos de usar.<\/li>\n<li><strong>Tama\u00f1o vers\u00e1til para cocinas y comedores: <\/strong>Este tarro de 250 ml tiene el tama\u00f1o perfecto para especias o peque\u00f1os productos secos. Su elegante dise\u00f1o queda perfecto en cualquier cocina o comedor.<\/li>\n<\/ul>\n<h2>Especificaciones clave<\/h2>\n<table style=\"border-collapse: collapse; width: 80%; margin-left: auto; margin-right: auto;\" border=\"0\" width=\"144\" cellspacing=\"0\" cellpadding=\"0\">\n<tbody>\n<tr style=\"height: 13.50pt;\">\n<td style=\"height: 13.5pt; width: 54pt; text-align: center;\" width=\"72\" height=\"18\">Caracter\u00edstica<\/td>\n<td style=\"width: 54pt; text-align: center;\" width=\"72\">Especificaci\u00f3n<\/td>\n<\/tr>\n<tr style=\"height: 13.50pt;\">\n<td style=\"height: 13.5pt; text-align: center;\" height=\"18\">Capacidad<\/td>\n<td style=\"text-align: center;\">250 ml<\/td>\n<\/tr>\n<tr style=\"height: 13.50pt;\">\n<td style=\"height: 13.5pt; text-align: center;\" height=\"18\">Material<\/td>\n<td style=\"text-align: center;\">Vidrio blanco de alta calidad, vidrio resistente al calor<\/td>\n<\/tr>\n<tr style=\"height: 13.50pt;\">\n<td style=\"height: 13.5pt; text-align: center;\" height=\"18\">Color<\/td>\n<td style=\"text-align: center;\">Borrar, Aceptar personalizaci\u00f3n<\/td>\n<\/tr>\n<tr style=\"height: 13.50pt;\">\n<td style=\"height: 13.5pt; text-align: center;\" height=\"18\">Tipos de tapas<\/td>\n<td style=\"text-align: center;\">Tapa de bamb\u00fa \/ Tapa de vidrio \/ Tapa de corcho \/ Tapa de pl\u00e1stico PE<\/td>\n<\/tr>\n<tr style=\"height: 13.50pt;\">\n<td style=\"height: 13.5pt; text-align: center;\" height=\"18\">Tratamiento de superficie<\/td>\n<td style=\"text-align: center;\">Serigraf\u00eda\/Esmerilado\/Calcoman\u00eda\/Pintura en aerosol\/Etiqueta, etc.<\/td>\n<\/tr>\n<\/tbody>\n<\/table>\n<h2>Caso de \u00e9xito: Pedido personalizado con una de las tiendas de comestibles del Medio Oeste.<\/h2>\n<p>Nuestros adorables frascos para especias fueron adquiridos por una cadena de supermercados del Medio Oeste, que los personaliz\u00f3 con vidrio \u00e1mbar ligeramente esmerilado y una tapa de arce con un patr\u00f3n de hojas cortado con l\u00e1ser. Los frascos fueron un \u00e9xito rotundo: el dise\u00f1o especial y sofisticado del empaque de regalo hizo que sus clientes los compartieran en redes sociales un 300% m\u00e1s. Esto se debi\u00f3 a la cuchara incorporada, un punto de venta clave, ya que las encuestas a clientes indicaron que el 90% la consideraba muy pr\u00e1ctica. Gracias a este \u00e9xito, encargaron 400.000 frascos m\u00e1s para su set de regalo &#034;Farmhouse Kitchen&#034; y su propia l\u00ednea de ingredientes para reposter\u00eda.<\/p>\n<h2>Manual de personalizaci\u00f3n de recipientes para almacenar condimentos<\/h2>\n<ol>\n<li><strong>Mejor dise\u00f1o de vidrio:<\/strong> Seleccione una textura ondulada, una l\u00ednea recta o un acabado esmerilado para lograr una profundidad visual original y un agarre seguro.<\/li>\n<li><strong>Cucharas y accesorios mejorados:<\/strong> Puedes elegir cucharas de bamb\u00fa, vidrio o acero inoxidable, y adem\u00e1s, puedes adquirir las bases de almacenamiento a juego para realzar a\u00fan m\u00e1s la belleza del conjunto.<\/li>\n<li><strong>Color y capacidad a su elecci\u00f3n:<\/strong> Se ofrecen colores de vidrio como transparente, \u00e1mbar o rosa, as\u00ed como capacidades que van desde 100 ml hasta 300 ml, lo que permite almacenar frascos de condimentos de diferentes tama\u00f1os.<\/li>\n<\/ol>","protected":false},"excerpt":{"rendered":"<p>Adorables tarros de especias con forma de calabaza y tapas de madera. Pr\u00e1cticos recipientes para guardar condimentos con cuchara para sal, az\u00facar y especias. Muestras gratis.<\/p>","protected":false},"featured_media":23373,"template":"","meta":[],"product_brand":[],"product_cat":[122,124,128],"product_tag":[],"class_list":{"0":"post-23372","1":"product","2":"type-product","3":"status-publish","4":"has-post-thumbnail","6":"product_cat-custom-glass-packaging","7":"product_cat-custom-glass-jars","8":"product_cat-spice-jars","10":"first","11":"instock","12":"shipping-taxable","13":"product-type-simple"},"jetpack_sharing_enabled":true,"_links":{"self":[{"href":"https:\/\/yebodaglass.com\/es\/wp-json\/wp\/v2\/product\/23372","targetHints":{"allow":["GET"]}}],"collection":[{"href":"https:\/\/yebodaglass.com\/es\/wp-json\/wp\/v2\/product"}],"about":[{"href":"https:\/\/yebodaglass.com\/es\/wp-json\/wp\/v2\/types\/product"}],"version-history":[{"count":5,"href":"https:\/\/yebodaglass.com\/es\/wp-json\/wp\/v2\/product\/23372\/revisions"}],"predecessor-version":[{"id":25493,"href":"https:\/\/yebodaglass.com\/es\/wp-json\/wp\/v2\/product\/23372\/revisions\/25493"}],"wp:featuredmedia":[{"embeddable":true,"href":"https:\/\/yebodaglass.com\/es\/wp-json\/wp\/v2\/media\/23373"}],"wp:attachment":[{"href":"https:\/\/yebodaglass.com\/es\/wp-json\/wp\/v2\/media?parent=23372"}],"wp:term":[{"taxonomy":"product_brand","embeddable":true,"href":"https:\/\/yebodaglass.com\/es\/wp-json\/wp\/v2\/product_brand?post=23372"},{"taxonomy":"product_cat","embeddable":true,"href":"https:\/\/yebodaglass.com\/es\/wp-json\/wp\/v2\/product_cat?post=23372"},{"taxonomy":"product_tag","embeddable":true,"href":"https:\/\/yebodaglass.com\/es\/wp-json\/wp\/v2\/product_tag?post=23372"}],"curies":[{"name":"wp","href":"https:\/\/api.w.org\/{rel}","templated":true}]}}