{"id":23360,"date":"2025-11-07T13:39:54","date_gmt":"2025-11-07T05:39:54","guid":{"rendered":"https:\/\/yebodaglass.com\/?post_type=product&#038;p=23360"},"modified":"2026-03-16T15:54:12","modified_gmt":"2026-03-16T07:54:12","slug":"clear-glass-spice-shaker-jars-with-hourglass-bulk","status":"publish","type":"product","link":"https:\/\/yebodaglass.com\/es\/producto\/clear-glass-spice-shaker-jars-with-hourglass-bulk\/","title":{"rendered":"Frascos de vidrio transparente de 85 ml para especias con forma de reloj de arena (a granel)"},"content":{"rendered":"<p>Estos saleros y pimenteros son muy originales, con forma de reloj de arena y un dise\u00f1o c\u00f3nico que facilita su agarre, agitaci\u00f3n e incluso inclinaci\u00f3n. Vienen con tapas abatibles de colores o tapas met\u00e1licas para un f\u00e1cil acceso.<\/p>\n<h2>Caracter\u00edsticas del producto<\/h2>\n<ul>\n<li><strong>Dise\u00f1o ergon\u00f3mico en forma de reloj de arena:<\/strong> El reloj de arena c\u00f3nico le confiere una forma ahusada que proporciona un agarre c\u00f3modo y estable, permitiendo agitarlo y controlar f\u00e1cilmente el vertido.<\/li>\n<li><strong>Cristal de alta visibilidad:<\/strong> Gracias a la transparencia del vidrio, el contenido, el color y la cantidad del mismo se pueden apreciar de un vistazo.<\/li>\n<li><strong>Varias opciones de gorras:<\/strong> Seleccione tapas de pl\u00e1stico de colores brillantes y f\u00e1ciles de abrir, o tapas met\u00e1licas con cierre de rosca que garanticen un almacenamiento herm\u00e9tico.<\/li>\n<\/ul>\n<h2>Especificaciones clave<\/h2>\n<table style=\"border-collapse: collapse; width: 80%; margin-left: auto; margin-right: auto;\" border=\"0\" width=\"144\" cellspacing=\"0\" cellpadding=\"0\">\n<tbody>\n<tr style=\"height: 13.50pt;\">\n<td style=\"height: 13.5pt; width: 54pt; text-align: center;\" width=\"72\" height=\"18\">Caracter\u00edstica<\/td>\n<td style=\"width: 54pt; text-align: center;\" width=\"72\">Especificaci\u00f3n<\/td>\n<\/tr>\n<tr style=\"height: 13.50pt;\">\n<td style=\"height: 13.5pt; text-align: center;\" height=\"18\">Capacidad<\/td>\n<td style=\"text-align: center;\">85 ml<\/td>\n<\/tr>\n<tr style=\"height: 13.50pt;\">\n<td style=\"height: 13.5pt; text-align: center;\" height=\"18\">Tama\u00f1o<\/td>\n<td style=\"text-align: center;\">5 * 10 cm<\/td>\n<\/tr>\n<tr style=\"height: 13.50pt;\">\n<td style=\"height: 13.5pt; text-align: center;\" height=\"18\">Color<\/td>\n<td style=\"text-align: center;\">Borrar,Personalizado<\/td>\n<\/tr>\n<tr style=\"height: 13.50pt;\">\n<td style=\"height: 13.5pt; text-align: center;\" height=\"18\">Tapas<\/td>\n<td style=\"text-align: center;\">Tapa de rosca mariposa<\/td>\n<\/tr>\n<tr style=\"height: 13.50pt;\">\n<td style=\"height: 13.5pt; text-align: center;\" height=\"18\">Uso<\/td>\n<td style=\"text-align: center;\">Hierbas secas, especias, pimienta, adobos y m\u00e1s.<\/td>\n<\/tr>\n<\/tbody>\n<\/table>\n<h2>Caso de \u00e9xito: Un pedido personalizado a una empresa europea de reparto de comida.<\/h2>\n<p>Nuestro frasco para hierbas fue elegido por una importante empresa europea de reparto de comida a domicilio, que personaliz\u00f3 las marcas de medici\u00f3n en la botella. La transparencia del frasco y las marcas mejoraron la precisi\u00f3n de las recetas que segu\u00edan los clientes, quienes, seg\u00fan sus comentarios, quedaron encantados con el bonito frasco de vidrio y las marcas que garantizaban un mayor porcentaje de \u00e9xito en las recetas (un 15 % m\u00e1s). El pr\u00e1ctico sistema de tapa abatible redujo las quejas por derrames de especias en un 25 %. Gracias a estas excelentes caracter\u00edsticas, encargaron otro lote de 500 000 frascos para satisfacer la creciente demanda en el mercado norteamericano.<\/p>\n<h2>Recomendaciones de personalizaci\u00f3n para botes de especias<\/h2>\n<ul>\n<li>Marcas de graduaci\u00f3n impresas personalizadas: A\u00f1ada de forma permanente marcas de graduaci\u00f3n impresas o enrolladas (cucharadita, cucharada, gramo) al lateral del tarro para que puedan utilizarse con precisi\u00f3n en las recetas.<\/li>\n<li>Tapa dispensadora de doble orificio: Precaliente una tapa con dos orificios, una tapa agitadora con orificios peque\u00f1os (varios orificios peque\u00f1os); la otra con semillas o especias en hojuelas.<\/li>\n<li>Dise\u00f1o cuadrado o rectangular: Dise\u00f1e tarros para especias cuadrados o rectangulares que ahorren espacio para aprovechar el espacio disponible en los cajones y estantes.<\/li>\n<\/ul>","protected":false},"excerpt":{"rendered":"<p>Frascos transparentes para especias con forma ergon\u00f3mica para un agarre c\u00f3modo. Ideales para guardar especias y condimentos en la cocina. Disponibles para entrega inmediata.<\/p>","protected":false},"featured_media":23362,"template":"","meta":[],"product_brand":[],"product_cat":[122,124,128],"product_tag":[],"class_list":{"0":"post-23360","1":"product","2":"type-product","3":"status-publish","4":"has-post-thumbnail","6":"product_cat-custom-glass-packaging","7":"product_cat-custom-glass-jars","8":"product_cat-spice-jars","10":"first","11":"instock","12":"shipping-taxable","13":"product-type-simple"},"jetpack_sharing_enabled":true,"_links":{"self":[{"href":"https:\/\/yebodaglass.com\/es\/wp-json\/wp\/v2\/product\/23360","targetHints":{"allow":["GET"]}}],"collection":[{"href":"https:\/\/yebodaglass.com\/es\/wp-json\/wp\/v2\/product"}],"about":[{"href":"https:\/\/yebodaglass.com\/es\/wp-json\/wp\/v2\/types\/product"}],"version-history":[{"count":5,"href":"https:\/\/yebodaglass.com\/es\/wp-json\/wp\/v2\/product\/23360\/revisions"}],"predecessor-version":[{"id":25459,"href":"https:\/\/yebodaglass.com\/es\/wp-json\/wp\/v2\/product\/23360\/revisions\/25459"}],"wp:featuredmedia":[{"embeddable":true,"href":"https:\/\/yebodaglass.com\/es\/wp-json\/wp\/v2\/media\/23362"}],"wp:attachment":[{"href":"https:\/\/yebodaglass.com\/es\/wp-json\/wp\/v2\/media?parent=23360"}],"wp:term":[{"taxonomy":"product_brand","embeddable":true,"href":"https:\/\/yebodaglass.com\/es\/wp-json\/wp\/v2\/product_brand?post=23360"},{"taxonomy":"product_cat","embeddable":true,"href":"https:\/\/yebodaglass.com\/es\/wp-json\/wp\/v2\/product_cat?post=23360"},{"taxonomy":"product_tag","embeddable":true,"href":"https:\/\/yebodaglass.com\/es\/wp-json\/wp\/v2\/product_tag?post=23360"}],"curies":[{"name":"wp","href":"https:\/\/api.w.org\/{rel}","templated":true}]}}