{"id":23351,"date":"2025-11-07T11:52:40","date_gmt":"2025-11-07T03:52:40","guid":{"rendered":"https:\/\/yebodaglass.com\/?post_type=product&#038;p=23351"},"modified":"2026-04-09T15:28:15","modified_gmt":"2026-04-09T07:28:15","slug":"square-glass-herb-jars-with-bamboo-lids-wholesale","status":"publish","type":"product","link":"https:\/\/yebodaglass.com\/es\/producto\/square-glass-herb-jars-with-bamboo-lids-wholesale\/","title":{"rendered":"Frascos de vidrio cuadrados de colores de 4 oz para hierbas con tapas de bamb\u00fa al por mayor"},"content":{"rendered":"<p>Estos frascos de vidrio para hierbas son altos, cuadrados, con esquinas redondeadas y bordes rectos. Est\u00e1n hechos de vidrio grueso y transparente y vienen con tapas de rosca de bamb\u00fa natural. Est\u00e1n disponibles en varios colores.<\/p>\n<h2>Caracter\u00edsticas del producto<\/h2>\n<ul>\n<li><strong>Dise\u00f1o rectangular:<\/strong> Su dise\u00f1o rectangular es limpio, ocupa menos espacio de almacenamiento y se puede apilar, lo que permite exhibirlo de forma ordenada con la ayuda de armarios o estantes.<\/li>\n<li><strong>Cristal multicolor que protege de la luz:<\/strong> Los vasos vienen en cuatro colores efectivos que incluyen burdeos, verde oscuro, \u00e1mbar y azul real, los cuales tienen la capacidad de bloquear la luz, que estropea y oxida las especias y los productos secos, entre otros art\u00edculos similares.<\/li>\n<li><strong>Tapas de madera natural:<\/strong> Combinado con tapones de rosca de madera natural, el tacto natural y la excelente capacidad de sellado le dan al producto un aspecto ecol\u00f3gico y le a\u00f1aden un toque de distinci\u00f3n.<\/li>\n<\/ul>\n<h2>Especificaciones clave<\/h2>\n<table style=\"border-collapse: collapse; width: 80%; margin-left: auto; margin-right: auto;\" border=\"0\" width=\"144\" cellspacing=\"0\" cellpadding=\"0\">\n<tbody>\n<tr style=\"height: 13.50pt;\">\n<td style=\"height: 13.5pt; width: 54pt; text-align: center;\" width=\"72\" height=\"18\">Caracter\u00edstica<\/td>\n<td style=\"width: 54pt; text-align: center;\" width=\"72\">Especificaci\u00f3n<\/td>\n<\/tr>\n<tr style=\"height: 13.50pt;\">\n<td style=\"height: 13.5pt; text-align: center;\" height=\"18\">Capacidad<\/td>\n<td style=\"text-align: center;\">120 ml (4 oz)<\/td>\n<\/tr>\n<tr style=\"height: 13.50pt;\">\n<td style=\"height: 13.5pt; text-align: center;\" height=\"18\">Material<\/td>\n<td style=\"text-align: center;\">Vidrio resistente \u2022 Forma cuadrada<\/td>\n<\/tr>\n<tr style=\"height: 13.50pt;\">\n<td style=\"height: 13.5pt; text-align: center;\" height=\"18\">Color<\/td>\n<td style=\"text-align: center;\">\u00c1mbar, Rojo, Azul, Verde, Personalizado<\/td>\n<\/tr>\n<tr style=\"height: 13.50pt;\">\n<td style=\"height: 13.5pt; text-align: center;\" height=\"18\">Tapas<\/td>\n<td style=\"text-align: center;\">Bamb\u00fa, metal, pl\u00e1stico \u2022 Tapas para cocteleras disponibles<\/td>\n<\/tr>\n<tr style=\"height: 13.50pt;\">\n<td style=\"height: 13.5pt; text-align: center;\" height=\"18\">Personalizaci\u00f3n<\/td>\n<td style=\"text-align: center;\">Grabado de logotipos, serigraf\u00eda, etiquetas\/embalajes personalizados<\/td>\n<\/tr>\n<\/tbody>\n<\/table>\n<h2>Caso de \u00e9xito: Pedido personalizado de una marca gourmet europea de alta gama.<\/h2>\n<p>La prestigiosa marca italiana de productos gourmet eligi\u00f3 nuestros tarros de especias cuadrados de vidrio \u00e1mbar de 250 ml y solicit\u00f3 tapas personalizadas de madera de nogal en su pedido oficial. Los tarros personalizados lograron resultados impresionantes, ya que su sistema de sellado superior aument\u00f3 la vida \u00fatil de las especias premium en un 40 %, mientras que el vidrio tintado bloque\u00f3 la luz, conservando el 25 % de la intensidad original de las especias. Tras el \u00e9xito de sus productos existentes, la empresa realiz\u00f3 una compra adicional de 280 000 tarros para respaldar su nueva l\u00ednea de sal marina aromatizada.<\/p>\n<h2>Personalizaci\u00f3n de tarros de especias de vidrio cuadrados<\/h2>\n<ol>\n<li><strong>Opciones de tapa:<\/strong>Las distintas marcas pueden tener tapas de bamb\u00fa, acero inoxidable o aluminio con juntas de silicona para que combinen con su est\u00e9tica y mantengan la frescura de forma herm\u00e9tica.<\/li>\n<li><strong>Colores del vidrio:<\/strong>Se ofrecen diferentes opciones de color, como \u00e1mbar, azul cobalto, verde o vidrio transparente, para almacenar diversas hierbas o especias.<\/li>\n<li><strong>Personalizaci\u00f3n de etiquetas:<\/strong>Se puede lograr una identificaci\u00f3n de marca ecol\u00f3gica pero lujosa mediante la combinaci\u00f3n de etiquetas grabadas con l\u00e1ser o impresas con la tapa o el cuerpo de la botella.<\/li>\n<\/ol>","protected":false},"excerpt":{"rendered":"<p>Elegantes tarros cuadrados de cristal para especias con tapas de bamb\u00fa, ideales para conservar tus especias frescas y mantener tu cocina impecablemente organizada. Muestras gratuitas.<\/p>","protected":false},"featured_media":23355,"template":"","meta":[],"product_brand":[],"product_cat":[128,124,122],"product_tag":[],"class_list":{"0":"post-23351","1":"product","2":"type-product","3":"status-publish","4":"has-post-thumbnail","6":"product_cat-spice-jars","7":"product_cat-custom-glass-jars","8":"product_cat-custom-glass-packaging","10":"first","11":"instock","12":"shipping-taxable","13":"product-type-simple"},"jetpack_sharing_enabled":true,"_links":{"self":[{"href":"https:\/\/yebodaglass.com\/es\/wp-json\/wp\/v2\/product\/23351","targetHints":{"allow":["GET"]}}],"collection":[{"href":"https:\/\/yebodaglass.com\/es\/wp-json\/wp\/v2\/product"}],"about":[{"href":"https:\/\/yebodaglass.com\/es\/wp-json\/wp\/v2\/types\/product"}],"version-history":[{"count":5,"href":"https:\/\/yebodaglass.com\/es\/wp-json\/wp\/v2\/product\/23351\/revisions"}],"predecessor-version":[{"id":25696,"href":"https:\/\/yebodaglass.com\/es\/wp-json\/wp\/v2\/product\/23351\/revisions\/25696"}],"wp:featuredmedia":[{"embeddable":true,"href":"https:\/\/yebodaglass.com\/es\/wp-json\/wp\/v2\/media\/23355"}],"wp:attachment":[{"href":"https:\/\/yebodaglass.com\/es\/wp-json\/wp\/v2\/media?parent=23351"}],"wp:term":[{"taxonomy":"product_brand","embeddable":true,"href":"https:\/\/yebodaglass.com\/es\/wp-json\/wp\/v2\/product_brand?post=23351"},{"taxonomy":"product_cat","embeddable":true,"href":"https:\/\/yebodaglass.com\/es\/wp-json\/wp\/v2\/product_cat?post=23351"},{"taxonomy":"product_tag","embeddable":true,"href":"https:\/\/yebodaglass.com\/es\/wp-json\/wp\/v2\/product_tag?post=23351"}],"curies":[{"name":"wp","href":"https:\/\/api.w.org\/{rel}","templated":true}]}}