{"id":23317,"date":"2025-11-06T17:00:08","date_gmt":"2025-11-06T09:00:08","guid":{"rendered":"https:\/\/yebodaglass.com\/?post_type=product&#038;p=23317"},"modified":"2025-11-06T17:00:10","modified_gmt":"2025-11-06T09:00:10","slug":"spices-jars-wholesale-glass-containers-supplier","status":"publish","type":"product","link":"https:\/\/yebodaglass.com\/es\/spices-jars-wholesale-glass-containers-supplier\/","title":{"rendered":"Tarros de especias 80ml 120ml con tapa m\u00faltiple para organizar la cocina\u00a0"},"content":{"rendered":"<p>Est\u00e1\u200d\u200d\u200d\u200d\u200d harto de los tarros de especias que gotean u ocultan sus sabores. Fabricamos recipientes de cristal para especias con una transparencia perfecta: las especias son visibles en todo momento. Estos tarros de especias convierten su cocina en un lugar de moda. La compra a granel puede personalizar su marca con opciones personalizadas.<\/p>\n<h2>Caracter\u00edsticas del producto<\/h2>\n<p><strong>Opciones de tapa segura<\/strong><\/p>\n<p>Tapas de aluminio, madera o pl\u00e1stico con cierre herm\u00e9tico: nada de az\u00facar h\u00famedo o pimienta rancia.<\/p>\n<p><strong>Almacenamiento vers\u00e1til<\/strong><\/p>\n<p>El aceite, las salsas, la harina o la pimienta pueden utilizarse en cualquier cocina.<\/p>\n<p><strong>Dise\u00f1o de color personalizado<\/strong><\/p>\n<p>Ya sean blancos o negros, sus especieros personalizados se convierten en un \u200d\u200d\u200d\u200dregalo extraordinario.<\/p>\n<h2>Especificaciones clave<\/h2>\n<table style=\"border-collapse: collapse; width: 80%; margin-left: auto; margin-right: auto;\" border=\"0\" width=\"144\" cellspacing=\"0\" cellpadding=\"0\">\n<tbody>\n<tr style=\"height: 13.50pt;\">\n<td style=\"height: 13.5pt; width: 54pt; text-align: center;\" width=\"72\" height=\"18\">Caracter\u00edstica<\/td>\n<td style=\"width: 54pt; text-align: center;\" width=\"72\">Especificaci\u00f3n<\/td>\n<\/tr>\n<tr style=\"height: 13.50pt;\">\n<td style=\"height: 13.5pt; text-align: center;\" height=\"18\">Capacidad<\/td>\n<td style=\"text-align: center;\">80 ml 120 ml<\/td>\n<\/tr>\n<tr style=\"height: 13.50pt;\">\n<td style=\"height: 13.5pt; text-align: center;\" height=\"18\">Forma<\/td>\n<td style=\"text-align: center;\">Redondo<\/td>\n<\/tr>\n<tr style=\"height: 13.50pt;\">\n<td style=\"height: 13.5pt; text-align: center;\" height=\"18\">Opciones de tapa<\/td>\n<td style=\"text-align: center;\">Aluminio, madera, pl\u00e1stico<\/td>\n<\/tr>\n<tr style=\"height: 13.50pt;\">\n<td style=\"height: 13.5pt; text-align: center;\" height=\"18\">Uso<\/td>\n<td style=\"text-align: center;\">Para l\u00edquidos como salsas y aceites.<\/td>\n<\/tr>\n<\/tbody>\n<\/table>\n<h2>Historia de \u00e9xito<\/h2>\n<p>Nosotros\u200d\u200d\u200d\u200d\u200d nos asociamos con una marca de alimentaci\u00f3n canadiense para hacer tarros de especias personalizados con tapas de aluminio plateado y cuerpos cuadrados transparentes, que resaltan la colorida textura de la mezcla de hierbas y pimienta que contienen. El cierre herm\u00e9tico es lo que mantiene las especias frescas y con buen olor incluso cuando se env\u00edan desde lejos o se colocan en la estanter\u00eda.<\/p>\n<p>Tras el cambio de envase, la marca experiment\u00f3 un aumento de 28% en las ventas al por menor, as\u00ed como un incremento sustancial de la \u200d\u200d\u200d\u200dconciencia de marca.<\/p>\n<h2>Tu manual de personalizaci\u00f3n<\/h2>\n<ol>\n<li><strong>Botella\u200d\u200d\u200d\u200d\u200d\u200d Cap:<\/strong> La parte exterior de la botella puede ser de metal, bamb\u00fa o pl\u00e1stico, y el color puede elegirse entre una amplia gama de colores como negro, dorado y plateado para satisfacer diferentes necesidades de estilo.<\/li>\n<li><strong>Opciones de volumen:<\/strong> \u00bfY si el producto estuviera disponible en diferentes tama\u00f1os, por ejemplo 80 ml, 120 ml y 150 ml? As\u00ed, un usuario dom\u00e9stico, un hostelero o un cliente comercial podr\u00eda decidir cu\u00e1l es el m\u00e1s adecuado para \u00e9l.<\/li>\n<li><strong>Botella de cristal:<\/strong> Una botella redonda o cuadrada, con un acabado esmerilado o transparente, es un envase de vidrio perfecto para las especias que va m\u00e1s con el posicionamiento de la marca y las \u200d\u200d\u200dtendencias del mercado.<\/li>\n<\/ol>","protected":false},"excerpt":{"rendered":"<p>Mant\u00e9n tus condimentos frescos y organizados con nuestro recipiente de cristal para especias. Estos duraderos tarros de especias cuentan con una tapa met\u00e1lica para un almacenamiento herm\u00e9tico y elegante en la cocina.<\/p>","protected":false},"featured_media":23321,"template":"","meta":[],"product_brand":[],"product_cat":[122,124,128],"product_tag":[],"class_list":{"0":"post-23317","1":"product","2":"type-product","3":"status-publish","4":"has-post-thumbnail","6":"product_cat-custom-glass-packaging","7":"product_cat-custom-glass-jars","8":"product_cat-spice-jars","10":"first","11":"instock","12":"shipping-taxable","13":"product-type-simple"},"jetpack_sharing_enabled":true,"_links":{"self":[{"href":"https:\/\/yebodaglass.com\/es\/wp-json\/wp\/v2\/product\/23317","targetHints":{"allow":["GET"]}}],"collection":[{"href":"https:\/\/yebodaglass.com\/es\/wp-json\/wp\/v2\/product"}],"about":[{"href":"https:\/\/yebodaglass.com\/es\/wp-json\/wp\/v2\/types\/product"}],"version-history":[{"count":4,"href":"https:\/\/yebodaglass.com\/es\/wp-json\/wp\/v2\/product\/23317\/revisions"}],"predecessor-version":[{"id":23325,"href":"https:\/\/yebodaglass.com\/es\/wp-json\/wp\/v2\/product\/23317\/revisions\/23325"}],"wp:featuredmedia":[{"embeddable":true,"href":"https:\/\/yebodaglass.com\/es\/wp-json\/wp\/v2\/media\/23321"}],"wp:attachment":[{"href":"https:\/\/yebodaglass.com\/es\/wp-json\/wp\/v2\/media?parent=23317"}],"wp:term":[{"taxonomy":"product_brand","embeddable":true,"href":"https:\/\/yebodaglass.com\/es\/wp-json\/wp\/v2\/product_brand?post=23317"},{"taxonomy":"product_cat","embeddable":true,"href":"https:\/\/yebodaglass.com\/es\/wp-json\/wp\/v2\/product_cat?post=23317"},{"taxonomy":"product_tag","embeddable":true,"href":"https:\/\/yebodaglass.com\/es\/wp-json\/wp\/v2\/product_tag?post=23317"}],"curies":[{"name":"wp","href":"https:\/\/api.w.org\/{rel}","templated":true}]}}