{"id":23307,"date":"2025-11-06T14:24:09","date_gmt":"2025-11-06T06:24:09","guid":{"rendered":"https:\/\/yebodaglass.com\/?post_type=product&#038;p=23307"},"modified":"2025-11-06T16:53:42","modified_gmt":"2025-11-06T08:53:42","slug":"custom-textured-bbq-sauce-bottles-for-canning","status":"publish","type":"product","link":"https:\/\/yebodaglass.com\/es\/custom-textured-bbq-sauce-bottles-for-canning\/","title":{"rendered":"Botellas de salsa barbacoa con textura personalizada para conservas, 375 ml y 500 ml"},"content":{"rendered":"<p>Estas botellas de salsa barbacoa vienen con un cuerpo de vidrio robusto, pesado, transparente y texturizado horizontalmente que no solo proporciona un buen agarre y una sensaci\u00f3n de primera calidad, sino que tambi\u00e9n combina estilo y funcionalidad.<\/p>\n<h2>Caracter\u00edsticas del producto<\/h2>\n<ul>\n<li><strong>Mejor agarre:<\/strong> Gracias a su textura horizontal, el usuario consigue un agarre firme y antideslizante, lo que hace que coger y verter el contenido sea m\u00e1s seguro y c\u00f3modo.<\/li>\n<li><strong>Vidrio transparente:<\/strong> El recipiente de vidrio transparente permite a los usuarios comprobar visualmente el color, as\u00ed como la cantidad de salsa restante.<\/li>\n<li><strong>Dos tama\u00f1os a elegir:<\/strong> El producto se ofrece en dos tama\u00f1os diferentes para satisfacer distintas necesidades, siendo as\u00ed ideal para el uso diario familiar, el racionamiento de comidas, etc.<\/li>\n<\/ul>\n<h2 style=\"text-align: left;\">Especificaciones clave<\/h2>\n<table class=\"aligncenter\" style=\"border-collapse: collapse; width: 462.77pt;\" border=\"0\" width=\"617\" cellspacing=\"0\" cellpadding=\"0\">\n<tbody>\n<tr style=\"height: 13.50pt;\">\n<td style=\"height: 13.50pt; width: 116.25pt;\" width=\"155\" height=\"18\">Caracter\u00edstica<\/td>\n<td style=\"width: 346.50pt;\" width=\"462\">Especificaci\u00f3n<\/td>\n<\/tr>\n<tr style=\"height: 13.50pt;\">\n<td style=\"height: 13.50pt;\" height=\"18\">Capacidades<\/td>\n<td>375 ml, 500 ml<\/td>\n<\/tr>\n<tr style=\"height: 13.50pt;\">\n<td style=\"height: 13.50pt;\" height=\"18\">Tama\u00f1o del embalaje<\/td>\n<td>20 \u00d7 15 \u00d7 15 cm (id\u00e9ntico para ambos tama\u00f1os)<\/td>\n<\/tr>\n<tr style=\"height: 13.50pt;\">\n<td style=\"height: 13.50pt;\" height=\"18\">Forma<\/td>\n<td>Botella robusta con textura vertical<\/td>\n<\/tr>\n<tr style=\"height: 13.50pt;\">\n<td style=\"height: 13.50pt;\" height=\"18\">Material<\/td>\n<td>Botella de vidrio transparente, resistente, apta para uso alimentario, sin plomo<\/td>\n<\/tr>\n<tr style=\"height: 13.50pt;\">\n<td style=\"height: 13.50pt;\" height=\"18\">Opciones de cierre<\/td>\n<td>Cierre de rosca en negro, dorado o personalizado<\/td>\n<\/tr>\n<tr style=\"height: 13.50pt;\">\n<td style=\"height: 13.50pt;\" height=\"18\">Mejor para<\/td>\n<td>Salsa picante, aderezo, salsa de tomate<\/td>\n<\/tr>\n<tr style=\"height: 13.50pt;\">\n<td style=\"height: 13.50pt;\" height=\"18\">Uso ideal<\/td>\n<td>Botella de salsa barbacoa, botellas de salsa picante a granel para conservas<\/td>\n<\/tr>\n<\/tbody>\n<\/table>\n<h2>Caso de \u00e9xito: C\u00f3mo la textura desempe\u00f1\u00f3 un papel fundamental en el posicionamiento del producto<\/h2>\n<p>Una empresa de condimentos que elabora salsas barbacoa artesanales exclusivamente para el mercado estadounidense decidi\u00f3 utilizar este dise\u00f1o de botella texturizada para su l\u00ednea insignia de salsa barbacoa. Su precio aument\u00f3 un 25 % gracias a la imagen premium y el mejor agarre, mientras que los casos de rotura durante el env\u00edo se redujeron en un 40 %. As\u00ed, en el primer semestre del a\u00f1o, la interacci\u00f3n t\u00e1ctil con el cliente gener\u00f3 un aumento del 35 % en las ventas, seg\u00fan confirmaron sus socios minoristas. Cada dos meses, la empresa realiza un pedido de 200\u00a0000 botellas en ambos tama\u00f1os.<\/p>\n<h2>Consejos para personalizar botellas<\/h2>\n<ul>\n<li><strong>Color de gorra personalizado:<\/strong> Adem\u00e1s del dorado y el negro, puede elegir el color de la gorra que mejor se adapte a los colores de su marca.<\/li>\n<li><strong>Opciones de color del vidrio:<\/strong> Adem\u00e1s de los dise\u00f1os texturizados, la empresa ofrece la opci\u00f3n de una botella de vidrio \u00e1mbar o verde para protegerla de la luz.<\/li>\n<li><strong>Logotipo de la marca en relieve:<\/strong> Personaliza tu marca grabando tu logotipo en relieve dentro del patr\u00f3n texturizado para lograr una imagen de marca m\u00e1s sutil.<\/li>\n<li><strong>Variaci\u00f3n del acabado de la textura:<\/strong> Puedes decidir que el acabado de textura sea m\u00e1s superficial o m\u00e1s profundo dependiendo de si deseas un agarre m\u00e1s significativo o un efecto de textura suave.<\/li>\n<\/ul>","protected":false},"excerpt":{"rendered":"<p>Botellas de salsa picante de alta calidad para conservas, con una elegante textura de vidrio. Ideales para salsa barbacoa, perfectas para peque\u00f1as marcas o para envasar en restaurantes. Muestras gratuitas.<\/p>","protected":false},"featured_media":23310,"template":"","meta":[],"product_brand":[],"product_cat":[123,122,129],"product_tag":[],"class_list":{"0":"post-23307","1":"product","2":"type-product","3":"status-publish","4":"has-post-thumbnail","6":"product_cat-custom-glass-bottles","7":"product_cat-custom-glass-packaging","8":"product_cat-hot-sauce-bottles","10":"first","11":"instock","12":"shipping-taxable","13":"product-type-simple"},"jetpack_sharing_enabled":true,"_links":{"self":[{"href":"https:\/\/yebodaglass.com\/es\/wp-json\/wp\/v2\/product\/23307","targetHints":{"allow":["GET"]}}],"collection":[{"href":"https:\/\/yebodaglass.com\/es\/wp-json\/wp\/v2\/product"}],"about":[{"href":"https:\/\/yebodaglass.com\/es\/wp-json\/wp\/v2\/types\/product"}],"version-history":[{"count":5,"href":"https:\/\/yebodaglass.com\/es\/wp-json\/wp\/v2\/product\/23307\/revisions"}],"predecessor-version":[{"id":23326,"href":"https:\/\/yebodaglass.com\/es\/wp-json\/wp\/v2\/product\/23307\/revisions\/23326"}],"wp:featuredmedia":[{"embeddable":true,"href":"https:\/\/yebodaglass.com\/es\/wp-json\/wp\/v2\/media\/23310"}],"wp:attachment":[{"href":"https:\/\/yebodaglass.com\/es\/wp-json\/wp\/v2\/media?parent=23307"}],"wp:term":[{"taxonomy":"product_brand","embeddable":true,"href":"https:\/\/yebodaglass.com\/es\/wp-json\/wp\/v2\/product_brand?post=23307"},{"taxonomy":"product_cat","embeddable":true,"href":"https:\/\/yebodaglass.com\/es\/wp-json\/wp\/v2\/product_cat?post=23307"},{"taxonomy":"product_tag","embeddable":true,"href":"https:\/\/yebodaglass.com\/es\/wp-json\/wp\/v2\/product_tag?post=23307"}],"curies":[{"name":"wp","href":"https:\/\/api.w.org\/{rel}","templated":true}]}}