{"id":23286,"date":"2025-11-05T17:28:17","date_gmt":"2025-11-05T09:28:17","guid":{"rendered":"https:\/\/yebodaglass.com\/?post_type=product&#038;p=23286"},"modified":"2026-03-18T16:18:23","modified_gmt":"2026-03-18T08:18:23","slug":"200ml-spherical-glass-spices-jar-with-grinder-bulk","status":"publish","type":"product","link":"https:\/\/yebodaglass.com\/es\/200ml-spherical-glass-spices-jar-with-grinder-bulk\/","title":{"rendered":"Tarro esf\u00e9rico de vidrio de 200 ml para especias con molinillo a granel"},"content":{"rendered":"<p>El tarro para especias tiene un exclusivo cuerpo esf\u00e9rico de vidrio transparente con un elegante cabezal molinillo de acero inoxidable, que permite moler manualmente.<\/p>\n<h2>Caracter\u00edsticas del producto<\/h2>\n<ul>\n<li><strong>Frasco de vidrio esf\u00e9rico transparente:<\/strong> El frasco de vidrio es esf\u00e9rico y transparente, y ofrece una excelente presentaci\u00f3n visual que muestra de forma magn\u00edfica todas las especias que contiene, reflejando as\u00ed el gusto del farmac\u00e9utico.<\/li>\n<li><strong>Molinillo de acero inoxidable incorporado:<\/strong> El cono met\u00e1lico tiene un molinillo incorporado, y las especias frescas se pueden moler simplemente girando el cono.<\/li>\n<li><strong>Material: Acero inoxidable<\/strong> El cono y la tapa de metal cepillado est\u00e1n fabricados con metales duraderos, f\u00e1ciles de limpiar y resistentes a la corrosi\u00f3n.<\/li>\n<\/ul>\n<h2>Especificaciones clave<\/h2>\n<table style=\"border-collapse: collapse; width: 80%; margin-left: auto; margin-right: auto;\" border=\"0\" width=\"144\" cellspacing=\"0\" cellpadding=\"0\">\n<tbody>\n<tr style=\"height: 13.50pt;\">\n<td style=\"height: 13.5pt; width: 54pt; text-align: center;\" width=\"72\" height=\"18\">Capacidad<\/td>\n<td style=\"width: 54pt; text-align: center;\" width=\"72\">200 ml<\/td>\n<\/tr>\n<tr style=\"height: 13.50pt;\">\n<td style=\"height: 13.5pt; text-align: center;\" height=\"18\">Tama\u00f1o (cm)<\/td>\n<td style=\"text-align: center;\">8.0 * 12.5<\/td>\n<\/tr>\n<tr style=\"height: 13.50pt;\">\n<td style=\"height: 13.5pt; text-align: center;\" height=\"18\">Forma<\/td>\n<td style=\"text-align: center;\">Redondo<\/td>\n<\/tr>\n<tr style=\"height: 13.50pt;\">\n<td style=\"height: 13.5pt; text-align: center;\" height=\"18\">Accesorio<\/td>\n<td style=\"text-align: center;\">Tapa de molienda<\/td>\n<\/tr>\n<tr style=\"height: 13.50pt;\">\n<td style=\"height: 13.5pt; text-align: center;\" height=\"18\">Uso<\/td>\n<td style=\"text-align: center;\">pimienta negra o sal marina, etc.<\/td>\n<\/tr>\n<\/tbody>\n<\/table>\n<h2>Historia de \u00e9xito<\/h2>\n<p>Una tienda especializada del noroeste del Pac\u00edfico seleccion\u00f3 uno de nuestros dise\u00f1os de frascos para especias y le imprimi\u00f3 un logotipo grabado con chorro de arena en el cono de acero. Este programa obtuvo excelentes resultados, ya que las ventas de granos de pimienta y sal marina preenvasados \u200b\u200baumentaron un 40 % en comparaci\u00f3n con los productos envasados \u200b\u200ben bolsas. Se logr\u00f3 pr\u00e1cticamente eliminar las devoluciones causadas por fallas en los molinillos. Gracias a este alto nivel de ventas, realizaron un pedido adicional de 600 000 frascos con la intenci\u00f3n de introducir nuevos productos como ajo de calidad y piment\u00f3n ahumado en polvo.<\/p>\n<h2>Personalizaci\u00f3n de\u00a0<strong>Frascos de vidrio para especias<\/strong><\/h2>\n<ol>\n<li><strong>Materiales de los componentes de rectificado:<\/strong> Decide entre cer\u00e1mica de al\u00famina o acero inoxidable seg\u00fan el tipo de especias que utilice.<\/li>\n<li><strong>Formas y dise\u00f1os:<\/strong> Modifica la forma del molinillo para que se adapte a tu estilo o al de tu cocina, por ejemplo, redondo, cuadrado o c\u00f3nico.<\/li>\n<li><strong>Patrones y colores:<\/strong> Decora con logotipos, patrones o colores para lograr una apariencia \u00fanica.<\/li>\n<\/ol>","protected":false},"excerpt":{"rendered":"<p>Elegantes tarros de cristal para especias con molinillo de acero inoxidable en la tapa, ideales para almacenar y moler pimienta, sal o hierbas. Una opci\u00f3n de tarro para especias duradera y elegante.<\/p>","protected":false},"featured_media":23287,"template":"","meta":[],"product_brand":[],"product_cat":[128,124,122],"product_tag":[],"class_list":{"0":"post-23286","1":"product","2":"type-product","3":"status-publish","4":"has-post-thumbnail","6":"product_cat-spice-jars","7":"product_cat-custom-glass-jars","8":"product_cat-custom-glass-packaging","10":"first","11":"instock","12":"shipping-taxable","13":"product-type-simple"},"jetpack_sharing_enabled":true,"_links":{"self":[{"href":"https:\/\/yebodaglass.com\/es\/wp-json\/wp\/v2\/product\/23286","targetHints":{"allow":["GET"]}}],"collection":[{"href":"https:\/\/yebodaglass.com\/es\/wp-json\/wp\/v2\/product"}],"about":[{"href":"https:\/\/yebodaglass.com\/es\/wp-json\/wp\/v2\/types\/product"}],"version-history":[{"count":5,"href":"https:\/\/yebodaglass.com\/es\/wp-json\/wp\/v2\/product\/23286\/revisions"}],"predecessor-version":[{"id":25501,"href":"https:\/\/yebodaglass.com\/es\/wp-json\/wp\/v2\/product\/23286\/revisions\/25501"}],"wp:featuredmedia":[{"embeddable":true,"href":"https:\/\/yebodaglass.com\/es\/wp-json\/wp\/v2\/media\/23287"}],"wp:attachment":[{"href":"https:\/\/yebodaglass.com\/es\/wp-json\/wp\/v2\/media?parent=23286"}],"wp:term":[{"taxonomy":"product_brand","embeddable":true,"href":"https:\/\/yebodaglass.com\/es\/wp-json\/wp\/v2\/product_brand?post=23286"},{"taxonomy":"product_cat","embeddable":true,"href":"https:\/\/yebodaglass.com\/es\/wp-json\/wp\/v2\/product_cat?post=23286"},{"taxonomy":"product_tag","embeddable":true,"href":"https:\/\/yebodaglass.com\/es\/wp-json\/wp\/v2\/product_tag?post=23286"}],"curies":[{"name":"wp","href":"https:\/\/api.w.org\/{rel}","templated":true}]}}