{"id":23277,"date":"2025-11-05T16:32:10","date_gmt":"2025-11-05T08:32:10","guid":{"rendered":"https:\/\/yebodaglass.com\/?post_type=product&#038;p=23277"},"modified":"2026-03-19T11:29:08","modified_gmt":"2026-03-19T03:29:08","slug":"cylindrical-airtight-spice-jars-with-stainless-lid-bulk","status":"publish","type":"product","link":"https:\/\/yebodaglass.com\/es\/cylindrical-airtight-spice-jars-with-stainless-lid-bulk\/","title":{"rendered":"Tarros cil\u00edndricos herm\u00e9ticos para especias de 100 ml con tapa de acero inoxidable (venta al por mayor)"},"content":{"rendered":"<p>Estos frascos herm\u00e9ticos para especias son lisos, cil\u00edndricos, est\u00e1n fabricados con vidrio transparente de alta calidad y tienen tapas de acero inoxidable. Conservan muy bien las especias, por lo que se pueden usar para guardar especias en la despensa o en la encimera.<\/p>\n<h2>Caracter\u00edsticas del producto<\/h2>\n<ul>\n<li><strong>Dise\u00f1o cil\u00edndrico claro:<\/strong> Las paredes de cristal son rectas y la base es plana, lo que proporciona una gran estabilidad y permite una visibilidad completa del contenido y del nivel de llenado.<\/li>\n<li><strong>Tapa herm\u00e9tica de acero inoxidable:<\/strong> La tapa de rosca est\u00e1 fabricada en acero inoxidable cepillado para garantizar un cierre herm\u00e9tico y fiable que conserve el sabor y el aroma.<\/li>\n<li><strong>F\u00e1cil de limpiar y mantener:<\/strong> Tanto el vidrio como el acero inoxidable son resistentes al calor, f\u00e1ciles de limpiar y rellenar, respetuosos con el medio ambiente y pueden utilizarse en la cocina durante un largo periodo de tiempo.<\/li>\n<\/ul>\n<h2>Especificaciones clave<\/h2>\n<table style=\"border-collapse: collapse; width: 80%; margin-left: auto; margin-right: auto;\" border=\"0\" width=\"144\" cellspacing=\"0\" cellpadding=\"0\">\n<tbody>\n<tr style=\"height: 13.50pt;\">\n<td style=\"height: 13.5pt; width: 54pt; text-align: center;\" width=\"72\" height=\"18\">Capacidad<\/td>\n<td style=\"width: 54pt; text-align: center;\" width=\"72\">100 ml<\/td>\n<\/tr>\n<tr style=\"height: 13.50pt;\">\n<td style=\"height: 13.5pt; text-align: center;\" height=\"18\">Tama\u00f1o (cm)<\/td>\n<td style=\"text-align: center;\">4,3 x 9,4<\/td>\n<\/tr>\n<tr style=\"height: 13.50pt;\">\n<td style=\"height: 13.5pt; text-align: center;\" height=\"18\">Forma<\/td>\n<td style=\"text-align: center;\">Cilindro<\/td>\n<\/tr>\n<tr style=\"height: 13.50pt;\">\n<td style=\"height: 13.5pt; text-align: center;\" height=\"18\">Color<\/td>\n<td style=\"text-align: center;\">Borrar o personalizado<\/td>\n<\/tr>\n<tr style=\"height: 13.50pt;\">\n<td style=\"height: 13.5pt; text-align: center;\" height=\"18\">Uso<\/td>\n<td style=\"text-align: center;\">Para condimentos secos como pimienta, sal, az\u00facar y caf\u00e9 en polvo.<\/td>\n<\/tr>\n<\/tbody>\n<\/table>\n<h2>Historia de \u00e9xito<\/h2>\n<p>Una cadena nacional de tiendas de alimentos saludables encarg\u00f3 nuestros frascos herm\u00e9ticos para especias, etiquetas medidoras personalizadas con nuestra marca y anillos de sellado de silicona. Los resultados fueron impresionantes: el excelente sellado de los anillos para especias aument\u00f3 la vida \u00fatil de especias higrosc\u00f3picas como la canela y la nuez moscada en un 30 %, lo que redujo el desperdicio. Los frascos de vidrio eran transparentes y contaban con marcas que facilitaban a los empleados el mantenimiento de niveles \u00f3ptimos de inventario y, adem\u00e1s, les ahorraban un 20 % del tiempo dedicado a reabastecer sus existencias. Gracias a este buen desempe\u00f1o, realizaron otro pedido de 220 000 frascos, con la intenci\u00f3n de extender el sistema a sus l\u00edneas de t\u00e9 a granel y productos en polvo nutricionales.<\/p>\n<h2>Personalizaci\u00f3n de\u00a0<strong>Recipiente para guardar especias<\/strong><\/h2>\n<ol>\n<li><strong>El material y el color de la cubierta se pueden adaptar:<\/strong> Hay cuatro estilos diferentes de tapas (acero inoxidable cepillado, negro mate, oro rosa o cobre) disponibles para armonizar el aspecto de varias colecciones de cocina de marca.<\/li>\n<li><strong>Superficie del frasco de vidrio:<\/strong> El frasco transparente se puede transformar en uno esmerilado o arenado, y tambi\u00e9n se le pueden imprimir logotipos de marca o graduaciones, combinando as\u00ed belleza y funcionalidad.<\/li>\n<li><strong>Sus tama\u00f1os pueden ser:<\/strong> Hecho a medida para almacenar especias, t\u00e9s o productos secos en cualquier cantidad.<\/li>\n<\/ol>","protected":false},"excerpt":{"rendered":"<p>Tarros de especias herm\u00e9ticos de primera calidad con tapas de acero inoxidable y cuerpo transparente. Un elegante recipiente para especias, perfecto para organizar la cocina. Suministro directo de f\u00e1brica.<\/p>","protected":false},"featured_media":23278,"template":"","meta":[],"product_brand":[],"product_cat":[124,122,128],"product_tag":[],"class_list":{"0":"post-23277","1":"product","2":"type-product","3":"status-publish","4":"has-post-thumbnail","6":"product_cat-custom-glass-jars","7":"product_cat-custom-glass-packaging","8":"product_cat-spice-jars","10":"first","11":"instock","12":"shipping-taxable","13":"product-type-simple"},"jetpack_sharing_enabled":true,"_links":{"self":[{"href":"https:\/\/yebodaglass.com\/es\/wp-json\/wp\/v2\/product\/23277","targetHints":{"allow":["GET"]}}],"collection":[{"href":"https:\/\/yebodaglass.com\/es\/wp-json\/wp\/v2\/product"}],"about":[{"href":"https:\/\/yebodaglass.com\/es\/wp-json\/wp\/v2\/types\/product"}],"version-history":[{"count":5,"href":"https:\/\/yebodaglass.com\/es\/wp-json\/wp\/v2\/product\/23277\/revisions"}],"predecessor-version":[{"id":25515,"href":"https:\/\/yebodaglass.com\/es\/wp-json\/wp\/v2\/product\/23277\/revisions\/25515"}],"wp:featuredmedia":[{"embeddable":true,"href":"https:\/\/yebodaglass.com\/es\/wp-json\/wp\/v2\/media\/23278"}],"wp:attachment":[{"href":"https:\/\/yebodaglass.com\/es\/wp-json\/wp\/v2\/media?parent=23277"}],"wp:term":[{"taxonomy":"product_brand","embeddable":true,"href":"https:\/\/yebodaglass.com\/es\/wp-json\/wp\/v2\/product_brand?post=23277"},{"taxonomy":"product_cat","embeddable":true,"href":"https:\/\/yebodaglass.com\/es\/wp-json\/wp\/v2\/product_cat?post=23277"},{"taxonomy":"product_tag","embeddable":true,"href":"https:\/\/yebodaglass.com\/es\/wp-json\/wp\/v2\/product_tag?post=23277"}],"curies":[{"name":"wp","href":"https:\/\/api.w.org\/{rel}","templated":true}]}}