{"id":23259,"date":"2025-11-05T15:32:38","date_gmt":"2025-11-05T07:32:38","guid":{"rendered":"https:\/\/yebodaglass.com\/?post_type=product&#038;p=23259"},"modified":"2025-11-05T15:32:40","modified_gmt":"2025-11-05T07:32:40","slug":"glass-seasoning-bottles-with-hole-lid-wholesale","status":"publish","type":"product","link":"https:\/\/yebodaglass.com\/es\/glass-seasoning-bottles-with-hole-lid-wholesale\/","title":{"rendered":"50ml 80ml Frascos de vidrio para condimentos con tapa perforada"},"content":{"rendered":"<p>Usted\u200d\u200d\u200d\u200d\u200d\u200d no quiere frascos de especias que goteen o que escondan sus ingredientes. Fabricamos frascos para condimentos con agarre texturizado de rejilla: se acab\u00f3 resbalar por el asa. Estas soluciones de recipientes para especias convierten tu cocina en un centro de estilo. Los pedidos a granel reciben tapas de colores personalizados a juego con su marca.<\/p>\n<h2>Caracter\u00edsticas del producto<\/h2>\n<p><strong>Agarre con textura de rejilla<\/strong><\/p>\n<p>Los rebordes no s\u00f3lo a\u00f1aden comodidad, sino tambi\u00e9n estilo: sus frascos de condimentos se sentir\u00e1n como un producto de primera calidad en la mano.<\/p>\n<p><strong>Opciones de tapas de colores<\/strong><\/p>\n<p>Seleccione una tapa roja, negra, amarilla o verde: su especiero personalizado se convertir\u00e1 en un regalo sobresaliente.<\/p>\n<p><strong>Claridad cristalina<\/strong><\/p>\n<p>El cristal transparente muestra cada grano: los clientes conf\u00edan al instante en sus \u200d\u200d\u200d\u200dcontenedores de especias.<\/p>\n<h2>Especificaciones clave<\/h2>\n<table style=\"border-collapse: collapse; width: 80%; margin-left: auto; margin-right: auto;\" border=\"0\" width=\"144\" cellspacing=\"0\" cellpadding=\"0\">\n<tbody>\n<tr style=\"height: 13.50pt;\">\n<td style=\"height: 13.5pt; width: 54pt; text-align: center;\" width=\"72\" height=\"18\">Capacidad<\/td>\n<td style=\"width: 54pt; text-align: center;\" width=\"72\">50ml,80ml<\/td>\n<\/tr>\n<tr style=\"height: 13.50pt;\">\n<td style=\"height: 13.5pt; text-align: center;\" height=\"18\">Opciones de tapa<\/td>\n<td style=\"text-align: center;\">Pl\u00e1stico, metal, bamb\u00fa<\/td>\n<\/tr>\n<tr style=\"height: 13.50pt;\">\n<td style=\"height: 13.5pt; text-align: center;\" height=\"18\">Forma<\/td>\n<td style=\"text-align: center;\">Cilindro<\/td>\n<\/tr>\n<tr style=\"height: 13.50pt;\">\n<td style=\"height: 13.5pt; text-align: center;\" height=\"18\">Color<\/td>\n<td style=\"text-align: center;\">Transparente (personalizable)<\/td>\n<\/tr>\n<tr style=\"height: 13.50pt;\">\n<td style=\"height: 13.5pt; text-align: center;\" height=\"18\">Adecuado para<\/td>\n<td style=\"text-align: center;\">Restaurantes, cafeter\u00edas, supermercados, etc.<\/td>\n<\/tr>\n<\/tbody>\n<\/table>\n<h2>Caso de \u00e9xito<\/h2>\n<p>Una cadena de restaurantes mexicanos se asoci\u00f3 con nosotros para personalizar estos recipientes de vidrio de 80 ml para especias, que se eligieron por su tama\u00f1o y transparencia perfectos para que los clientes reconocieran r\u00e1pidamente las distintas especias. Las tapas de color rojo vivo reflejan los colores de la marca del restaurante, y la impresi\u00f3n del logotipo personalizado en el frasco aporta un toque de sofisticaci\u00f3n.<\/p>\n<p>Una vez realizada la modificaci\u00f3n, la satisfacci\u00f3n de los clientes aument\u00f3 dr\u00e1sticamente, y el personal afirm\u00f3 que reponer condimentos y limpiar resultaba muy \u200d\u200d\u200d\u200dconveniente.<\/p>\n<h2>Tu manual de personalizaci\u00f3n<\/h2>\n<ol>\n<li><strong>Colores de gorra personalizables\u200d\u200d\u200d\u200d\u200d:<\/strong> Seleccione un tap\u00f3n de pl\u00e1stico de color diferente, por ejemplo, negro, verde o rojo, para coordinarlo con la imagen de su marca o con el estilo del restaurante, lo que dar\u00e1 como resultado una armon\u00eda visual general est\u00e9ticamente agradable a la vista.<\/li>\n<li><strong>Varias opciones de capacidad:<\/strong> Capaz de ser personalizado en diferentes capacidades con el fin de satisfacer los dos tipos de cocinas, cocinas dom\u00e9sticas y de restaurante, que son de los diferentes \u200d\u200d\u200d\u200d.<\/li>\n<\/ol>","protected":false},"excerpt":{"rendered":"<p>Duraderos frascos de cristal para condimentos con tapas rojas, perfectos contenedores de especias para sal, pimienta y chile en polvo. Ideal para cocinas dom\u00e9sticas o restaurantes.<\/p>","protected":false},"featured_media":23269,"template":"","meta":[],"product_brand":[],"product_cat":[122,124,128],"product_tag":[],"class_list":{"0":"post-23259","1":"product","2":"type-product","3":"status-publish","4":"has-post-thumbnail","6":"product_cat-custom-glass-packaging","7":"product_cat-custom-glass-jars","8":"product_cat-spice-jars","10":"first","11":"instock","12":"shipping-taxable","13":"product-type-simple"},"jetpack_sharing_enabled":true,"_links":{"self":[{"href":"https:\/\/yebodaglass.com\/es\/wp-json\/wp\/v2\/product\/23259","targetHints":{"allow":["GET"]}}],"collection":[{"href":"https:\/\/yebodaglass.com\/es\/wp-json\/wp\/v2\/product"}],"about":[{"href":"https:\/\/yebodaglass.com\/es\/wp-json\/wp\/v2\/types\/product"}],"version-history":[{"count":5,"href":"https:\/\/yebodaglass.com\/es\/wp-json\/wp\/v2\/product\/23259\/revisions"}],"predecessor-version":[{"id":23276,"href":"https:\/\/yebodaglass.com\/es\/wp-json\/wp\/v2\/product\/23259\/revisions\/23276"}],"wp:featuredmedia":[{"embeddable":true,"href":"https:\/\/yebodaglass.com\/es\/wp-json\/wp\/v2\/media\/23269"}],"wp:attachment":[{"href":"https:\/\/yebodaglass.com\/es\/wp-json\/wp\/v2\/media?parent=23259"}],"wp:term":[{"taxonomy":"product_brand","embeddable":true,"href":"https:\/\/yebodaglass.com\/es\/wp-json\/wp\/v2\/product_brand?post=23259"},{"taxonomy":"product_cat","embeddable":true,"href":"https:\/\/yebodaglass.com\/es\/wp-json\/wp\/v2\/product_cat?post=23259"},{"taxonomy":"product_tag","embeddable":true,"href":"https:\/\/yebodaglass.com\/es\/wp-json\/wp\/v2\/product_tag?post=23259"}],"curies":[{"name":"wp","href":"https:\/\/api.w.org\/{rel}","templated":true}]}}