{"id":23258,"date":"2025-11-05T13:20:07","date_gmt":"2025-11-05T05:20:07","guid":{"rendered":"https:\/\/yebodaglass.com\/?post_type=product&#038;p=23258"},"modified":"2026-03-24T13:44:04","modified_gmt":"2026-03-24T05:44:04","slug":"wholesale-clear-empty-glass-bottles-for-hot-sauce","status":"publish","type":"product","link":"https:\/\/yebodaglass.com\/es\/wholesale-clear-empty-glass-bottles-for-hot-sauce\/","title":{"rendered":"Botellas de vidrio transparente vac\u00edas de 8 oz para salsa picante (venta al por mayor)"},"content":{"rendered":"<p>Las botellas para salsa picante tienen una forma cil\u00edndrica elegante, de cintura alta y cristal liso y transparente, con una elegante tapa de rosca negra para garantizar un cierre herm\u00e9tico.<\/p>\n<h2>Caracter\u00edsticas del producto<\/h2>\n<ul>\n<li><strong>Mango curvo:<\/strong> Su forma c\u00f3nica permite un agarre f\u00e1cil incluso con la mano resbaladiza, adem\u00e1s de un vertido m\u00e1s estable y c\u00f3modo.<\/li>\n<li><strong>Cristal transparente de alta visibilidad:<\/strong> La botella de vidrio hace que los colores brillantes y las texturas de las salsas, condimentos o aceites de cocina destaquen visualmente.<\/li>\n<li><strong>Sello negro seguro:<\/strong> El tap\u00f3n de rosca negro brillante se utiliza para mantener el contenido fresco y evitar fugas.<\/li>\n<\/ul>\n<h2 style=\"text-align: left;\">Especificaciones clave<\/h2>\n<table class=\"aligncenter\" style=\"border-collapse: collapse; width: 399.02pt;\" border=\"0\" width=\"532\" cellspacing=\"0\" cellpadding=\"0\">\n<tbody>\n<tr style=\"height: 13.50pt;\">\n<td style=\"height: 13.50pt; width: 94.50pt;\" width=\"126\" height=\"18\">Caracter\u00edstica<\/td>\n<td style=\"width: 304.50pt;\" width=\"406\">Especificaci\u00f3n<\/td>\n<\/tr>\n<tr style=\"height: 13.50pt;\">\n<td style=\"height: 13.50pt;\" height=\"18\">Capacidad<\/td>\n<td>250 ml (8 oz)<\/td>\n<\/tr>\n<tr style=\"height: 13.50pt;\">\n<td style=\"height: 13.50pt;\" height=\"18\">Dimensiones<\/td>\n<td>5,2 cm (di\u00e1metro) \u00d7 18,8 cm (altura)<\/td>\n<\/tr>\n<tr style=\"height: 13.50pt;\">\n<td style=\"height: 13.50pt;\" height=\"18\">Forma<\/td>\n<td>Cil\u00edndrico delgado con cuello largo<\/td>\n<\/tr>\n<tr style=\"height: 13.50pt;\">\n<td style=\"height: 13.50pt;\" height=\"18\">Material<\/td>\n<td>Botella de vidrio transparente, resistente, apta para uso alimentario, sin plomo<\/td>\n<\/tr>\n<tr style=\"height: 13.50pt;\">\n<td style=\"height: 13.50pt;\" height=\"18\">Cierre<\/td>\n<td>Tap\u00f3n de rosca negro (personalizable)<\/td>\n<\/tr>\n<tr style=\"height: 13.50pt;\">\n<td style=\"height: 13.50pt;\" height=\"18\">Mejor para<\/td>\n<td>Salsa picante, salsa barbacoa, condimento, aderezo<\/td>\n<\/tr>\n<tr style=\"height: 13.50pt;\">\n<td style=\"height: 13.50pt;\" height=\"18\">Uso ideal<\/td>\n<td>Botellas de salsa picante, botellas a granel para salsa picante<\/td>\n<\/tr>\n<\/tbody>\n<\/table>\n<h2>Historia de \u00e9xito<\/h2>\n<p>Una marca de salsas picantes artesanales de Carolina del Norte utiliz\u00f3 nuestras botellas para sus propias salsas. La botella cuenta con una etiqueta vintage personalizada y el tap\u00f3n est\u00e1 revestido con resina fen\u00f3lica negra resistente al calor. El resultado del empaque personalizado fue extraordinario: la botella de vidrio transparente permit\u00eda apreciar la textura y el color de la salsa picante, lo que increment\u00f3 sus ventas directas en l\u00ednea en un 30 %. Su presentaci\u00f3n de alta calidad les permiti\u00f3 ingresar con \u00e9xito a 200 nuevas tiendas de comestibles y tiendas de regalos especializadas. Gracias a este \u00e9xito, realizaron un pedido adicional de 750 000 botellas para lanzar una nueva marca de salsas y adobos picantes para barbacoa.<\/p>\n<h2>Ideas para modificar botellas<\/h2>\n<ul>\n<li><strong>Alternativas a las vidrieras:<\/strong> Adem\u00e1s de utilizar vidrio transparente, puedes optar por botellas de vidrio \u00e1mbar o verde para realzar la imagen del producto y protegerlo de la luz.<\/li>\n<li><strong>Colores de gorras personalizadas:<\/strong> Si decides usar un color de gorra diferente al negro, por ejemplo, puede ser el color de tu marca que combine y se vea bien con el resto: blanco, dorado o plateado.<\/li>\n<li><strong>Realce:<\/strong> Una de las formas de a\u00f1adir un estilo elegante y lujoso, pero sin estridencias, a tu botella de vidrio es grabar tu logotipo en el hombro o en la base de la botella.<\/li>\n<li><strong>Variedad de tama\u00f1os de ca\u00f1o:<\/strong> Elija el tama\u00f1o de boquilla adecuado para poder tener un control total del flujo de su salsa, ya sea tan l\u00edquida como el vinagre o tan espesa como la salsa barbacoa.<\/li>\n<\/ul>","protected":false},"excerpt":{"rendered":"<p>Elegantes botellas cil\u00edndricas para salsas con tapa negra. Perfectas para salsas picantes, ya que realzan su textura y color. \u00a1Muestras gratis y descuentos por volumen!<\/p>","protected":false},"featured_media":23261,"template":"","meta":[],"product_brand":[],"product_cat":[129,123,122],"product_tag":[],"class_list":{"0":"post-23258","1":"product","2":"type-product","3":"status-publish","4":"has-post-thumbnail","6":"product_cat-hot-sauce-bottles","7":"product_cat-custom-glass-bottles","8":"product_cat-custom-glass-packaging","10":"first","11":"instock","12":"shipping-taxable","13":"product-type-simple"},"jetpack_sharing_enabled":true,"_links":{"self":[{"href":"https:\/\/yebodaglass.com\/es\/wp-json\/wp\/v2\/product\/23258","targetHints":{"allow":["GET"]}}],"collection":[{"href":"https:\/\/yebodaglass.com\/es\/wp-json\/wp\/v2\/product"}],"about":[{"href":"https:\/\/yebodaglass.com\/es\/wp-json\/wp\/v2\/types\/product"}],"version-history":[{"count":4,"href":"https:\/\/yebodaglass.com\/es\/wp-json\/wp\/v2\/product\/23258\/revisions"}],"predecessor-version":[{"id":25585,"href":"https:\/\/yebodaglass.com\/es\/wp-json\/wp\/v2\/product\/23258\/revisions\/25585"}],"wp:featuredmedia":[{"embeddable":true,"href":"https:\/\/yebodaglass.com\/es\/wp-json\/wp\/v2\/media\/23261"}],"wp:attachment":[{"href":"https:\/\/yebodaglass.com\/es\/wp-json\/wp\/v2\/media?parent=23258"}],"wp:term":[{"taxonomy":"product_brand","embeddable":true,"href":"https:\/\/yebodaglass.com\/es\/wp-json\/wp\/v2\/product_brand?post=23258"},{"taxonomy":"product_cat","embeddable":true,"href":"https:\/\/yebodaglass.com\/es\/wp-json\/wp\/v2\/product_cat?post=23258"},{"taxonomy":"product_tag","embeddable":true,"href":"https:\/\/yebodaglass.com\/es\/wp-json\/wp\/v2\/product_tag?post=23258"}],"curies":[{"name":"wp","href":"https:\/\/api.w.org\/{rel}","templated":true}]}}