{"id":23250,"date":"2025-11-05T10:42:43","date_gmt":"2025-11-05T02:42:43","guid":{"rendered":"https:\/\/yebodaglass.com\/?post_type=product&#038;p=23250"},"modified":"2026-03-24T14:51:50","modified_gmt":"2026-03-24T06:51:50","slug":"bulk-unique-hot-sauce-bottles-with-textured-design","status":"publish","type":"product","link":"https:\/\/yebodaglass.com\/es\/bulk-unique-hot-sauce-bottles-with-textured-design\/","title":{"rendered":"Botellas de salsa picante \u00fanicas de 500 ml con dise\u00f1o texturizado, a granel."},"content":{"rendered":"<p>Se trata de una botella de salsa picante exclusiva y \u00fanica, con un dise\u00f1o retro, cuello y base de textura agradable y detalles acanalados. La botella est\u00e1 fabricada en cristal transparente y cuenta con un tap\u00f3n de rosca negro liso.<\/p>\n<h2>Caracter\u00edsticas del producto<\/h2>\n<ul>\n<li><strong>Detalles ornamentales acanalados:<\/strong> Los detalles acanalados en el cuello y la base proporcionan un mejor agarre, crean una textura visual y refuerzan la impresi\u00f3n vintage.<\/li>\n<li><strong>Cristal de visualizaci\u00f3n de claridad superior:<\/strong> El vaso transparente es como una ventana transparente que permite apreciar el color, la consistencia de la salsa y cualquier impureza que pueda contener, sin ning\u00fan defecto.<\/li>\n<li><strong>Gorra negra sencilla:<\/strong> La tapa de rosca negra mate o brillante proporcionar\u00eda un ajuste perfecto y un efecto de contraste limpio.<\/li>\n<\/ul>\n<h2 style=\"text-align: left;\">Especificaciones clave<\/h2>\n<table class=\"aligncenter\" style=\"border-collapse: collapse; width: 498.77pt;\" border=\"0\" width=\"665\" cellspacing=\"0\" cellpadding=\"0\">\n<tbody>\n<tr style=\"height: 13.50pt;\">\n<td style=\"height: 13.50pt; width: 118.50pt;\" width=\"158\" height=\"18\">Caracter\u00edstica<\/td>\n<td style=\"width: 380.25pt;\" width=\"507\">Especificaci\u00f3n<\/td>\n<\/tr>\n<tr style=\"height: 13.50pt;\">\n<td style=\"height: 13.50pt;\" height=\"18\">Capacidad<\/td>\n<td>500 ml<\/td>\n<\/tr>\n<tr style=\"height: 13.50pt;\">\n<td style=\"height: 13.50pt;\" height=\"18\">Tama\u00f1o del embalaje<\/td>\n<td>23\u00d718\u00d720cm<\/td>\n<\/tr>\n<tr style=\"height: 13.50pt;\">\n<td style=\"height: 13.50pt;\" height=\"18\">Forma<\/td>\n<td>Alto y cil\u00edndrico, con cuello largo y hombros acampanados.<\/td>\n<\/tr>\n<tr style=\"height: 13.50pt;\">\n<td style=\"height: 13.50pt;\" height=\"18\">Material<\/td>\n<td>Botella de vidrio transparente, resistente, apta para uso alimentario, sin plomo<\/td>\n<\/tr>\n<tr style=\"height: 13.50pt;\">\n<td style=\"height: 13.50pt;\" height=\"18\">Detalle de la superficie<\/td>\n<td>Banda texturizada en relieve en la base y el cuello<\/td>\n<\/tr>\n<tr style=\"height: 13.50pt;\">\n<td style=\"height: 13.50pt;\" height=\"18\">Cierre<\/td>\n<td>Bocal Mason \u00e0 large ouverture avec couvercle pour aliments ou miel<\/td>\n<\/tr>\n<tr style=\"height: 13.50pt;\">\n<td style=\"height: 13.50pt;\" height=\"18\">Mejor para<\/td>\n<td>bocaux Mason en verre avec couvercles<\/td>\n<\/tr>\n<tr style=\"height: 13.50pt;\">\n<td style=\"height: 13.50pt;\" height=\"18\">Uso ideal<\/td>\n<td>Botellas de salsa picante al por mayor, botellas de salsa picante \u00fanicas<\/td>\n<\/tr>\n<\/tbody>\n<\/table>\n<h2>Historia de \u00e9xito<\/h2>\n<p>Una de las marcas m\u00e1s populares de salsa picante de Luisiana eligi\u00f3 nuestras botellas de vidrio para sus salsas y cre\u00f3 una etiqueta serigrafiada de estilo vintage. Su botella personalizada fue un \u00e9xito rotundo: su aspecto cl\u00e1sico encajaba a la perfecci\u00f3n con la historia de la marca y, como resultado, las ventas en tiendas de regalos y tiendas de alimentos especializados aumentaron un 25 %. El dise\u00f1o texturizado de la botella realz\u00f3 la tradici\u00f3n de la marca, lo que provoc\u00f3 un incremento del 35 % en las ventas de regalos. Por ello, realizaron un nuevo pedido de 400 000 botellas de su nueva l\u00ednea de mermelada de chile y verduras encurtidas.<\/p>\n<h2>Sugerencias de personalizaci\u00f3n de botellas de vidrio para salsas<\/h2>\n<ul>\n<li><strong>Colores del vidrio texturizado:<\/strong> Se pueden a\u00f1adir dise\u00f1os texturizados al vidrio de color, como \u00e1mbar o verde, lo que har\u00e1 que la botella de salsa picante tenga un aspecto realmente \u00fanico.<\/li>\n<li><strong>Combinaci\u00f3n de colores de la gorra:<\/strong> Personaliza el color de la tapa. Puedes usar tapas de rosca doradas, plateadas o negras mate para darle un nuevo aspecto al envase.<\/li>\n<li><strong>Varios patrones de textura:<\/strong> Los dise\u00f1os pueden ser de muchos tipos: texturas verticales, patrones de rombos o un sutil logotipo esmerilado en la textura.<\/li>\n<li><strong>Opciones de reguladores de flujo:<\/strong> El regulador de flujo de un tama\u00f1o determinado es la opci\u00f3n ideal para un control perfecto del flujo de salsas espesas o vinagres ligeros.<\/li>\n<\/ul>","protected":false},"excerpt":{"rendered":"<p>Elegantes y exclusivas botellas para salsas picantes con cuello y base texturizados. Botellas de vidrio de primera calidad para salsas, venta al por mayor directa de f\u00e1brica con env\u00edo r\u00e1pido.<\/p>","protected":false},"featured_media":23253,"template":"","meta":[],"product_brand":[],"product_cat":[129,123,122],"product_tag":[],"class_list":{"0":"post-23250","1":"product","2":"type-product","3":"status-publish","4":"has-post-thumbnail","6":"product_cat-hot-sauce-bottles","7":"product_cat-custom-glass-bottles","8":"product_cat-custom-glass-packaging","10":"first","11":"instock","12":"shipping-taxable","13":"product-type-simple"},"jetpack_sharing_enabled":true,"_links":{"self":[{"href":"https:\/\/yebodaglass.com\/es\/wp-json\/wp\/v2\/product\/23250","targetHints":{"allow":["GET"]}}],"collection":[{"href":"https:\/\/yebodaglass.com\/es\/wp-json\/wp\/v2\/product"}],"about":[{"href":"https:\/\/yebodaglass.com\/es\/wp-json\/wp\/v2\/types\/product"}],"version-history":[{"count":5,"href":"https:\/\/yebodaglass.com\/es\/wp-json\/wp\/v2\/product\/23250\/revisions"}],"predecessor-version":[{"id":25590,"href":"https:\/\/yebodaglass.com\/es\/wp-json\/wp\/v2\/product\/23250\/revisions\/25590"}],"wp:featuredmedia":[{"embeddable":true,"href":"https:\/\/yebodaglass.com\/es\/wp-json\/wp\/v2\/media\/23253"}],"wp:attachment":[{"href":"https:\/\/yebodaglass.com\/es\/wp-json\/wp\/v2\/media?parent=23250"}],"wp:term":[{"taxonomy":"product_brand","embeddable":true,"href":"https:\/\/yebodaglass.com\/es\/wp-json\/wp\/v2\/product_brand?post=23250"},{"taxonomy":"product_cat","embeddable":true,"href":"https:\/\/yebodaglass.com\/es\/wp-json\/wp\/v2\/product_cat?post=23250"},{"taxonomy":"product_tag","embeddable":true,"href":"https:\/\/yebodaglass.com\/es\/wp-json\/wp\/v2\/product_tag?post=23250"}],"curies":[{"name":"wp","href":"https:\/\/api.w.org\/{rel}","templated":true}]}}