{"id":23225,"date":"2025-11-05T10:06:40","date_gmt":"2025-11-05T02:06:40","guid":{"rendered":"https:\/\/yebodaglass.com\/?post_type=product&#038;p=23225"},"modified":"2026-04-10T09:35:05","modified_gmt":"2026-04-10T01:35:05","slug":"stainless-steel-seasoning-shakers-with-glass-window-bulk","status":"publish","type":"product","link":"https:\/\/yebodaglass.com\/es\/stainless-steel-seasoning-shakers-with-glass-window-bulk\/","title":{"rendered":"Saleros y pimenteros de acero inoxidable de 85 g con ventana de vidrio (a granel)"},"content":{"rendered":"<p>Estos saleros y pimenteros tienen una forma cil\u00edndrica y elegante, con el exterior fabricado en acero inoxidable cepillado y el interior con una ventana transparente de forma ovalada que permite ver claramente los condimentos de colores brillantes que contiene.<\/p>\n<h2>Caracter\u00edsticas del producto<\/h2>\n<ul>\n<li><strong>Botellas de acero inoxidable de calidad:<\/strong> Su cuerpo de acero inoxidable cepillado es resistente a la oxidaci\u00f3n, f\u00e1cil de limpiar y lo suficientemente robusto para satisfacer las necesidades diarias de la cocina.<\/li>\n<li><strong>Ventana de visualizaci\u00f3n integrada:<\/strong> La ventana ovalada transparente permite determinar f\u00e1cilmente el tipo y la cantidad de condimentos que quedan sin desperdiciar ninguno.<\/li>\n<li><strong>Tapa ajustable para agitar:<\/strong> El tap\u00f3n de rosca tiene un dial giratorio que cambia a tres posiciones: cerrar, rociar y verter, lo que permite controlar el tap\u00f3n con precisi\u00f3n.<\/li>\n<\/ul>\n<h2>Especificaciones clave<\/h2>\n<table style=\"border-collapse: collapse; width: 80%; height: auto; margin-left: auto; margin-right: auto;\" border=\"0\" width=\"360\" cellspacing=\"0\" cellpadding=\"0\">\n<tbody>\n<tr style=\"height: 13.50pt;\">\n<td style=\"height: 13.5pt; width: 54pt; text-align: center;\" width=\"72\" height=\"18\">Capacidad<\/td>\n<td style=\"width: 54pt; text-align: center;\" width=\"72\">Forma<\/td>\n<td style=\"width: 54pt; text-align: center;\" width=\"72\">Material<\/td>\n<td style=\"width: 54pt; text-align: center;\" width=\"72\">Opciones de color<\/td>\n<td style=\"width: 54pt; text-align: center;\" width=\"72\">Uso<\/td>\n<\/tr>\n<tr style=\"height: 13.50pt;\">\n<td style=\"height: 13.5pt; text-align: center;\" height=\"18\">80 ml, 90 ml, 100 ml<\/td>\n<td style=\"text-align: center;\">Cilindro<\/td>\n<td style=\"text-align: center;\">Acero inoxidable 304 + vidrio<\/td>\n<td style=\"text-align: center;\">Rojo, negro, azul, verde<\/td>\n<td style=\"text-align: center;\">Para sal, pimienta, hojuelas de chile u otras especias molidas<\/td>\n<\/tr>\n<\/tbody>\n<\/table>\n<h2>Caso de \u00e9xito: Reapertura de una cadena de restaurantes de mariscos en Florida<\/h2>\n<p>Una cadena de restaurantes de mariscos de Florida eligi\u00f3 nuestros frascos de especias de acero inoxidable, que personalizaron el dise\u00f1o de sus botellas y su logotipo. La ventana transparente permite a los camareros rellenar los frascos r\u00e1pidamente, evitando as\u00ed que se queden vac\u00edos y agilizando el servicio de mesa en un 15 %. El tap\u00f3n ajustable reduce el desperdicio; la respuesta de los clientes ha demostrado que se ha minimizado aproximadamente un 15 % del desperdicio de condimentos. La cadena de restaurantes qued\u00f3 tan satisfecha con el producto que encarg\u00f3 m\u00e1s de 100 000 frascos de especias para abastecer sus 50 establecimientos y, adem\u00e1s, lanz\u00f3 una nueva l\u00ednea de venta al por menor de su propia marca de condimentos.<\/p>\n<h2>Tu manual de personalizaci\u00f3n<\/h2>\n<ul>\n<li><strong>Acabados y colores de las botellas:<\/strong> Las botellas est\u00e1n disponibles en acero inoxidable tradicional, acero inoxidable negro, cobre o bronce.<\/li>\n<li><strong>Dise\u00f1o de la ventana:<\/strong> Ventanas adaptables con formas redondas, cuadradas y con logotipo de marca.<\/li>\n<li><strong>Revestimientos de la tapa:<\/strong> Existen varios tipos de perforaciones disponibles, como perforaciones finas, perforaciones medianas y perforaciones gruesas.<\/li>\n<\/ul>","protected":false},"excerpt":{"rendered":"<p>Saleros y pimenteros de alta calidad con carcasa de acero inoxidable cepillado y tapa ajustable. Botellas para especias fiables, perfectas para especias y hierbas de cocina. Env\u00edo r\u00e1pido.<\/p>","protected":false},"featured_media":23242,"template":"","meta":[],"product_brand":[],"product_cat":[128,124,122],"product_tag":[],"class_list":{"0":"post-23225","1":"product","2":"type-product","3":"status-publish","4":"has-post-thumbnail","6":"product_cat-spice-jars","7":"product_cat-custom-glass-jars","8":"product_cat-custom-glass-packaging","10":"first","11":"instock","12":"shipping-taxable","13":"product-type-simple"},"jetpack_sharing_enabled":true,"_links":{"self":[{"href":"https:\/\/yebodaglass.com\/es\/wp-json\/wp\/v2\/product\/23225","targetHints":{"allow":["GET"]}}],"collection":[{"href":"https:\/\/yebodaglass.com\/es\/wp-json\/wp\/v2\/product"}],"about":[{"href":"https:\/\/yebodaglass.com\/es\/wp-json\/wp\/v2\/types\/product"}],"version-history":[{"count":5,"href":"https:\/\/yebodaglass.com\/es\/wp-json\/wp\/v2\/product\/23225\/revisions"}],"predecessor-version":[{"id":25475,"href":"https:\/\/yebodaglass.com\/es\/wp-json\/wp\/v2\/product\/23225\/revisions\/25475"}],"wp:featuredmedia":[{"embeddable":true,"href":"https:\/\/yebodaglass.com\/es\/wp-json\/wp\/v2\/media\/23242"}],"wp:attachment":[{"href":"https:\/\/yebodaglass.com\/es\/wp-json\/wp\/v2\/media?parent=23225"}],"wp:term":[{"taxonomy":"product_brand","embeddable":true,"href":"https:\/\/yebodaglass.com\/es\/wp-json\/wp\/v2\/product_brand?post=23225"},{"taxonomy":"product_cat","embeddable":true,"href":"https:\/\/yebodaglass.com\/es\/wp-json\/wp\/v2\/product_cat?post=23225"},{"taxonomy":"product_tag","embeddable":true,"href":"https:\/\/yebodaglass.com\/es\/wp-json\/wp\/v2\/product_tag?post=23225"}],"curies":[{"name":"wp","href":"https:\/\/api.w.org\/{rel}","templated":true}]}}