{"id":23199,"date":"2025-11-04T16:03:47","date_gmt":"2025-11-04T08:03:47","guid":{"rendered":"https:\/\/yebodaglass.com\/?post_type=product&#038;p=23199"},"modified":"2026-03-24T13:23:16","modified_gmt":"2026-03-24T05:23:16","slug":"wholesale-square-glass-empty-hot-sauce-bottles","status":"publish","type":"product","link":"https:\/\/yebodaglass.com\/es\/wholesale-square-glass-empty-hot-sauce-bottles\/","title":{"rendered":"Botellas cuadradas de vidrio vac\u00edas para salsa picante al por mayor, de 100 ml, 150 ml y 250 ml."},"content":{"rendered":"<p>Se trata de botellas vac\u00edas de salsa picante, de forma rectangular y lados lisos, fabricadas en vidrio cristalino, con cuello roscado y tapa de rosca negra lisa.<\/p>\n<h2>Caracter\u00edsticas del producto<\/h2>\n<ul>\n<li><strong>Vidrio transparente:<\/strong> Las paredes de cristal son transparentes, lo que permite ver f\u00e1cilmente el interior y comprobar los niveles de llenado, algo ideal para salsas y aderezos de colores.<\/li>\n<li><strong>Tap\u00f3n de rosca negro seguro:<\/strong> La tapa de pl\u00e1stico negro liso cierra herm\u00e9ticamente, manteniendo as\u00ed las salsas frescas y evitando fugas.<\/li>\n<li><strong>Cuadrado con esquinas redondeadas:<\/strong> El dise\u00f1o de esta botella es c\u00f3nico, redondeado y cuadrado, adem\u00e1s de ofrecer un agarre c\u00f3modo y antideslizante, lo que permite apilar las botellas y ahorra espacio de almacenamiento y transporte.<\/li>\n<\/ul>\n<h2 style=\"text-align: left;\">Especificaciones clave<\/h2>\n<table class=\"aligncenter\" style=\"border-collapse: collapse; width: 702.77pt;\" border=\"0\" width=\"937\" cellspacing=\"0\" cellpadding=\"0\">\n<tbody>\n<tr style=\"height: 13.50pt;\">\n<td style=\"height: 13.50pt; width: 112.50pt;\" width=\"150\" height=\"18\">Art\u00edculo<\/td>\n<td style=\"width: 590.25pt;\" width=\"787\">Detalles<\/td>\n<\/tr>\n<tr style=\"height: 13.50pt;\">\n<td style=\"height: 13.50pt;\" height=\"18\">Capacidad<\/td>\n<td>100 ml\/3 oz (4 \u00d7 13,2 cm), 150 ml\/5 oz (4,4 \u00d7 16,6 cm), 250 ml\/8 oz (5,1 \u00d7 19,7 cm)<\/td>\n<\/tr>\n<tr style=\"height: 13.50pt;\">\n<td style=\"height: 13.50pt;\" height=\"18\">Forma<\/td>\n<td>Secci\u00f3n transversal cuadrada con esquinas redondeadas<\/td>\n<\/tr>\n<tr style=\"height: 13.50pt;\">\n<td style=\"height: 13.50pt;\" height=\"18\">Material<\/td>\n<td>Vidrio transparente, apto para uso alimentario, sin plomo<\/td>\n<\/tr>\n<tr style=\"height: 13.50pt;\">\n<td style=\"height: 13.50pt;\" height=\"18\">Tapa<\/td>\n<td>Tapa de rosca negra mate, blanca y roja<\/td>\n<\/tr>\n<tr style=\"height: 13.50pt;\">\n<td style=\"height: 13.50pt;\" height=\"18\">Mejores usos<\/td>\n<td>Salsa de chile, salsa barbacoa, aderezo para ensaladas, condimentos<\/td>\n<\/tr>\n<tr style=\"height: 13.50pt;\">\n<td style=\"height: 13.50pt;\" height=\"18\">Usos ideales<\/td>\n<td>Botellas de salsa picante al por mayor, botellas de vidrio para aderezo<\/td>\n<\/tr>\n<\/tbody>\n<\/table>\n<h2>Historia de \u00e9xito: C\u00f3mo las botellas cuadradas ayudaron a las marcas de alimentos a crecer<\/h2>\n<p>Una marca de aceites de cocina aromatizados y un condimento a base de vinagre buscaba un envase que reflejara su imagen moderna y sofisticada. Finalmente, se decidieron por nuestras botellas cuadradas de vidrio grueso de 250 ml para condimentos y realizaron un primer pedido de 1000 unidades. El resultado fue un \u00e9xito rotundo. Muchos compradores se sintieron atra\u00eddos por la singular forma cuadrada del producto, lo que impuls\u00f3 las ventas en un 70 %. Adem\u00e1s, el vidrio grueso redujo las roturas durante el env\u00edo en un 45 %. La empresa no tard\u00f3 en realizar un segundo pedido de 30\u00a0000 botellas y lanz\u00f3 un producto de 150 ml a juego. Ahora, han empleado este dise\u00f1o cuadrado en todas sus l\u00edneas de productos y realizan pedidos de m\u00e1s de 200.000 botellas cada trimestre.<\/p>\n<h2>Opciones de personalizaci\u00f3n de botellas de vidrio para aderezo<\/h2>\n<ul>\n<li><strong>Paneles esmerilados:<\/strong> Para un estilo elegante y contempor\u00e1neo, a\u00f1ade paneles verticales esmerilados en contraste a los lados de la botella cuadrada.<\/li>\n<li><strong>Logotipo en relieve:<\/strong> Graba tu logotipo en relieve en una de las superficies planas para lograr una imagen de marca sutil y de alta clase.<\/li>\n<li><strong>Opciones de vitrales:<\/strong> El tallo cuadrado puede ser de vidrio \u00e1mbar o verde para proteger el aceite y el vinagre, que son sensibles a la luz, de las manchas.<\/li>\n<\/ul>\n<p>\u00bfEst\u00e1s listo para llevar tu empaque al siguiente nivel? Cont\u00e1ctanos hoy para obtener precios al por mayor en botellas cuadradas vac\u00edas de salsa de chile y botellas de vidrio para aderezo de ensaladas.<\/p>","protected":false},"excerpt":{"rendered":"<p>Botellas de salsa picante y aderezo vac\u00edas de primera calidad, fabricadas en vidrio cuadrado resistente con un dise\u00f1o elegante y moderno. Logotipo personalizable disponible. \u00a1Muestras gratuitas!<\/p>","protected":false},"featured_media":23208,"template":"","meta":[],"product_brand":[],"product_cat":[129,123,122],"product_tag":[],"class_list":{"0":"post-23199","1":"product","2":"type-product","3":"status-publish","4":"has-post-thumbnail","6":"product_cat-hot-sauce-bottles","7":"product_cat-custom-glass-bottles","8":"product_cat-custom-glass-packaging","10":"first","11":"instock","12":"shipping-taxable","13":"product-type-simple"},"jetpack_sharing_enabled":true,"_links":{"self":[{"href":"https:\/\/yebodaglass.com\/es\/wp-json\/wp\/v2\/product\/23199","targetHints":{"allow":["GET"]}}],"collection":[{"href":"https:\/\/yebodaglass.com\/es\/wp-json\/wp\/v2\/product"}],"about":[{"href":"https:\/\/yebodaglass.com\/es\/wp-json\/wp\/v2\/types\/product"}],"version-history":[{"count":5,"href":"https:\/\/yebodaglass.com\/es\/wp-json\/wp\/v2\/product\/23199\/revisions"}],"predecessor-version":[{"id":25582,"href":"https:\/\/yebodaglass.com\/es\/wp-json\/wp\/v2\/product\/23199\/revisions\/25582"}],"wp:featuredmedia":[{"embeddable":true,"href":"https:\/\/yebodaglass.com\/es\/wp-json\/wp\/v2\/media\/23208"}],"wp:attachment":[{"href":"https:\/\/yebodaglass.com\/es\/wp-json\/wp\/v2\/media?parent=23199"}],"wp:term":[{"taxonomy":"product_brand","embeddable":true,"href":"https:\/\/yebodaglass.com\/es\/wp-json\/wp\/v2\/product_brand?post=23199"},{"taxonomy":"product_cat","embeddable":true,"href":"https:\/\/yebodaglass.com\/es\/wp-json\/wp\/v2\/product_cat?post=23199"},{"taxonomy":"product_tag","embeddable":true,"href":"https:\/\/yebodaglass.com\/es\/wp-json\/wp\/v2\/product_tag?post=23199"}],"curies":[{"name":"wp","href":"https:\/\/api.w.org\/{rel}","templated":true}]}}