{"id":23183,"date":"2025-11-04T17:02:49","date_gmt":"2025-11-04T09:02:49","guid":{"rendered":"https:\/\/yebodaglass.com\/?post_type=product&#038;p=23183"},"modified":"2026-03-17T15:44:22","modified_gmt":"2026-03-17T07:44:22","slug":"clear-glass-spice-containers-with-horizontal-ribbed-bulk","status":"publish","type":"product","link":"https:\/\/yebodaglass.com\/es\/clear-glass-spice-containers-with-horizontal-ribbed-bulk\/","title":{"rendered":"Recipientes de vidrio transparente de 250 ml para especias con ranuras horizontales."},"content":{"rendered":"<p>Este especiero tiene una botella de vidrio curvada y con una textura distintiva. No solo es agradable al tacto, sino que tambi\u00e9n ofrece un buen agarre antideslizante. La botella es transparente, lo que permite apreciar los colores de las especias. La tapa es de acero inoxidable pulido y cuenta con m\u00faltiples orificios diminutos para una dosificaci\u00f3n precisa.<\/p>\n<h2>Caracter\u00edsticas del producto<\/h2>\n<ul>\n<li><strong>Botella antideslizante con dise\u00f1o ondulado:<\/strong> El dise\u00f1o ondulado es circular y multicapa, y ofrece un mayor agarre gracias a la mayor resistencia de la estructura de la botella, lo que evita que se vuelque.<\/li>\n<li><strong>Vidrio de alta transparencia:<\/strong> Se trata de un excelente recipiente de vidrio de alta transparencia, fabricado con un material apto para uso alimentario. El recipiente es muy transparente y la forma y la cantidad de especias granuladas en su interior se pueden identificar f\u00e1cilmente con solo mirarlo.<\/li>\n<li><strong>Tap\u00f3n de rosca met\u00e1lico multiperforado:<\/strong> El tap\u00f3n de rosca met\u00e1lico multiperforado, fabricado en plata, tiene perforaciones distribuidas uniformemente, lo que garantiza una dosificaci\u00f3n precisa de la especia granulada y elimina derrames y desperdicios.<\/li>\n<\/ul>\n<h2>Especificaciones clave<\/h2>\n<table style=\"border-collapse: collapse; width: 80%; margin-left: auto; margin-right: auto;\" border=\"0\" width=\"360\" cellspacing=\"0\" cellpadding=\"0\">\n<tbody>\n<tr style=\"height: 13.50pt;\">\n<td style=\"height: 13.5pt; width: 54pt; text-align: center;\" width=\"72\" height=\"18\">Capacidad<\/td>\n<td style=\"width: 54pt; text-align: center;\" width=\"72\">Tama\u00f1o (cm)<\/td>\n<td style=\"width: 54pt; text-align: center;\" width=\"72\">Tipo de tapa<\/td>\n<td style=\"width: 54pt; text-align: center;\" width=\"72\">Forma<\/td>\n<td style=\"width: 54pt; text-align: center;\" width=\"72\">Uso<\/td>\n<\/tr>\n<tr style=\"height: 13.50pt;\">\n<td style=\"height: 13.5pt; text-align: center;\" height=\"18\">250 ml<\/td>\n<td style=\"text-align: center;\">7,0 x 12<\/td>\n<td style=\"text-align: center;\">Tapa de tamiz de doble capa de metal<\/td>\n<td style=\"text-align: center;\">Cilindro<\/td>\n<td style=\"text-align: center;\">Para sal, pimienta y hierbas; de uso dom\u00e9stico y en restaurantes.<\/td>\n<\/tr>\n<\/tbody>\n<\/table>\n<h2>Caso de \u00e9xito<\/h2>\n<p>Nuestro frasco de especias de vidrio estriado fue seleccionado por una marca brit\u00e1nica de alimentos especializados. Se dise\u00f1\u00f3 una textura estriada esmerilada a medida y una tapa de rosca color cobre. Una de sus principales ventajas es su mejor agarre, mencionado en el 25 % de las rese\u00f1as positivas de los clientes. Las especias se presentan a la perfecci\u00f3n en el vidrio transparente gracias a su color y calidad. La marca ha tenido un gran \u00e9xito y, desde entonces, ha encargado 200.000 frascos de vidrio adicionales para envasar su amplia gama de especias y venderlas en grandes almacenes de alta gama.<\/p>\n<h2>Personalizaci\u00f3n de envases para especias<\/h2>\n<ul>\n<li>Perfil acanalado: El ancho, la profundidad y la distancia entre las nervaduras horizontales se pueden personalizar para crear una experiencia t\u00e1ctil individual.<\/li>\n<li>Tipo de orificios para agitar: Pueden ser de diferentes tama\u00f1os (orificios peque\u00f1os para especias en polvo, orificios grandes para especias en escamas) o puede tener dos orificios.<\/li>\n<li>Serigraf\u00eda: Imprime graduaciones, nombres de especias o peque\u00f1os detalles decorativos en los bordes de la botella de vidrio.<\/li>\n<li>Tama\u00f1os y capacidades: El dise\u00f1o acanalado es del mismo tipo, pero en una gama de tama\u00f1os, es decir, botellas de 30 ml a botellas de 200 ml.<\/li>\n<\/ul>","protected":false},"excerpt":{"rendered":"<p>Especiero de vidrio resistente con cuerpo texturizado y tapa met\u00e1lica con dosificador. Pr\u00e1ctico frasco ideal para guardar pimienta, hierbas y condimentos. Muestras gratis.<\/p>","protected":false},"featured_media":23194,"template":"","meta":[],"product_brand":[],"product_cat":[20,128,83],"product_tag":[],"class_list":{"0":"post-23183","1":"product","2":"type-product","3":"status-publish","4":"has-post-thumbnail","6":"product_cat-glass-containers","7":"product_cat-spice-jars","8":"product_cat-glass-jars","10":"first","11":"instock","12":"shipping-taxable","13":"product-type-simple"},"jetpack_sharing_enabled":true,"_links":{"self":[{"href":"https:\/\/yebodaglass.com\/es\/wp-json\/wp\/v2\/product\/23183","targetHints":{"allow":["GET"]}}],"collection":[{"href":"https:\/\/yebodaglass.com\/es\/wp-json\/wp\/v2\/product"}],"about":[{"href":"https:\/\/yebodaglass.com\/es\/wp-json\/wp\/v2\/types\/product"}],"version-history":[{"count":5,"href":"https:\/\/yebodaglass.com\/es\/wp-json\/wp\/v2\/product\/23183\/revisions"}],"predecessor-version":[{"id":25477,"href":"https:\/\/yebodaglass.com\/es\/wp-json\/wp\/v2\/product\/23183\/revisions\/25477"}],"wp:featuredmedia":[{"embeddable":true,"href":"https:\/\/yebodaglass.com\/es\/wp-json\/wp\/v2\/media\/23194"}],"wp:attachment":[{"href":"https:\/\/yebodaglass.com\/es\/wp-json\/wp\/v2\/media?parent=23183"}],"wp:term":[{"taxonomy":"product_brand","embeddable":true,"href":"https:\/\/yebodaglass.com\/es\/wp-json\/wp\/v2\/product_brand?post=23183"},{"taxonomy":"product_cat","embeddable":true,"href":"https:\/\/yebodaglass.com\/es\/wp-json\/wp\/v2\/product_cat?post=23183"},{"taxonomy":"product_tag","embeddable":true,"href":"https:\/\/yebodaglass.com\/es\/wp-json\/wp\/v2\/product_tag?post=23183"}],"curies":[{"name":"wp","href":"https:\/\/api.w.org\/{rel}","templated":true}]}}