{"id":23180,"date":"2025-11-04T14:52:48","date_gmt":"2025-11-04T06:52:48","guid":{"rendered":"https:\/\/yebodaglass.com\/?post_type=product&#038;p=23180"},"modified":"2025-11-04T17:40:01","modified_gmt":"2025-11-04T09:40:01","slug":"bulk-sauce-containers-8oz-glass-bottle-for-hot-sauce","status":"publish","type":"product","link":"https:\/\/yebodaglass.com\/es\/bulk-sauce-containers-8oz-glass-bottle-for-hot-sauce\/","title":{"rendered":"Envases a granel para salsa: botella de vidrio de 8 oz para salsa picante"},"content":{"rendered":"<p>Estos recipientes para salsa tienen un cuerpo de vidrio transparente con una elegante forma c\u00f3nica y una tapa roja, lo que les confiere una apariencia sencilla pero distintiva que es absolutamente compatible con el color de la salsa en su interior.<\/p>\n<h2>Caracter\u00edsticas del producto<\/h2>\n<ul>\n<li><strong>Material de vidrio transparente:<\/strong> El recipiente est\u00e1 fabricado en vidrio transparente, lo que permite ver al mismo tiempo tanto el color como la cantidad de salsa.<\/li>\n<li><strong>Dise\u00f1o entallado:<\/strong> El envase est\u00e1 decorado con un dise\u00f1o en la cintura que presenta l\u00edneas suaves y \u00fanicas, lo que no solo embellece el producto sino que tambi\u00e9n facilita el reconocimiento de la marca.<\/li>\n<li><strong>Capacidad \u00fanica:<\/strong> La capacidad \u00fanica de este recipiente para salsas es la \u00fanica opci\u00f3n disponible para que los usuarios puedan satisfacer sus necesidades espec\u00edficas, siendo a la vez adecuado para el uso dom\u00e9stico diario, servicios de catering y diversas otras ocasiones.<\/li>\n<\/ul>\n<h2 style=\"text-align: left;\">Especificaciones clave<\/h2>\n<table class=\"aligncenter\" style=\"border-collapse: collapse; width: 409.52pt;\" border=\"0\" width=\"546\" cellspacing=\"0\" cellpadding=\"0\">\n<tbody>\n<tr style=\"height: 13.50pt;\">\n<td style=\"height: 13.50pt; width: 112.50pt;\" width=\"150\" height=\"18\">Caracter\u00edstica<\/td>\n<td style=\"width: 297.00pt;\" width=\"396\">Especificaci\u00f3n<\/td>\n<\/tr>\n<tr style=\"height: 13.50pt;\">\n<td style=\"height: 13.50pt;\" height=\"18\">Capacidad<\/td>\n<td>250 ml (8 oz)<\/td>\n<\/tr>\n<tr style=\"height: 13.50pt;\">\n<td style=\"height: 13.50pt;\" height=\"18\">Forma de botella<\/td>\n<td>Cintura cil\u00edndrica (secci\u00f3n media esculpida)<\/td>\n<\/tr>\n<tr style=\"height: 13.50pt;\">\n<td style=\"height: 13.50pt;\" height=\"18\">Material<\/td>\n<td>vidrio transparente y robusto<\/td>\n<\/tr>\n<tr style=\"height: 13.50pt;\">\n<td style=\"height: 13.50pt;\" height=\"18\">Cierre<\/td>\n<td>Tapa de rosca roja<\/td>\n<\/tr>\n<tr style=\"height: 13.50pt;\">\n<td style=\"height: 13.50pt;\" height=\"18\">Tama\u00f1o del embalaje<\/td>\n<td>15 cm \u00d7 17 cm \u00d7 30 cm<\/td>\n<\/tr>\n<tr style=\"height: 13.50pt;\">\n<td style=\"height: 13.50pt;\" height=\"18\">Mejor para<\/td>\n<td>Salsa picante, salsa barbacoa, aderezo, condimento<\/td>\n<\/tr>\n<tr style=\"height: 13.50pt;\">\n<td style=\"height: 13.50pt;\" height=\"18\">Uso ideal<\/td>\n<td>Envases para salsa picante, botellas de salsa al por mayor<\/td>\n<\/tr>\n<\/tbody>\n<\/table>\n<h2>Historia de \u00e9xito: De mercado local a tiendas minoristas a nivel nacional<\/h2>\n<p>Un peque\u00f1o productor de salsa habanera, inicialmente, solo abastec\u00eda a mercados locales. Al expandir su negocio, buscaban una botella para salsa con una imagen profesional y escalable. Finalmente, eligieron nuestros envases de 250 ml con forma c\u00f3nica para salsa picante y los personalizaron con su logotipo. Su primer pedido fue de tan solo 2000 botellas. Los resultados fueron impresionantes. Desde el principio, el dise\u00f1o c\u00f3nico gener\u00f3 un aumento significativo en el reconocimiento de la marca: una marca de salsa picante report\u00f3 un incremento del 47 % en las ventas minoristas y del 65 % en las compras repetidas. Gracias a este \u00e9xito, la cadena realiz\u00f3 otro pedido de 500\u00a0000 botellas m\u00e1s de salsa picante. De hecho, la empresa actualmente utiliza estos envases para todas sus l\u00edneas de productos y tiene un pedido anual de m\u00e1s de 300\u00a0000 unidades.<\/p>\n<h2>Personalizaci\u00f3n de envases de salsa picante:<\/h2>\n<ul>\n<li><strong>Acabado fresado:<\/strong> El producto est\u00e1 grabado al \u00e1cido para lograr un acabado mate m\u00e1s bonito, una sensaci\u00f3n de lujo y menos marcas de huellas dactilares.<\/li>\n<li><strong>Rejillas elevadas:<\/strong> El cristal puede tener graduaciones en relieve, tanto pr\u00e1cticas como est\u00e9ticas, que resultan \u00fatiles y hacen que el producto parezca m\u00e1s lujoso.<\/li>\n<li><strong>Patrones de vidrio texturizado:<\/strong> El vidrio puede formarse con diamantes o rayas no solo para lograr una superficie de agarre distintiva, sino tambi\u00e9n con fines decorativos.<\/li>\n<li><strong>Dise\u00f1o de cuello ancho:<\/strong> El ajuste del cuello se realiza para facilitar el relleno con salsas espesas que contienen hojuelas y semillas de chile.<\/li>\n<\/ul>","protected":false},"excerpt":{"rendered":"<p>Envases de vidrio transparente personalizados para salsas, con tapa met\u00e1lica y dise\u00f1o ajustable en la cintura. Ideales para envasado profesional de salsas. \u00a1Muestras gratis con pedidos al por mayor!<\/p>","protected":false},"featured_media":23184,"template":"","meta":[],"product_brand":[],"product_cat":[122,123,129],"product_tag":[],"class_list":{"0":"post-23180","1":"product","2":"type-product","3":"status-publish","4":"has-post-thumbnail","6":"product_cat-custom-glass-packaging","7":"product_cat-custom-glass-bottles","8":"product_cat-hot-sauce-bottles","10":"first","11":"instock","12":"shipping-taxable","13":"product-type-simple"},"jetpack_sharing_enabled":true,"_links":{"self":[{"href":"https:\/\/yebodaglass.com\/es\/wp-json\/wp\/v2\/product\/23180","targetHints":{"allow":["GET"]}}],"collection":[{"href":"https:\/\/yebodaglass.com\/es\/wp-json\/wp\/v2\/product"}],"about":[{"href":"https:\/\/yebodaglass.com\/es\/wp-json\/wp\/v2\/types\/product"}],"version-history":[{"count":6,"href":"https:\/\/yebodaglass.com\/es\/wp-json\/wp\/v2\/product\/23180\/revisions"}],"predecessor-version":[{"id":23222,"href":"https:\/\/yebodaglass.com\/es\/wp-json\/wp\/v2\/product\/23180\/revisions\/23222"}],"wp:featuredmedia":[{"embeddable":true,"href":"https:\/\/yebodaglass.com\/es\/wp-json\/wp\/v2\/media\/23184"}],"wp:attachment":[{"href":"https:\/\/yebodaglass.com\/es\/wp-json\/wp\/v2\/media?parent=23180"}],"wp:term":[{"taxonomy":"product_brand","embeddable":true,"href":"https:\/\/yebodaglass.com\/es\/wp-json\/wp\/v2\/product_brand?post=23180"},{"taxonomy":"product_cat","embeddable":true,"href":"https:\/\/yebodaglass.com\/es\/wp-json\/wp\/v2\/product_cat?post=23180"},{"taxonomy":"product_tag","embeddable":true,"href":"https:\/\/yebodaglass.com\/es\/wp-json\/wp\/v2\/product_tag?post=23180"}],"curies":[{"name":"wp","href":"https:\/\/api.w.org\/{rel}","templated":true}]}}