{"id":23155,"date":"2025-11-04T10:53:15","date_gmt":"2025-11-04T02:53:15","guid":{"rendered":"https:\/\/yebodaglass.com\/?post_type=product&#038;p=23155"},"modified":"2026-03-25T11:24:10","modified_gmt":"2026-03-25T03:24:10","slug":"custom-clear-glass-hot-sauce-bottles-bulk","status":"publish","type":"product","link":"https:\/\/yebodaglass.com\/es\/custom-clear-glass-hot-sauce-bottles-bulk\/","title":{"rendered":"Botellas de vidrio transparente personalizadas para salsa picante de 250 ml, 350 ml y 500 ml (a granel)"},"content":{"rendered":"<p>Estas botellas para salsa tienen una forma cil\u00edndrica redondeada y un cuello delgado. Est\u00e1n fabricadas en vidrio transparente, con cuello roscado y tap\u00f3n de rosca negro, rojo o dorado.<\/p>\n<h2>Caracter\u00edsticas del producto<\/h2>\n<ul>\n<li><strong>Vidrio cil\u00edndrico de alta transparencia:<\/strong> El cristal cil\u00edndrico transparente es totalmente n\u00edtido y permite apreciar de inmediato el color, la textura y la calidad del producto, aumentando as\u00ed su atractivo visual.<\/li>\n<li><strong>Disponibles tapas de rosca de varios colores:<\/strong> Los tapones de rosca est\u00e1n disponibles en diferentes colores, como negro, rojo y dorado, entre otros, para satisfacer las necesidades de personalizaci\u00f3n de los envases flexibles.<\/li>\n<li><strong>Dise\u00f1o sellado y a prueba de fugas:<\/strong> El tap\u00f3n de rosca se ajusta firmemente al cuello de la botella, ofreciendo un excelente sellado y una larga vida \u00fatil del producto.<\/li>\n<\/ul>\n<h2 style=\"text-align: left;\">Especificaciones clave<\/h2>\n<table class=\"aligncenter\" style=\"border-collapse: collapse; width: 388.52pt;\" border=\"0\" width=\"518\" cellspacing=\"0\" cellpadding=\"0\">\n<tbody>\n<tr style=\"height: 13.50pt;\">\n<td style=\"height: 13.50pt; width: 109.50pt;\" width=\"146\" height=\"18\">Caracter\u00edstica<\/td>\n<td style=\"width: 279.00pt;\" width=\"372\">Especificaci\u00f3n<\/td>\n<\/tr>\n<tr style=\"height: 13.50pt;\">\n<td style=\"height: 13.50pt;\" height=\"18\">Capacidades<\/td>\n<td>250 ml (8 oz), 350 ml (12 oz), 500 ml (17 oz)<\/td>\n<\/tr>\n<tr style=\"height: 13.50pt;\">\n<td style=\"height: 13.50pt;\" height=\"18\">Dimensiones (D\u00d7H)<\/td>\n<td>5,6 \u00d7 18,8 cm, 6,3 \u00d7 17,1 cm, 7,1 \u00d7 19,1 cm<\/td>\n<\/tr>\n<tr style=\"height: 13.50pt;\">\n<td style=\"height: 13.50pt;\" height=\"18\">Material<\/td>\n<td>Botella de vidrio transparente, apta para uso alimentario.<\/td>\n<\/tr>\n<tr style=\"height: 13.50pt;\">\n<td style=\"height: 13.50pt;\" height=\"18\">Cierre<\/td>\n<td>Tapa de rosca negra, roja o dorada<\/td>\n<\/tr>\n<tr style=\"height: 13.50pt;\">\n<td style=\"height: 13.50pt;\" height=\"18\">Mejor para<\/td>\n<td>Salsa picante, salsa barbacoa, aderezo, condimento<\/td>\n<\/tr>\n<tr style=\"height: 13.50pt;\">\n<td style=\"height: 13.50pt;\" height=\"18\">Uso ideal<\/td>\n<td>Botellas para salsa, botellas de salsa picante al por mayor<\/td>\n<\/tr>\n<\/tbody>\n<\/table>\n<h2>Historia de \u00e9xito<\/h2>\n<p>Una empresa de condimentos artesanales con sede en Ohio eligi\u00f3 llenar nuestras botellas con salsa y personalizarlas con una etiqueta mate especialmente impresa y una tapa resistente al calor con revestimiento de silicona. Las botellas personalizadas han sido todo un \u00e9xito: el vidrio transparente permite apreciar a la perfecci\u00f3n sus salsas artesanales, lo que, seg\u00fan afirman, ha incrementado las compras impulsivas en los mercados de agricultores en un 30 %, y el revestimiento de la tapa, dise\u00f1ado espec\u00edficamente para este fin, mantiene las botellas perfectamente cerradas, evita fugas y reduce las quejas de los clientes en un 25 %. Esta marca ha tenido tanto \u00e9xito que ha encargado 200 000 botellas m\u00e1s de su nueva l\u00ednea de salsas y aderezos para cocinar.<\/p>\n<h2>Personalizaci\u00f3n individual de botellas de salsa picante<\/h2>\n<ul>\n<li>Boquilla dosificadora espec\u00edfica: Este dise\u00f1o cuenta con una tapa de rosca con una boquilla dosificadora antigoteo de pl\u00e1stico o acero inoxidable integrada que permite verter la salsa de forma f\u00e1cil y precisa.<\/li>\n<li>Vidrio de color resistente a los rayos UV: Se fabrica en el mismo cilindro que el vidrio \u00e1mbar o verde para cubrir ingredientes sensibles a la luz.<\/li>\n<li>Color de la tapa: Puede encontrar colores para la tapa en cualquier carta de colores Pantone para que se adapte perfectamente a la imagen de su marca.<\/li>\n<\/ul>","protected":false},"excerpt":{"rendered":"<p>Botellas de vidrio transparente para salsa picante con tapas met\u00e1licas de colores. Cierre herm\u00e9tico, ideales para crear tu propia marca de salsa. \u00a1Compra botellas de vidrio al por mayor y recibe tu pedido r\u00e1pidamente!<\/p>","protected":false},"featured_media":23165,"template":"","meta":[],"product_brand":[],"product_cat":[129,123,122],"product_tag":[],"class_list":{"0":"post-23155","1":"product","2":"type-product","3":"status-publish","4":"has-post-thumbnail","6":"product_cat-hot-sauce-bottles","7":"product_cat-custom-glass-bottles","8":"product_cat-custom-glass-packaging","10":"first","11":"instock","12":"shipping-taxable","13":"product-type-simple"},"jetpack_sharing_enabled":true,"_links":{"self":[{"href":"https:\/\/yebodaglass.com\/es\/wp-json\/wp\/v2\/product\/23155","targetHints":{"allow":["GET"]}}],"collection":[{"href":"https:\/\/yebodaglass.com\/es\/wp-json\/wp\/v2\/product"}],"about":[{"href":"https:\/\/yebodaglass.com\/es\/wp-json\/wp\/v2\/types\/product"}],"version-history":[{"count":5,"href":"https:\/\/yebodaglass.com\/es\/wp-json\/wp\/v2\/product\/23155\/revisions"}],"predecessor-version":[{"id":25596,"href":"https:\/\/yebodaglass.com\/es\/wp-json\/wp\/v2\/product\/23155\/revisions\/25596"}],"wp:featuredmedia":[{"embeddable":true,"href":"https:\/\/yebodaglass.com\/es\/wp-json\/wp\/v2\/media\/23165"}],"wp:attachment":[{"href":"https:\/\/yebodaglass.com\/es\/wp-json\/wp\/v2\/media?parent=23155"}],"wp:term":[{"taxonomy":"product_brand","embeddable":true,"href":"https:\/\/yebodaglass.com\/es\/wp-json\/wp\/v2\/product_brand?post=23155"},{"taxonomy":"product_cat","embeddable":true,"href":"https:\/\/yebodaglass.com\/es\/wp-json\/wp\/v2\/product_cat?post=23155"},{"taxonomy":"product_tag","embeddable":true,"href":"https:\/\/yebodaglass.com\/es\/wp-json\/wp\/v2\/product_tag?post=23155"}],"curies":[{"name":"wp","href":"https:\/\/api.w.org\/{rel}","templated":true}]}}