{"id":23117,"date":"2025-11-03T16:34:01","date_gmt":"2025-11-03T08:34:01","guid":{"rendered":"https:\/\/yebodaglass.com\/?post_type=product&#038;p=23117"},"modified":"2026-04-09T14:09:19","modified_gmt":"2026-04-09T06:09:19","slug":"wholesale-round-glass-hot-sauce-bottles-sauce-container-supplier","status":"publish","type":"product","link":"https:\/\/yebodaglass.com\/es\/wholesale-round-glass-hot-sauce-bottles-sauce-container-supplier\/","title":{"rendered":"Botellas redondas de vidrio para salsa picante al por mayor de 100 ml, 150 ml y 200 ml."},"content":{"rendered":"<p>Nuestras botellas redondas de vidrio para salsa picante tienen un cuerpo delgado de vidrio transparente con tapas de pl\u00e1stico y est\u00e1n disponibles en tres tama\u00f1os: 100 ml, 150 ml y 200 ml. Con su cl\u00e1sica forma redonda, son ideales para envasar una gran variedad de condimentos.<\/p>\n<h2>Especificaciones clave<\/h2>\n<table style=\"border-collapse: collapse; width: 80%; margin-left: auto; margin-right: auto;\" border=\"0\" width=\"818\" cellspacing=\"0\" cellpadding=\"0\">\n<tbody>\n<tr style=\"height: 13.50pt;\">\n<td style=\"height: 13.50pt; width: 141.75pt;\" width=\"189\" height=\"18\">Caracter\u00edstica<\/td>\n<td style=\"width: 471.75pt;\" width=\"629\">Especificaci\u00f3n<\/td>\n<\/tr>\n<tr style=\"height: 48.00pt;\">\n<td style=\"height: 48.00pt;\" height=\"64\">Capacidad<\/td>\n<td class=\"et2\" style=\"width: 471.75pt;\" width=\"629\">100 ml\/3 oz (40 \u00d7 151 mm)<br \/>\n150 ml\/5 oz (4,8 \u00d7 17,2 cm)<br \/>\n250 ml\/8 oz (5,5 \u00d7 19,8 cm)<\/td>\n<\/tr>\n<tr style=\"height: 13.50pt;\">\n<td style=\"height: 13.50pt;\" height=\"18\">Material<\/td>\n<td>Vidrio de cal sodada, tap\u00f3n de pl\u00e1stico, tap\u00f3n interior de pl\u00e1stico, envoltura retr\u00e1ctil de pl\u00e1stico.<\/td>\n<\/tr>\n<tr style=\"height: 13.50pt;\">\n<td style=\"height: 13.50pt;\" height=\"18\">Opciones de cierre<\/td>\n<td>personalizable<\/td>\n<\/tr>\n<tr style=\"height: 13.50pt;\">\n<td style=\"height: 13.50pt;\" height=\"18\">Usos<\/td>\n<td>Salsa picante, condimentos, salsa de soja, pasta de s\u00e9samo, aderezo para ensaladas, vinagre, chile, k\u00e9tchup, etc.<\/td>\n<\/tr>\n<tr style=\"height: 13.50pt;\">\n<td style=\"height: 13.50pt;\" height=\"18\">Opci\u00f3n de personalizaci\u00f3n<\/td>\n<td>Acabado de la superficie, logotipo, forma, capacidad, tapa, embalaje.<\/td>\n<\/tr>\n<\/tbody>\n<\/table>\n<h2>Estudio de caso<\/h2>\n<p>Una empresa mexicana de alimentos, especializada en la producci\u00f3n de salsas, necesitaba un empaque que reflejara su meticulosa elaboraci\u00f3n. Finalmente, optaron por nuestras botellas de vidrio de 150 ml para salsa picante debido a su capacidad. Personalizaron las etiquetas con sus nombres. El primer pedido, peque\u00f1o y de tan solo 3000 unidades, tuvo resultados fant\u00e1sticos. Como resultado, las ventas en los estantes aumentaron un 32 %, mientras que el resistente material de vidrio redujo la cantidad de botellas rotas en un 40 %. Ahora realizan pedidos al por mayor de m\u00e1s de 50 000 botellas cada trimestre, convirtiendo esta botella de salsa en una parte vital de su estrategia de marca.<\/p>","protected":false},"excerpt":{"rendered":"<p>Botellas redondas de vidrio personalizadas para salsa picante. Opciones de personalizaci\u00f3n y pedidos al por mayor para marcas y distribuidores de salsa. Entrega r\u00e1pida y muestras gratuitas.<\/p>","protected":false},"featured_media":25676,"template":"","meta":[],"product_brand":[],"product_cat":[129,123,122,80,20],"product_tag":[],"class_list":{"0":"post-23117","1":"product","2":"type-product","3":"status-publish","4":"has-post-thumbnail","6":"product_cat-hot-sauce-bottles","7":"product_cat-custom-glass-bottles","8":"product_cat-custom-glass-packaging","9":"product_cat-glass-bottles","10":"product_cat-glass-containers","12":"first","13":"instock","14":"shipping-taxable","15":"product-type-simple"},"jetpack_sharing_enabled":true,"_links":{"self":[{"href":"https:\/\/yebodaglass.com\/es\/wp-json\/wp\/v2\/product\/23117","targetHints":{"allow":["GET"]}}],"collection":[{"href":"https:\/\/yebodaglass.com\/es\/wp-json\/wp\/v2\/product"}],"about":[{"href":"https:\/\/yebodaglass.com\/es\/wp-json\/wp\/v2\/types\/product"}],"version-history":[{"count":5,"href":"https:\/\/yebodaglass.com\/es\/wp-json\/wp\/v2\/product\/23117\/revisions"}],"predecessor-version":[{"id":25685,"href":"https:\/\/yebodaglass.com\/es\/wp-json\/wp\/v2\/product\/23117\/revisions\/25685"}],"wp:featuredmedia":[{"embeddable":true,"href":"https:\/\/yebodaglass.com\/es\/wp-json\/wp\/v2\/media\/25676"}],"wp:attachment":[{"href":"https:\/\/yebodaglass.com\/es\/wp-json\/wp\/v2\/media?parent=23117"}],"wp:term":[{"taxonomy":"product_brand","embeddable":true,"href":"https:\/\/yebodaglass.com\/es\/wp-json\/wp\/v2\/product_brand?post=23117"},{"taxonomy":"product_cat","embeddable":true,"href":"https:\/\/yebodaglass.com\/es\/wp-json\/wp\/v2\/product_cat?post=23117"},{"taxonomy":"product_tag","embeddable":true,"href":"https:\/\/yebodaglass.com\/es\/wp-json\/wp\/v2\/product_tag?post=23117"}],"curies":[{"name":"wp","href":"https:\/\/api.w.org\/{rel}","templated":true}]}}