{"id":23116,"date":"2025-11-03T17:08:09","date_gmt":"2025-11-03T09:08:09","guid":{"rendered":"https:\/\/yebodaglass.com\/?post_type=product&#038;p=23116"},"modified":"2025-11-03T17:52:02","modified_gmt":"2025-11-03T09:52:02","slug":"5oz-round-empty-spice-jars-with-metal-lids-for-kitchen-storage-wholesale","status":"publish","type":"product","link":"https:\/\/yebodaglass.com\/es\/5oz-round-empty-spice-jars-with-metal-lids-for-kitchen-storage-wholesale\/","title":{"rendered":"Frascos de especias redondos vac\u00edos de 5 oz con tapas met\u00e1licas para almacenamiento en la cocina (venta al por mayor)"},"content":{"rendered":"<p>\u00bfCansado de frascos de especias que gotean o impiden que se desprendan los sabores? Fabricamos frascos de especias vac\u00edos con curvas redondeadas cl\u00e1sicas: \u00a1se acabaron los derrames en tus cajones de la cocina! Los pedidos al por mayor incluyen un acabado personalizado para que coincida con tu marca.<\/p>\n<h2>Caracter\u00edsticas del producto<\/h2>\n<p><strong>Curvas redondeadas cl\u00e1sicas<\/strong><\/p>\n<p>Su agarre ergon\u00f3mico se adapta perfectamente a tu mano; ya no se te caer\u00e1n los frascos de especias vac\u00edos.<\/p>\n<p><strong>Tapa met\u00e1lica de seguridad<\/strong><\/p>\n<p>Un cierre herm\u00e9tico mantiene el producto fresco: se acab\u00f3 que el az\u00facar se humedezca o que la pimienta pierda su aroma.<\/p>\n<p><strong>Acceso de boca ancha<\/strong><\/p>\n<p>Si quieres a\u00f1adir sal, az\u00facar o pimienta, hazlo sin ensuciar; cualquier cuchara o cuchar\u00f3n servir\u00e1.<\/p>\n<h2>Especificaciones clave<\/h2>\n<table style=\"border-collapse: collapse; width: 80%; margin-left: auto; margin-right: auto;\" border=\"0\" width=\"144\" cellspacing=\"0\" cellpadding=\"0\">\n<tbody>\n<tr style=\"height: 13.50pt;\">\n<td style=\"height: 13.5pt; width: 54pt; text-align: center;\" width=\"72\" height=\"18\">Capacidad<\/td>\n<td style=\"width: 54pt; text-align: center;\" width=\"72\">150 ml\/5 onzas<\/td>\n<\/tr>\n<tr style=\"height: 13.50pt;\">\n<td style=\"height: 13.5pt; text-align: center;\" height=\"18\">Material<\/td>\n<td style=\"text-align: center;\">Vidrio + Metal (Tapas)<\/td>\n<\/tr>\n<tr style=\"height: 13.50pt;\">\n<td style=\"height: 13.5pt; text-align: center;\" height=\"18\">Opciones de color<\/td>\n<td style=\"text-align: center;\">Transparente (personalizable)<\/td>\n<\/tr>\n<tr style=\"height: 13.50pt;\">\n<td style=\"height: 13.5pt; text-align: center;\" height=\"18\">Tratamiento de superficie<\/td>\n<td style=\"text-align: center;\">Serigraf\u00eda, esmerilado, calcoman\u00eda, aerosol de color<\/td>\n<\/tr>\n<\/tbody>\n<\/table>\n<h2>Historia de \u00e9xito<\/h2>\n<p>Una prestigiosa empresa canadiense de condimentos nos contact\u00f3 para personalizar frascos de especias de vidrio transparente con elegantes tapas met\u00e1licas: la forma ideal de exhibir la frescura de sus productos y, al mismo tiempo, garantizar un cierre herm\u00e9tico. Para que coincidiera con su identidad de marca, tambi\u00e9n personalizamos los frascos con un logotipo grabado con l\u00e1ser y una tapa plateada mate.<\/p>\n<p>Tras la introducci\u00f3n del nuevo envase, el cliente comunic\u00f3 que se hab\u00eda producido un aumento del 25% en las ventas minoristas, lo que confirma la idoneidad del envase tanto para tiendas como para cocinas dom\u00e9sticas.<\/p>\n<h2>Tu manual de personalizaci\u00f3n<\/h2>\n<ol>\n<li><strong>Se pueden cambiar las tapas de las botellas:<\/strong> Existen tapas de metal (acero inoxidable o aleaci\u00f3n de aluminio) y de pl\u00e1stico, y para hacer que la marca sea m\u00e1s atractiva, son posibles los siguientes m\u00e9todos: se puede galvanizar, pulverizar o cepillar el acabado.<\/li>\n<li><strong>Aspecto del aspersor:<\/strong> Se pueden seleccionar tapas espolvoreadoras o abatibles personalizadas para que combinen con los diferentes tipos de especias (por ejemplo, chile en polvo, s\u00e9samo, sal) y as\u00ed controlar la dosis de forma sencilla.<\/li>\n<li><strong>Marca de la botella:<\/strong> Los logotipos de marca o las etiquetas de tipo especia se pueden combinar con los medios respectivos: serigraf\u00eda, estampado en caliente o etiquetado.<\/li>\n<\/ol>","protected":false},"excerpt":{"rendered":"<p>Duraderos tarros vac\u00edos para especias hechos de recipientes de cristal transparente para especias con tapas met\u00e1licas agitables, perfectos para guardar sal, pimienta, hierbas y especias de cocina.<\/p>","protected":false},"featured_media":23118,"template":"","meta":[],"product_brand":[],"product_cat":[20,128,83],"product_tag":[],"class_list":{"0":"post-23116","1":"product","2":"type-product","3":"status-publish","4":"has-post-thumbnail","6":"product_cat-glass-containers","7":"product_cat-spice-jars","8":"product_cat-glass-jars","10":"first","11":"instock","12":"shipping-taxable","13":"product-type-simple"},"jetpack_sharing_enabled":true,"_links":{"self":[{"href":"https:\/\/yebodaglass.com\/es\/wp-json\/wp\/v2\/product\/23116","targetHints":{"allow":["GET"]}}],"collection":[{"href":"https:\/\/yebodaglass.com\/es\/wp-json\/wp\/v2\/product"}],"about":[{"href":"https:\/\/yebodaglass.com\/es\/wp-json\/wp\/v2\/types\/product"}],"version-history":[{"count":5,"href":"https:\/\/yebodaglass.com\/es\/wp-json\/wp\/v2\/product\/23116\/revisions"}],"predecessor-version":[{"id":23141,"href":"https:\/\/yebodaglass.com\/es\/wp-json\/wp\/v2\/product\/23116\/revisions\/23141"}],"wp:featuredmedia":[{"embeddable":true,"href":"https:\/\/yebodaglass.com\/es\/wp-json\/wp\/v2\/media\/23118"}],"wp:attachment":[{"href":"https:\/\/yebodaglass.com\/es\/wp-json\/wp\/v2\/media?parent=23116"}],"wp:term":[{"taxonomy":"product_brand","embeddable":true,"href":"https:\/\/yebodaglass.com\/es\/wp-json\/wp\/v2\/product_brand?post=23116"},{"taxonomy":"product_cat","embeddable":true,"href":"https:\/\/yebodaglass.com\/es\/wp-json\/wp\/v2\/product_cat?post=23116"},{"taxonomy":"product_tag","embeddable":true,"href":"https:\/\/yebodaglass.com\/es\/wp-json\/wp\/v2\/product_tag?post=23116"}],"curies":[{"name":"wp","href":"https:\/\/api.w.org\/{rel}","templated":true}]}}