{"id":23091,"date":"2025-11-03T16:20:39","date_gmt":"2025-11-03T08:20:39","guid":{"rendered":"https:\/\/yebodaglass.com\/?post_type=product&#038;p=23091"},"modified":"2025-11-03T17:29:17","modified_gmt":"2025-11-03T09:29:17","slug":"wholesale-clear-glass-hot-sauce-bottles-with-lids","status":"publish","type":"product","link":"https:\/\/yebodaglass.com\/es\/wholesale-clear-glass-hot-sauce-bottles-with-lids\/","title":{"rendered":"Mayorista Frascos de Vidrio Transparente para Salsa Picante con Tapa 250ml 350ml 500ml"},"content":{"rendered":"<p>El dise\u00f1o limpio de esta botella para salsa caliente presenta un cuerpo ligeramente c\u00f3nico que conecta visualmente con el cuello corto y grueso. En general, su dise\u00f1o bastante sencillo y pr\u00e1ctico, hecho de cristal transparente, permite ver el interior sin necesidad de abrir la botella.<\/p>\n<h2>Caracter\u00edsticas del producto<\/h2>\n<ul>\n<li><strong>Material de vidrio transparente:<\/strong> El recipiente de cristal transparente permite a los usuarios disponer visualmente del color de la salsa y determinar cu\u00e1nto queda sin la molestia de abrir la botella.<\/li>\n<li><strong>Dise\u00f1o delgado del contenedor:<\/strong> La botella, de silueta esbelta y curvas suaves, es f\u00e1cil de transportar y guardar, lo que hace que la experiencia de uso resulte m\u00e1s c\u00f3moda y pr\u00e1ctica.<\/li>\n<li><strong>Concepto minimalista:<\/strong> Un recipiente transparente combinado con una tapa monocolor ofrece un aspecto limpio y brillante que puede estilizarse de muchas maneras diferentes y es muy funcional en t\u00e9rminos de uso.<\/li>\n<\/ul>\n<h2 style=\"text-align: left;\">Especificaciones clave<\/h2>\n<table class=\"aligncenter\" style=\"border-collapse: collapse; width: 471.02pt;\" border=\"0\" width=\"628\" cellspacing=\"0\" cellpadding=\"0\">\n<tbody>\n<tr style=\"height: 13.50pt;\">\n<td style=\"height: 13.50pt; width: 111.75pt;\" width=\"149\" height=\"18\">Caracter\u00edstica<\/td>\n<td style=\"width: 359.25pt;\" width=\"479\">Especificaci\u00f3n<\/td>\n<\/tr>\n<tr style=\"height: 13.50pt;\">\n<td style=\"height: 13.50pt;\" height=\"18\">Capacidad<\/td>\n<td>250 ml (8 oz), 350 ml (12 oz), 500 ml (17 oz)<\/td>\n<\/tr>\n<tr style=\"height: 13.50pt;\">\n<td style=\"height: 13.50pt;\" height=\"18\">Dimensiones<\/td>\n<td>5,5\u00d717,8 cm, 6,1\u00d719,6 cm, 6,9\u00d721,4 cm<\/td>\n<\/tr>\n<tr style=\"height: 13.50pt;\">\n<td style=\"height: 13.50pt;\" height=\"18\">Forma<\/td>\n<td>Cil\u00edndrico con ligera conicidad<\/td>\n<\/tr>\n<tr style=\"height: 13.50pt;\">\n<td style=\"height: 13.50pt;\" height=\"18\">Material<\/td>\n<td>Cristal transparente, compatible con cierre de pl\u00e1stico\/metal<\/td>\n<\/tr>\n<tr style=\"height: 13.50pt;\">\n<td style=\"height: 13.50pt;\" height=\"18\">Opciones de cierre<\/td>\n<td>Gorras amarillas, blancas, rojas, negras\uff08personalizables\uff09<\/td>\n<\/tr>\n<tr style=\"height: 13.50pt;\">\n<td style=\"height: 13.50pt;\" height=\"18\">Mejor para<\/td>\n<td>Salsa barbacoa, ali\u00f1o, sirope, vinagre, marcas de condimentos<\/td>\n<\/tr>\n<tr style=\"height: 13.50pt;\">\n<td style=\"height: 13.50pt;\" height=\"18\">Uso ideal<\/td>\n<td>Botella de salsa picante, woozy de vidrio, botellas de vidrio para condimentos<\/td>\n<\/tr>\n<\/tbody>\n<\/table>\n<h2>Estudio de un caso real: C\u00f3mo una marca logr\u00f3 escalar<\/h2>\n<p>Una nueva empresa de condimentos artesanales, especializada en la producci\u00f3n de peque\u00f1os lotes de salsas picantes a base de vinagre, necesitaba una botella rentable y fiable para su expansi\u00f3n a una cadena minorista de \u00e1mbito nacional. La compra al por mayor de 2.500 unidades de nuestra botella transparente de 500 ml con tap\u00f3n rojo y logotipo de la marca fue su primer paso. Los resultados fueron eficaces. Para empezar, las botellas de vidrio transparente y los tapones de colores aumentaron las ventas de forma significativa: una marca de salsa picante inform\u00f3 de un aumento de 38% en las ventas en l\u00ednea con una reducci\u00f3n de residuos de 29% debido al dise\u00f1o de f\u00e1cil vertido que minimizaba los goteos y derrames. As\u00ed tomaron la decisi\u00f3n de hacer otro pedido de 300.000 botellas. En la actualidad, consideran la botella como su opci\u00f3n fija de envasado que cumple sus requisitos tanto en t\u00e9rminos de transporte como de satisfacci\u00f3n del cliente.<\/p>\n<h2>Personalizaci\u00f3n de botellas de cristal para salsas<\/h2>\n<ul>\n<li>Cristal esmerilado: D\u00e9 una sensaci\u00f3n de lujo con el vidrio transl\u00facido grabado al \u00e1cido para una apariencia elegante y sofisticada.<\/li>\n<li>Impresi\u00f3n del logotipo de la marca: Refuerce su marca imprimiendo el logotipo o el dise\u00f1o de su empresa directamente en el cristal para que su recuerdo perdure.<\/li>\n<li>Vidrio de color: Elija el vidrio \u00e1mbar o verde para mantener la salsa libre de luz y llamar la atenci\u00f3n sobre la calidad del producto en el estante.<\/li>\n<li>Colores de tapa personalizados: Utilice los colores distintivos de la tapa -como el blanco tradicional o el rojo vibrante- para diferenciar su marca y para una r\u00e1pida identificaci\u00f3n.<\/li>\n<li>Opciones de material de revestimiento: Elija el revestimiento correcto (por ejemplo, PVC espumado) para obtener un recipiente herm\u00e9ticamente cerrado que sea adecuado para la acidez y el contenido de aceite de su salsa.<\/li>\n<\/ul>","protected":false},"excerpt":{"rendered":"<p>Botellas transparentes para salsa picante con superficie de vidrio lisa y tapones de cierre herm\u00e9tico. Ideales para salsa picante o condimentos. Precio de f\u00e1brica, pedidos al por mayor, \u00a1entrega r\u00e1pida!<\/p>","protected":false},"featured_media":23107,"template":"","meta":[],"product_brand":[],"product_cat":[20,129,80],"product_tag":[],"class_list":{"0":"post-23091","1":"product","2":"type-product","3":"status-publish","4":"has-post-thumbnail","6":"product_cat-glass-containers","7":"product_cat-hot-sauce-bottles","8":"product_cat-glass-bottles","10":"first","11":"instock","12":"shipping-taxable","13":"product-type-simple"},"jetpack_sharing_enabled":true,"_links":{"self":[{"href":"https:\/\/yebodaglass.com\/es\/wp-json\/wp\/v2\/product\/23091","targetHints":{"allow":["GET"]}}],"collection":[{"href":"https:\/\/yebodaglass.com\/es\/wp-json\/wp\/v2\/product"}],"about":[{"href":"https:\/\/yebodaglass.com\/es\/wp-json\/wp\/v2\/types\/product"}],"version-history":[{"count":3,"href":"https:\/\/yebodaglass.com\/es\/wp-json\/wp\/v2\/product\/23091\/revisions"}],"predecessor-version":[{"id":23134,"href":"https:\/\/yebodaglass.com\/es\/wp-json\/wp\/v2\/product\/23091\/revisions\/23134"}],"wp:featuredmedia":[{"embeddable":true,"href":"https:\/\/yebodaglass.com\/es\/wp-json\/wp\/v2\/media\/23107"}],"wp:attachment":[{"href":"https:\/\/yebodaglass.com\/es\/wp-json\/wp\/v2\/media?parent=23091"}],"wp:term":[{"taxonomy":"product_brand","embeddable":true,"href":"https:\/\/yebodaglass.com\/es\/wp-json\/wp\/v2\/product_brand?post=23091"},{"taxonomy":"product_cat","embeddable":true,"href":"https:\/\/yebodaglass.com\/es\/wp-json\/wp\/v2\/product_cat?post=23091"},{"taxonomy":"product_tag","embeddable":true,"href":"https:\/\/yebodaglass.com\/es\/wp-json\/wp\/v2\/product_tag?post=23091"}],"curies":[{"name":"wp","href":"https:\/\/api.w.org\/{rel}","templated":true}]}}