{"id":23090,"date":"2025-11-03T14:57:07","date_gmt":"2025-11-03T06:57:07","guid":{"rendered":"https:\/\/yebodaglass.com\/?post_type=product&#038;p=23090"},"modified":"2026-03-18T15:52:34","modified_gmt":"2026-03-18T07:52:34","slug":"glass-small-spice-jars-with-spoon-lid-bulk","status":"publish","type":"product","link":"https:\/\/yebodaglass.com\/es\/producto\/glass-small-spice-jars-with-spoon-lid-bulk\/","title":{"rendered":"Frascos peque\u00f1os de vidrio de 200 ml para especias con tapa y cuchara (venta al por mayor)"},"content":{"rendered":"<p>El peque\u00f1o tarro para especias tiene un dise\u00f1o cil\u00edndrico sencillo, transparente y de aspecto universal, con una tapa negra lisa y un anillo de metal plateado alrededor de la tapa. Cada tapa incluye una cuchara, un pincel o un utensilio para mojar.<\/p>\n<h2>Caracter\u00edsticas del producto<\/h2>\n<ul>\n<li><strong>Integraci\u00f3n de herramientas multifuncionales:<\/strong> Las tapas incluyen utensilios espec\u00edficos para servir (cuchara, brocha o palito para miel), lo que significa que no se necesitan utensilios adicionales y que servir el alimento resulta m\u00e1s saludable y pr\u00e1ctico.<\/li>\n<li><strong>Tapa negra lisa y detalles plateados:<\/strong> La tapa bicolor le da un aspecto contempor\u00e1neo, y el asa para abrirla proporciona un buen agarre.<\/li>\n<li><strong>Cuerpo cil\u00edndrico de vidrio transparente:<\/strong> El vidrio redondeado y transparente permite consultar r\u00e1pidamente el inventario y es f\u00e1cilmente apilable.<\/li>\n<\/ul>\n<h2>Especificaciones clave<\/h2>\n<table style=\"border-collapse: collapse; width: 90%; margin-left: auto; margin-right: auto;\" border=\"0\" width=\"504\" cellspacing=\"0\" cellpadding=\"0\">\n<tbody>\n<tr style=\"height: 13.50pt;\">\n<td style=\"height: 13.5pt; width: 54pt; text-align: center;\" width=\"72\" height=\"18\">Capacidad<\/td>\n<td style=\"width: 54pt; text-align: center;\" width=\"72\">Tama\u00f1o (cm)<\/td>\n<td style=\"width: 54pt; text-align: center;\" width=\"72\">Forma<\/td>\n<td style=\"width: 54pt; text-align: center;\" width=\"72\">Opciones de color<\/td>\n<td style=\"width: 54pt; text-align: center;\" width=\"72\">Uso<\/td>\n<td style=\"width: 54pt; text-align: center;\" width=\"72\">Opciones de personalizaci\u00f3n<\/td>\n<\/tr>\n<tr style=\"height: 13.50pt;\">\n<td style=\"height: 13.5pt; text-align: center;\" height=\"18\">200 ml<\/td>\n<td style=\"text-align: center;\">6.5&#215;14<\/td>\n<td style=\"text-align: center;\">Redondo<\/td>\n<td style=\"text-align: center;\">Transparente (personalizable)<\/td>\n<td style=\"text-align: center;\">Recipiente para especias, botella para especias, dispensador de aceite<\/td>\n<td style=\"text-align: center;\">Logotipo, tapas, color, etiqueta, tama\u00f1o<\/td>\n<\/tr>\n<\/tbody>\n<\/table>\n<h2>Historia de \u00e9xito<\/h2>\n<p>Una de las marcas europeas de menaje de cocina eligi\u00f3 nuestro tarro para especias y lo modific\u00f3 con l\u00edneas graduadas esmeriladas y cabezales de cepillo de silicona. Este sistema de herramientas integradas se convirti\u00f3 en un gran \u00e9xito, ya que el n\u00famero de quejas de los clientes por cucharas perdidas disminuy\u00f3 en un 95 %. Los tarros de vidrio eran transparentes, lo que facilit\u00f3 a los usuarios la aplicaci\u00f3n del sistema FIFO (primero en entrar, primero en salir). El enorme \u00e9xito de la marca les llev\u00f3 a encargar otros 750 000 tarros para distribuirlos a grandes minoristas de art\u00edculos para el hogar en Europa.<\/p>\n<h2>Soluciones de personalizaci\u00f3n para peque\u00f1os frascos de especias<\/h2>\n<ul>\n<li>Colores y materiales de la tapa: Est\u00e1 disponible en una amplia gama de colores (blanco, gris, imitaci\u00f3n madera) o metales (cobre, lat\u00f3n).<\/li>\n<li>Personalizaci\u00f3n de herramientas: Elija la forma de la herramienta (por ejemplo, minipinzas, cucharas medidoras) que usted mismo dise\u00f1e o imprima el nombre de su marca en la herramienta.<\/li>\n<li>Sellado de la tapa: Anillos de sellado de silicona aplicados a la tapa para lograr un cierre herm\u00e9tico y poder almacenar caf\u00e9 o t\u00e9 a largo plazo.<\/li>\n<\/ul>","protected":false},"excerpt":{"rendered":"<p>Peque\u00f1os frascos de vidrio transparente para especias con tapas multifuncionales. El juego incluye cuchara, pincel y cuchar\u00f3n para facilitar su uso. Muestras gratuitas disponibles.<\/p>","protected":false},"featured_media":23097,"template":"","meta":[],"product_brand":[],"product_cat":[83,20,128],"product_tag":[],"class_list":{"0":"post-23090","1":"product","2":"type-product","3":"status-publish","4":"has-post-thumbnail","6":"product_cat-glass-jars","7":"product_cat-glass-containers","8":"product_cat-spice-jars","10":"first","11":"instock","12":"shipping-taxable","13":"product-type-simple"},"jetpack_sharing_enabled":true,"_links":{"self":[{"href":"https:\/\/yebodaglass.com\/es\/wp-json\/wp\/v2\/product\/23090","targetHints":{"allow":["GET"]}}],"collection":[{"href":"https:\/\/yebodaglass.com\/es\/wp-json\/wp\/v2\/product"}],"about":[{"href":"https:\/\/yebodaglass.com\/es\/wp-json\/wp\/v2\/types\/product"}],"version-history":[{"count":5,"href":"https:\/\/yebodaglass.com\/es\/wp-json\/wp\/v2\/product\/23090\/revisions"}],"predecessor-version":[{"id":25498,"href":"https:\/\/yebodaglass.com\/es\/wp-json\/wp\/v2\/product\/23090\/revisions\/25498"}],"wp:featuredmedia":[{"embeddable":true,"href":"https:\/\/yebodaglass.com\/es\/wp-json\/wp\/v2\/media\/23097"}],"wp:attachment":[{"href":"https:\/\/yebodaglass.com\/es\/wp-json\/wp\/v2\/media?parent=23090"}],"wp:term":[{"taxonomy":"product_brand","embeddable":true,"href":"https:\/\/yebodaglass.com\/es\/wp-json\/wp\/v2\/product_brand?post=23090"},{"taxonomy":"product_cat","embeddable":true,"href":"https:\/\/yebodaglass.com\/es\/wp-json\/wp\/v2\/product_cat?post=23090"},{"taxonomy":"product_tag","embeddable":true,"href":"https:\/\/yebodaglass.com\/es\/wp-json\/wp\/v2\/product_tag?post=23090"}],"curies":[{"name":"wp","href":"https:\/\/api.w.org\/{rel}","templated":true}]}}