{"id":23047,"date":"2025-10-31T16:59:40","date_gmt":"2025-10-31T08:59:40","guid":{"rendered":"https:\/\/yebodaglass.com\/?post_type=product&#038;p=23047"},"modified":"2025-11-04T11:51:58","modified_gmt":"2025-11-04T03:51:58","slug":"5oz-custom-square-glass-yogurt-jars-with-lids-wholesale","status":"publish","type":"product","link":"https:\/\/yebodaglass.com\/es\/5oz-custom-square-glass-yogurt-jars-with-lids-wholesale\/","title":{"rendered":"Tarros de yogur cuadrados de vidrio personalizados de 150 ml\/5 oz con tapa al por mayor"},"content":{"rendered":"<p>\u00bfCansado de los frascos de vidrio con tapas para yogur que se desmoronan o ocupan poco espacio? Creamos peque\u00f1os frascos de yogur de vidrio con un dise\u00f1o cuadrado: \u00a1se acabaron los estantes estrechos! Estos frascos de leche de vidrio le dan a tu yogur un aspecto premium y se venden m\u00e1s r\u00e1pido. Los pedidos al por mayor se personalizan en colores que combinan con la imagen de tu marca.<\/p>\n<h2>Caracter\u00edsticas del producto<\/h2>\n<p><strong>Apilable\u200b\u200d\u200b\u200c\u200d\u200b\u200d\u200c\u200b\u200d\u200b\u200c\u200d\u200b\u200d\u200c Forma cuadrada<\/strong><\/p>\n<p>Ideal para almacenamiento limitado: sus peque\u00f1os frascos de yogur de vidrio pueden acomodarse f\u00e1cilmente en cualquier cocina.<\/p>\n<p><strong>Tapas coloridas y apretadas<\/strong><\/p>\n<p>Tapas de pl\u00e1stico rojas, amarillas y verdes sin fugas: sin suciedad, solo la felicidad del yogur.<\/p>\n<p><strong>Claridad cristalina<\/strong><\/p>\n<p>El vidrio m\u00e1s transparente revela cada remolino: los compradores est\u00e1n tan seguros de que sus frascos de vidrio con tapa para yogur son su primera opci\u00f3n.<\/p>\n<h2>Especificaciones clave<\/h2>\n<table style=\"border-collapse: collapse; width: 80%; margin-right: auto; margin-left: auto;\" border=\"0\" width=\"360\" cellspacing=\"0\" cellpadding=\"0\">\n<tbody>\n<tr style=\"height: 13.50pt;\">\n<td style=\"height: 13.5pt; width: 54pt; text-align: center;\" width=\"72\" height=\"18\">Capacidad<\/td>\n<td style=\"width: 54pt; text-align: center;\" width=\"72\">Dimensiones<\/td>\n<td style=\"width: 54pt; text-align: center;\" width=\"72\">Forma<\/td>\n<td style=\"width: 54pt; text-align: center;\" width=\"72\">Material<\/td>\n<td style=\"width: 54pt; text-align: center;\" width=\"72\">Color<\/td>\n<\/tr>\n<tr style=\"height: 13.50pt;\">\n<td style=\"height: 13.5pt; text-align: center;\" height=\"18\">150 ml\/5 onzas<\/td>\n<td style=\"text-align: center;\">5,7 x 7,7 x 7,3 cm<\/td>\n<td style=\"text-align: center;\">Cuadrado<\/td>\n<td style=\"text-align: center;\">Vaso<\/td>\n<td style=\"text-align: center;\">Transparente, personalizable<\/td>\n<\/tr>\n<\/tbody>\n<\/table>\n<h2>Caso de \u00e9xito<\/h2>\n<p>Nos asociamos con una marca canadiense de postres para crear estos coloridos frascos de yogur de vidrio con tapa. Para que su l\u00ednea de productos destaque visualmente, la marca le dio a cada sabor (mango, fresa y vainilla) un suave color pastel. Las tapas herm\u00e9ticas de pl\u00e1stico mantienen el yogur fresco y son pr\u00e1cticas para los consumidores, mientras que los frascos cuadrados son ideales para exhibir en estanter\u00edas y empaquetar.<\/p>\n<p>Tras el lanzamiento del producto, la tasa de recompra de la marca ha aumentado un \u200b\u200d\u200b\u200c\u200d\u200b\u200d\u200c\u200b\u200d\u200b\u200c\u200d\u200b\u200d\u200c28%.<\/p>\n<h2>Tu manual de personalizaci\u00f3n<\/h2>\n<ol>\n<li><strong>Tapas con bloqueo de color:<\/strong>Ofrezca tapas rojas para fresas y azules para ar\u00e1ndanos en frascos de vidrio con tapas para yogur. Diga a los clientes: \u00abSabor en todos los colores\u00bb.<\/li>\n<li><strong>Paquetes \u201cD\u00fao L\u00e1cteo\u201d:<\/strong>Empaque peque\u00f1os frascos de yogur de vidrio con una cuchara a juego: ideales para juegos de regalo.<\/li>\n<\/ol>","protected":false},"excerpt":{"rendered":"<p>Estos coloridos frascos de yogur de vidrio con tapa son perfectos para postres caseros y para almacenar. Frascos de yogur resistentes con tapa para uso diario y comercial.<\/p>","protected":false},"featured_media":23048,"template":"","meta":[],"product_brand":[],"product_cat":[130,124,122],"product_tag":[],"class_list":{"0":"post-23047","1":"product","2":"type-product","3":"status-publish","4":"has-post-thumbnail","6":"product_cat-glass-yogurt-jars","7":"product_cat-custom-glass-jars","8":"product_cat-custom-glass-packaging","10":"first","11":"instock","12":"shipping-taxable","13":"product-type-simple"},"jetpack_sharing_enabled":true,"_links":{"self":[{"href":"https:\/\/yebodaglass.com\/es\/wp-json\/wp\/v2\/product\/23047","targetHints":{"allow":["GET"]}}],"collection":[{"href":"https:\/\/yebodaglass.com\/es\/wp-json\/wp\/v2\/product"}],"about":[{"href":"https:\/\/yebodaglass.com\/es\/wp-json\/wp\/v2\/types\/product"}],"version-history":[{"count":5,"href":"https:\/\/yebodaglass.com\/es\/wp-json\/wp\/v2\/product\/23047\/revisions"}],"predecessor-version":[{"id":23069,"href":"https:\/\/yebodaglass.com\/es\/wp-json\/wp\/v2\/product\/23047\/revisions\/23069"}],"wp:featuredmedia":[{"embeddable":true,"href":"https:\/\/yebodaglass.com\/es\/wp-json\/wp\/v2\/media\/23048"}],"wp:attachment":[{"href":"https:\/\/yebodaglass.com\/es\/wp-json\/wp\/v2\/media?parent=23047"}],"wp:term":[{"taxonomy":"product_brand","embeddable":true,"href":"https:\/\/yebodaglass.com\/es\/wp-json\/wp\/v2\/product_brand?post=23047"},{"taxonomy":"product_cat","embeddable":true,"href":"https:\/\/yebodaglass.com\/es\/wp-json\/wp\/v2\/product_cat?post=23047"},{"taxonomy":"product_tag","embeddable":true,"href":"https:\/\/yebodaglass.com\/es\/wp-json\/wp\/v2\/product_tag?post=23047"}],"curies":[{"name":"wp","href":"https:\/\/api.w.org\/{rel}","templated":true}]}}