{"id":23046,"date":"2025-10-31T17:23:17","date_gmt":"2025-10-31T09:23:17","guid":{"rendered":"https:\/\/yebodaglass.com\/?post_type=product&#038;p=23046"},"modified":"2026-04-10T15:35:27","modified_gmt":"2026-04-10T07:35:27","slug":"wholesale-honey-hexagon-jars-with-honeycomb-design","status":"publish","type":"product","link":"https:\/\/yebodaglass.com\/es\/wholesale-honey-hexagon-jars-with-honeycomb-design\/","title":{"rendered":"Tarros de miel hexagonales con dise\u00f1o de panal, 500 ml y 1000 ml, al por mayor"},"content":{"rendered":"<p>Este tarro hexagonal para miel presenta una elegante estructura hexagonal que se aprecia a trav\u00e9s de su cuerpo de vidrio y muestra dise\u00f1os de panal en relieve en ambos lados. La tapa de rosca dorada le a\u00f1ade un toque de belleza natural y una sensaci\u00f3n de lujo.<\/p>\n<h2>Caracter\u00edsticas del producto<\/h2>\n<ul>\n<li><strong>Dise\u00f1o de patr\u00f3n de panal:<\/strong> El patr\u00f3n de panal que se eleva sobre el frasco mejora el agarre y el reconocimiento de la marca y se asemeja a los atributos naturales de la miel.<\/li>\n<li><strong>Material de vidrio transparente:<\/strong> La miel se presenta en vidrio transparente de calidad alimentaria que es transparente y por lo tanto permite una f\u00e1cil limpieza y reutilizaci\u00f3n.<\/li>\n<li><strong>Tapa de sellado premium:<\/strong> El tap\u00f3n de rosca de metal dorado proporciona un sello herm\u00e9tico que aumenta la vida \u00fatil de la miel en un 30 por ciento y aumenta el atractivo del empaque de regalo.<\/li>\n<\/ul>\n<h2 style=\"text-align: left;\">Especificaciones clave<\/h2>\n<table class=\"aligncenter\" style=\"border-collapse: collapse; width: 415.52pt;\" border=\"0\" width=\"554\" cellspacing=\"0\" cellpadding=\"0\">\n<tbody>\n<tr style=\"height: 13.50pt;\">\n<td style=\"height: 13.50pt; width: 95.25pt;\" width=\"127\" height=\"18\">Caracter\u00edstica<\/td>\n<td style=\"width: 320.25pt;\" width=\"427\">Especificaci\u00f3n<\/td>\n<\/tr>\n<tr style=\"height: 13.50pt;\">\n<td style=\"height: 13.50pt;\" height=\"18\">Capacidad<\/td>\n<td>500 ml, 1000 ml<\/td>\n<\/tr>\n<tr style=\"height: 13.50pt;\">\n<td style=\"height: 13.50pt;\" height=\"18\">Forma<\/td>\n<td>Hex\u00e1gono con relieve completo en forma de panal<\/td>\n<\/tr>\n<tr style=\"height: 13.50pt;\">\n<td style=\"height: 13.50pt;\" height=\"18\">Dimensiones<\/td>\n<td>7,5\u00d78\u00d711,9 cm, 9,2\u00d79,7\u00d714,5 cm<\/td>\n<\/tr>\n<tr style=\"height: 13.50pt;\">\n<td style=\"height: 13.50pt;\" height=\"18\">Material<\/td>\n<td>Vidrio transparente, tapa de rosca<\/td>\n<\/tr>\n<tr style=\"height: 13.50pt;\">\n<td style=\"height: 13.50pt;\" height=\"18\">Opciones de tapa<\/td>\n<td>Oro, plata, negro, amarillo.<\/td>\n<\/tr>\n<tr style=\"height: 13.50pt;\">\n<td style=\"height: 13.50pt;\" height=\"18\">Mejor para<\/td>\n<td>tiendas ecol\u00f3gicas, cooperativas de apicultura, marcas boutique<\/td>\n<\/tr>\n<tr style=\"height: 13.50pt;\">\n<td style=\"height: 13.50pt;\" height=\"18\">Uso ideal<\/td>\n<td>Tarro de miel con panal, l\u00edneas de negocio artesanales<\/td>\n<\/tr>\n<\/tbody>\n<\/table>\n<h2>Historia de \u00e9xito<\/h2>\n<p>Una de nuestras marcas europeas de miel artesanal realiz\u00f3 un pedido de nuestro tarro de miel con dise\u00f1o de panal, personalizado en vidrio \u00e1mbar con un patr\u00f3n de panal grabado a l\u00e1ser. Su elegante dise\u00f1o impuls\u00f3 las ventas en un 40 % durante la temporada navide\u00f1a. El vidrio \u00e1mbar aumenta ligeramente la riqueza de la miel, lo que se traduce en una mejora del 15 % en la calidad y el valor percibidos seg\u00fan las encuestas de clientes. La marca qued\u00f3 tan satisfecha con los resultados que realiz\u00f3 otro pedido de 280\u00a0000 tarros de miel con dise\u00f1o de panal para ampliar su cat\u00e1logo global de productos minoristas y cajas de regalo.<\/p>\n<h2>Recomendaciones de personalizaci\u00f3n de tarros hexagonales de miel<\/h2>\n<ul>\n<li>Color de tapa personalizado: seleccione dorado, plateado, negro o acabado mate personalizado para combinar con su marca.<\/li>\n<li>Volumen ajustable: sus vol\u00famenes se pueden ajustar desde 100 ml hasta 1000 ml seg\u00fan los requisitos de porciones individuales, familiares o paquetes grandes.<\/li>\n<li>Optimizaci\u00f3n de forma: cambie la curvatura de la parte esf\u00e9rica de la botella o configure la profundidad de la textura en forma de panal para crear un producto diferenciado en el estante.<\/li>\n<\/ul>","protected":false},"excerpt":{"rendered":"<p>Tarro hexagonal para miel de vidrio transparente con textura de panal. Ideal para almacenar miel, para marca y como regalo. Env\u00edo r\u00e1pido.<\/p>","protected":false},"featured_media":23072,"template":"","meta":[],"product_brand":[],"product_cat":[127,124,122],"product_tag":[],"class_list":{"0":"post-23046","1":"product","2":"type-product","3":"status-publish","4":"has-post-thumbnail","6":"product_cat-glass-honey-jars","7":"product_cat-custom-glass-jars","8":"product_cat-custom-glass-packaging","10":"first","11":"instock","12":"shipping-taxable","13":"product-type-simple"},"jetpack_sharing_enabled":true,"_links":{"self":[{"href":"https:\/\/yebodaglass.com\/es\/wp-json\/wp\/v2\/product\/23046","targetHints":{"allow":["GET"]}}],"collection":[{"href":"https:\/\/yebodaglass.com\/es\/wp-json\/wp\/v2\/product"}],"about":[{"href":"https:\/\/yebodaglass.com\/es\/wp-json\/wp\/v2\/types\/product"}],"version-history":[{"count":5,"href":"https:\/\/yebodaglass.com\/es\/wp-json\/wp\/v2\/product\/23046\/revisions"}],"predecessor-version":[{"id":25745,"href":"https:\/\/yebodaglass.com\/es\/wp-json\/wp\/v2\/product\/23046\/revisions\/25745"}],"wp:featuredmedia":[{"embeddable":true,"href":"https:\/\/yebodaglass.com\/es\/wp-json\/wp\/v2\/media\/23072"}],"wp:attachment":[{"href":"https:\/\/yebodaglass.com\/es\/wp-json\/wp\/v2\/media?parent=23046"}],"wp:term":[{"taxonomy":"product_brand","embeddable":true,"href":"https:\/\/yebodaglass.com\/es\/wp-json\/wp\/v2\/product_brand?post=23046"},{"taxonomy":"product_cat","embeddable":true,"href":"https:\/\/yebodaglass.com\/es\/wp-json\/wp\/v2\/product_cat?post=23046"},{"taxonomy":"product_tag","embeddable":true,"href":"https:\/\/yebodaglass.com\/es\/wp-json\/wp\/v2\/product_tag?post=23046"}],"curies":[{"name":"wp","href":"https:\/\/api.w.org\/{rel}","templated":true}]}}