{"id":23019,"date":"2025-10-30T17:28:53","date_gmt":"2025-10-30T09:28:53","guid":{"rendered":"https:\/\/yebodaglass.com\/?post_type=product&#038;p=23019"},"modified":"2026-03-11T14:15:02","modified_gmt":"2026-03-11T06:15:02","slug":"clear-glass-yogurt-jars-with-lids-wholesale","status":"publish","type":"product","link":"https:\/\/yebodaglass.com\/es\/clear-glass-yogurt-jars-with-lids-wholesale\/","title":{"rendered":"Tarros de yogur de vidrio transparente con tapa de 40 ml a 500 ml (venta al por mayor)"},"content":{"rendered":"<p>Estos son frascos de yogur de vidrio con tapa, con fondo ondulado, cuerpo de vidrio transparente liso y tapa de rosca met\u00e1lica roja brillante. Est\u00e1n disponibles en diferentes tama\u00f1os.<\/p>\n<h2>Caracter\u00edsticas del producto<\/h2>\n<ul>\n<li><strong>Parte inferior ondulada funcional:<\/strong> El dise\u00f1o es de fondo ondulado que mejora el agarre y evita que el frasco se deslice sobre las superficies lisas.<\/li>\n<li><strong>Tapa met\u00e1lica de color rojo brillante:<\/strong> El tap\u00f3n de rosca es de color rojo brillante, lo que proporciona un excelente ajuste herm\u00e9tico y se puede distinguir f\u00e1cilmente por su color.<\/li>\n<li><strong>Vidrio de calidad alimentaria:<\/strong> Estos frascos est\u00e1n hechos de vidrio transparente de alta calidad y son seguros para los alimentos debido a que se utilizan en contacto con los alimentos.<\/li>\n<\/ul>\n<h2>Especificaciones clave<\/h2>\n<table style=\"border-collapse: collapse; width: 80%; margin-left: auto; margin-right: auto;\" border=\"0\" width=\"216\" cellspacing=\"0\" cellpadding=\"0\">\n<tbody>\n<tr style=\"height: 13.50pt;\">\n<td style=\"height: 13.5pt; width: 54pt; text-align: center;\" width=\"72\" height=\"18\">Capacidad (ml)<\/td>\n<td style=\"width: 54pt; text-align: center;\" width=\"72\">Tama\u00f1o (cm)<\/td>\n<td style=\"width: 54pt; text-align: center;\" width=\"72\">Opciones personalizadas<\/td>\n<\/tr>\n<tr style=\"height: 13.50pt;\">\n<td style=\"height: 13.5pt; text-align: center;\" align=\"right\" height=\"18\">40<\/td>\n<td style=\"text-align: center;\">4.9&#215;4.9<\/td>\n<td class=\"et2\" style=\"text-align: center;\" rowspan=\"7\">Logotipo, etiqueta, tapa<\/td>\n<\/tr>\n<tr style=\"height: 13.50pt;\">\n<td style=\"height: 13.5pt; text-align: center;\" align=\"right\" height=\"18\">75<\/td>\n<td style=\"text-align: center;\">5.5&#215;5.9<\/td>\n<\/tr>\n<tr style=\"height: 13.50pt;\">\n<td style=\"height: 13.5pt; text-align: center;\" align=\"right\" height=\"18\">100<\/td>\n<td style=\"text-align: center;\">6.3&#215;6.9<\/td>\n<\/tr>\n<tr style=\"height: 13.50pt;\">\n<td style=\"height: 13.5pt; text-align: center;\" align=\"right\" height=\"18\">200<\/td>\n<td style=\"text-align: center;\">7.5&#215;7.6<\/td>\n<\/tr>\n<tr style=\"height: 13.50pt;\">\n<td style=\"height: 13.5pt; text-align: center;\" align=\"right\" height=\"18\">280<\/td>\n<td style=\"text-align: center;\">8.7&#215;8.4<\/td>\n<\/tr>\n<tr style=\"height: 13.50pt;\">\n<td style=\"height: 13.5pt; text-align: center;\" align=\"right\" height=\"18\">380<\/td>\n<td style=\"text-align: center;\">9.3&#215;9.3<\/td>\n<\/tr>\n<tr style=\"height: 13.50pt;\">\n<td style=\"height: 13.5pt; text-align: center;\" align=\"right\" height=\"18\">500<\/td>\n<td style=\"text-align: center;\">9.8&#215;10.5<\/td>\n<\/tr>\n<\/tbody>\n<\/table>\n<h2>Historia de \u00e9xito: Historia de \u00e9xito de una f\u00e1brica de productos l\u00e1cteos artesanales del Medio Oeste<\/h2>\n<p>Nuestros frascos de yogur de vidrio con tapa fueron seleccionados por una f\u00e1brica familiar de l\u00e1cteos artesanales en Wisconsin. Hicieron suyas las tapas rojas y serigrafiaron su marca. Las tapas met\u00e1licas rojas ten\u00edan un sellado superior que prolongaba la vida \u00fatil del producto un 15 %. Los frascos de vidrio hac\u00edan que el yogur pareciera espeso, algo que los clientes pod\u00edan apreciar f\u00e1cilmente, y como resultado, sus compras impulsivas aumentaron un 25 %. Por ello, posteriormente realizaron otro pedido de 200\u00a0000 frascos.<\/p>\n<h2>Recomendaciones para personalizar tarros de yogur con tapa<\/h2>\n<ul>\n<li>Colores de tapa personalizados: adem\u00e1s de una gama de colores b\u00e1sicos de tapas de rosca de metal (por ejemplo, negro, blanco, dorado, azul), podemos aplicar los colores de su marca a pedido o crear una diferencia de color entre los sabores.<\/li>\n<li>Textura inferior personalizada: reemplace la textura ondulada con una textura antideslizante de otra variedad que incluya una cuadr\u00edcula geom\u00e9trica o peque\u00f1os puntos.<\/li>\n<li>Marcas de etiquetado: para que sea m\u00e1s f\u00e1cil usar el frasco, agregue marcas de medici\u00f3n impresas o en relieve permanentes (ml u onzas) en el costado del frasco.<\/li>\n<\/ul>","protected":false},"excerpt":{"rendered":"<p>Tarros de yogur de vidrio premium con tapas de rosca met\u00e1licas rojas y base texturizada. Tarros de yogur vers\u00e1tiles con tapas para uso alimentario y cosm\u00e9tico. Env\u00edo r\u00e1pido.<\/p>","protected":false},"featured_media":23020,"template":"","meta":[],"product_brand":[],"product_cat":[124,122,130],"product_tag":[],"class_list":{"0":"post-23019","1":"product","2":"type-product","3":"status-publish","4":"has-post-thumbnail","6":"product_cat-custom-glass-jars","7":"product_cat-custom-glass-packaging","8":"product_cat-glass-yogurt-jars","10":"first","11":"instock","12":"shipping-taxable","13":"product-type-simple"},"jetpack_sharing_enabled":true,"_links":{"self":[{"href":"https:\/\/yebodaglass.com\/es\/wp-json\/wp\/v2\/product\/23019","targetHints":{"allow":["GET"]}}],"collection":[{"href":"https:\/\/yebodaglass.com\/es\/wp-json\/wp\/v2\/product"}],"about":[{"href":"https:\/\/yebodaglass.com\/es\/wp-json\/wp\/v2\/types\/product"}],"version-history":[{"count":5,"href":"https:\/\/yebodaglass.com\/es\/wp-json\/wp\/v2\/product\/23019\/revisions"}],"predecessor-version":[{"id":25360,"href":"https:\/\/yebodaglass.com\/es\/wp-json\/wp\/v2\/product\/23019\/revisions\/25360"}],"wp:featuredmedia":[{"embeddable":true,"href":"https:\/\/yebodaglass.com\/es\/wp-json\/wp\/v2\/media\/23020"}],"wp:attachment":[{"href":"https:\/\/yebodaglass.com\/es\/wp-json\/wp\/v2\/media?parent=23019"}],"wp:term":[{"taxonomy":"product_brand","embeddable":true,"href":"https:\/\/yebodaglass.com\/es\/wp-json\/wp\/v2\/product_brand?post=23019"},{"taxonomy":"product_cat","embeddable":true,"href":"https:\/\/yebodaglass.com\/es\/wp-json\/wp\/v2\/product_cat?post=23019"},{"taxonomy":"product_tag","embeddable":true,"href":"https:\/\/yebodaglass.com\/es\/wp-json\/wp\/v2\/product_tag?post=23019"}],"curies":[{"name":"wp","href":"https:\/\/api.w.org\/{rel}","templated":true}]}}