{"id":23010,"date":"2025-10-30T16:02:10","date_gmt":"2025-10-30T08:02:10","guid":{"rendered":"https:\/\/yebodaglass.com\/?post_type=product&#038;p=23010"},"modified":"2025-11-04T11:53:22","modified_gmt":"2025-11-04T03:53:22","slug":"custom-eggshell-shaped-cute-yogurt-glass-jars-with-lids-bulk","status":"publish","type":"product","link":"https:\/\/yebodaglass.com\/es\/custom-eggshell-shaped-cute-yogurt-glass-jars-with-lids-bulk\/","title":{"rendered":"Tarros de cristal para yogur con forma de c\u00e1scara de huevo, 225 g, con tapa (a granel)"},"content":{"rendered":"<p>\u00bfCansado de los frascos de yogur con tapas aburridas o que gotean? Creamos frascos de yogur con un toque de c\u00e1scara de huevo: \u00a1se acabaron los envases planos! Estos frascos de vidrio convierten tu yogur en un imprescindible. Los pedidos al por mayor reciben dise\u00f1os personalizados que combinan con tu marca.<\/p>\n<h2>Caracter\u00edsticas del producto<\/h2>\n<p><strong>Dise\u00f1o \u00fanico de c\u00e1scara de huevo<\/strong><\/p>\n<p>La forma redondeada y linda del producto proviene de las nervaduras naturales de una c\u00e1scara de huevo y parece un producto hecho a mano lo cual es agradable a los ojos del consumidor.<\/p>\n<p><strong>Aplicaciones multifuncionales<\/strong><\/p>\n<p>El uso de este contenedor tambi\u00e9n es ideal para envasar alimentos de lujo, como yogur, pud\u00edn, mousse, gelatina, postres y productos horneados.<\/p>\n<p><strong>Personalizaci\u00f3n personalizada disponible<\/strong><\/p>\n<p>La identidad de marca se puede hacer \u00fanica agregando un logotipo impreso mediante el proceso de serigraf\u00eda, etiquetado, pintura en aerosol, glaseado o galvanoplastia de acuerdo con los requisitos de la marca.<\/p>\n<h2>Especificaciones clave<\/h2>\n<table style=\"border-collapse: collapse; width: 80%; margin-left: auto; margin-right: auto;\" border=\"0\" width=\"288\" cellspacing=\"0\" cellpadding=\"0\">\n<tbody>\n<tr style=\"height: 13.50pt;\">\n<td style=\"height: 13.5pt; width: 54pt; text-align: center;\" width=\"72\" height=\"18\">Capacidad<\/td>\n<td style=\"width: 54pt; text-align: center;\" width=\"72\">Tama\u00f1o (cm)<\/td>\n<td style=\"width: 54pt; text-align: center;\" width=\"72\">Forma<\/td>\n<td style=\"width: 54pt; text-align: center;\" width=\"72\">Material<\/td>\n<\/tr>\n<tr style=\"height: 13.50pt;\">\n<td style=\"height: 13.5pt; text-align: center;\" height=\"18\">225 gramos<\/td>\n<td style=\"text-align: center;\">6.2&#215;8.2<\/td>\n<td style=\"text-align: center;\">C\u00e1scara de huevo<\/td>\n<td style=\"text-align: center;\">Vaso<\/td>\n<\/tr>\n<\/tbody>\n<\/table>\n<h2>Caso de \u00e9xito<\/h2>\n<p>Nos asociamos con una marca australiana de l\u00e1cteos para crear unos preciosos tarros de yogur con forma de huevo. Los tarros tienen un logotipo minimalista en relieve dorado, que les aporta un sutil detalle.<\/p>\n<p>Cuando el producto sali\u00f3 al mercado, la gente gritaba que los frascos de yogur eran &#034;demasiado bonitos para tirarlos&#034;. Las ventas en l\u00ednea aumentaron un 40 % en tan solo seis semanas.<\/p>\n<h2>Tu manual de personalizaci\u00f3n<\/h2>\n<ol>\n<li><strong>Capacidad\u200b\u200d\u200b\u200c\u200d\u200b\u200d\u200c\u200b\u200d\u200b\u200c\u200d\u200b\u200d\u200c Opciones:<\/strong> Las necesidades de postre, yogur o regalo se pueden variar mediante el uso de opciones de capacidad que son personalizables.<\/li>\n<li><strong>Embalaje del conjunto:<\/strong> El embalaje en combinaci\u00f3n con cajas de cart\u00f3n, tapas de bamb\u00fa o juegos de cucharas se puede utilizar para crear combinaciones con calidad de regalo que sean adecuadas para las ventas navide\u00f1as o los canales de alta gama.<\/li>\n<\/ol>","protected":false},"excerpt":{"rendered":"<p>Nuestros frascos de vidrio para yogur con forma de c\u00e1scara de huevo con tapas, frascos de yogur lindos de dise\u00f1o \u00fanico perfectos para postres premium, pudines o envases de yogur hechos a mano.<\/p>","protected":false},"featured_media":23011,"template":"","meta":[],"product_brand":[],"product_cat":[124,122,130],"product_tag":[],"class_list":{"0":"post-23010","1":"product","2":"type-product","3":"status-publish","4":"has-post-thumbnail","6":"product_cat-custom-glass-jars","7":"product_cat-custom-glass-packaging","8":"product_cat-glass-yogurt-jars","10":"first","11":"instock","12":"shipping-taxable","13":"product-type-simple"},"jetpack_sharing_enabled":true,"_links":{"self":[{"href":"https:\/\/yebodaglass.com\/es\/wp-json\/wp\/v2\/product\/23010","targetHints":{"allow":["GET"]}}],"collection":[{"href":"https:\/\/yebodaglass.com\/es\/wp-json\/wp\/v2\/product"}],"about":[{"href":"https:\/\/yebodaglass.com\/es\/wp-json\/wp\/v2\/types\/product"}],"version-history":[{"count":5,"href":"https:\/\/yebodaglass.com\/es\/wp-json\/wp\/v2\/product\/23010\/revisions"}],"predecessor-version":[{"id":23029,"href":"https:\/\/yebodaglass.com\/es\/wp-json\/wp\/v2\/product\/23010\/revisions\/23029"}],"wp:featuredmedia":[{"embeddable":true,"href":"https:\/\/yebodaglass.com\/es\/wp-json\/wp\/v2\/media\/23011"}],"wp:attachment":[{"href":"https:\/\/yebodaglass.com\/es\/wp-json\/wp\/v2\/media?parent=23010"}],"wp:term":[{"taxonomy":"product_brand","embeddable":true,"href":"https:\/\/yebodaglass.com\/es\/wp-json\/wp\/v2\/product_brand?post=23010"},{"taxonomy":"product_cat","embeddable":true,"href":"https:\/\/yebodaglass.com\/es\/wp-json\/wp\/v2\/product_cat?post=23010"},{"taxonomy":"product_tag","embeddable":true,"href":"https:\/\/yebodaglass.com\/es\/wp-json\/wp\/v2\/product_tag?post=23010"}],"curies":[{"name":"wp","href":"https:\/\/api.w.org\/{rel}","templated":true}]}}