{"id":23001,"date":"2025-10-30T14:56:21","date_gmt":"2025-10-30T06:56:21","guid":{"rendered":"https:\/\/yebodaglass.com\/?post_type=product&#038;p=23001"},"modified":"2026-04-10T09:32:58","modified_gmt":"2026-04-10T01:32:58","slug":"round-ribbed-glass-jars-for-yogurt-with-metal-lids-wholesale","status":"publish","type":"product","link":"https:\/\/yebodaglass.com\/es\/producto\/round-ribbed-glass-jars-for-yogurt-with-metal-lids-wholesale\/","title":{"rendered":"Frascos redondos de vidrio acanalado para yogur, con tapas met\u00e1licas, de 150 a 380 ml (venta al por mayor)"},"content":{"rendered":"<p>Estos frascos de vidrio para yogur son redondos y llenos y tienen una superficie lisa, con una fina textura acanalada vertical, y tienen tapas de metal rojo glamoroso o hermoso dorado, por lo tanto, estos son frascos de yogures perfectos que los mayoristas de yogures de alta calidad deben usar.<\/p>\n<h2>Caracter\u00edsticas del producto<\/h2>\n<ul>\n<li><strong>Redondo, forma completa:<\/strong> Esta forma es la tradicional que es redonda, m\u00e1s c\u00f3moda de usar y permite el mayor espacio en su interior.<\/li>\n<li><strong>Textura acanalada vertical:<\/strong> Los cortes ornamentales en el borde proporcionan inter\u00e9s est\u00e9tico, mejor agarre y ligeros reflejos de luz.<\/li>\n<li><strong>Opciones de tapa de metal:<\/strong> Las tapas de color rojo brillante y dorado respectivamente le dan un aspecto moderno y elegante y un lujo vintage.<\/li>\n<\/ul>\n<h2>Especificaciones clave<\/h2>\n<table style=\"border-collapse: collapse; width: 80%; margin-left: auto; margin-right: auto;\" border=\"0\" width=\"288\" cellspacing=\"0\" cellpadding=\"0\">\n<tbody>\n<tr style=\"height: 13.50pt;\">\n<td style=\"height: 13.5pt; width: 54pt; text-align: center;\" width=\"72\" height=\"18\">Capacidad (ml)<\/td>\n<td style=\"width: 54pt; text-align: center;\" width=\"72\">Dimensiones (cm)<\/td>\n<td style=\"width: 54pt; text-align: center;\" width=\"72\">Forma<\/td>\n<td style=\"width: 54pt; text-align: center;\" width=\"72\">Material<\/td>\n<\/tr>\n<tr style=\"height: 13.50pt;\">\n<td style=\"height: 13.5pt; text-align: center;\" align=\"right\" height=\"18\">150<\/td>\n<td style=\"text-align: center;\">7.3*6.9<\/td>\n<td class=\"et2\" style=\"text-align: center;\" rowspan=\"4\">Redondo<\/td>\n<td class=\"et2\" style=\"text-align: center;\" rowspan=\"4\">Vaso<\/td>\n<\/tr>\n<tr style=\"height: 13.50pt;\">\n<td style=\"height: 13.5pt; text-align: center;\" align=\"right\" height=\"18\">200<\/td>\n<td style=\"text-align: center;\">8.1*7.5<\/td>\n<\/tr>\n<tr style=\"height: 13.50pt;\">\n<td style=\"height: 13.5pt; text-align: center;\" align=\"right\" height=\"18\">280<\/td>\n<td style=\"text-align: center;\">8.9*8.0<\/td>\n<\/tr>\n<tr style=\"height: 13.50pt;\">\n<td style=\"height: 13.5pt; text-align: center;\" align=\"right\" height=\"18\">380<\/td>\n<td style=\"text-align: center;\">9.7*9.0<\/td>\n<\/tr>\n<\/tbody>\n<\/table>\n<h2>Caso de \u00e9xito<\/h2>\n<p>Nuestros frascos de vidrio para yogur fueron seleccionados por una marca de alimentos org\u00e1nicos de Oreg\u00f3n para envasarlos, y se personalizaron frascos de vidrio verde claro. Los resultados de este envase premium fueron inmediatos y sustanciales: el vidrio verde especial ofrec\u00eda una ligera protecci\u00f3n UV, lo que aument\u00f3 la vida \u00fatil del yogur en un 10 %; el dise\u00f1o reutilizable, con su atractivo dise\u00f1o, gener\u00f3 un 25 % de compras repetidas, y las fotos de los hermosos frascos de vidrio sumaron a la marca m\u00e1s de 5000 nuevos seguidores. Gracias a este excelente resultado, realizaron un nuevo pedido de 100\u00a0000 frascos.<\/p>\n<h2>Recomendaciones de personalizaci\u00f3n de tarros de yogur de vidrio al por mayor<\/h2>\n<ul>\n<li>Marca en relieve: se puede agregar un peque\u00f1o logotipo o patr\u00f3n en relieve en la parte superior de la tapa de metal para darle a la marca una imagen sutil pero de alta gama.<\/li>\n<li>Varias texturas de taza: seleccione una textura diferente de la taza vertical: espiral, diamante u onda.<\/li>\n<li>Tama\u00f1os: agregue diferentes tama\u00f1os, todos con el mismo dise\u00f1o atractivo, como frascos peque\u00f1os de 4 onzas y paquetes familiares grandes de 16 onzas.<\/li>\n<\/ul>","protected":false},"excerpt":{"rendered":"<p>Frascos de vidrio personalizados para yogur con textura en relieve y tapas met\u00e1licas. Frascos de vidrio resistentes para yogur, venta al por mayor, directos de f\u00e1brica para compradores al por mayor. Env\u00edo r\u00e1pido.<\/p>","protected":false},"featured_media":23005,"template":"","meta":[],"product_brand":[],"product_cat":[130,124,122],"product_tag":[],"class_list":{"0":"post-23001","1":"product","2":"type-product","3":"status-publish","4":"has-post-thumbnail","6":"product_cat-glass-yogurt-jars","7":"product_cat-custom-glass-jars","8":"product_cat-custom-glass-packaging","10":"first","11":"instock","12":"shipping-taxable","13":"product-type-simple"},"jetpack_sharing_enabled":true,"_links":{"self":[{"href":"https:\/\/yebodaglass.com\/es\/wp-json\/wp\/v2\/product\/23001","targetHints":{"allow":["GET"]}}],"collection":[{"href":"https:\/\/yebodaglass.com\/es\/wp-json\/wp\/v2\/product"}],"about":[{"href":"https:\/\/yebodaglass.com\/es\/wp-json\/wp\/v2\/types\/product"}],"version-history":[{"count":5,"href":"https:\/\/yebodaglass.com\/es\/wp-json\/wp\/v2\/product\/23001\/revisions"}],"predecessor-version":[{"id":25371,"href":"https:\/\/yebodaglass.com\/es\/wp-json\/wp\/v2\/product\/23001\/revisions\/25371"}],"wp:featuredmedia":[{"embeddable":true,"href":"https:\/\/yebodaglass.com\/es\/wp-json\/wp\/v2\/media\/23005"}],"wp:attachment":[{"href":"https:\/\/yebodaglass.com\/es\/wp-json\/wp\/v2\/media?parent=23001"}],"wp:term":[{"taxonomy":"product_brand","embeddable":true,"href":"https:\/\/yebodaglass.com\/es\/wp-json\/wp\/v2\/product_brand?post=23001"},{"taxonomy":"product_cat","embeddable":true,"href":"https:\/\/yebodaglass.com\/es\/wp-json\/wp\/v2\/product_cat?post=23001"},{"taxonomy":"product_tag","embeddable":true,"href":"https:\/\/yebodaglass.com\/es\/wp-json\/wp\/v2\/product_tag?post=23001"}],"curies":[{"name":"wp","href":"https:\/\/api.w.org\/{rel}","templated":true}]}}