{"id":22838,"date":"2025-10-28T16:48:47","date_gmt":"2025-10-28T08:48:47","guid":{"rendered":"https:\/\/yebodaglass.com\/?post_type=product&#038;p=22838"},"modified":"2026-03-13T11:43:52","modified_gmt":"2026-03-13T03:43:52","slug":"wholesale-unique-hexagon-glass-honey-jars-with-lids","status":"publish","type":"product","link":"https:\/\/yebodaglass.com\/es\/wholesale-unique-hexagon-glass-honey-jars-with-lids\/","title":{"rendered":"Tarros de miel hexagonales de vidrio \u00fanicos al por mayor con tapas de 375 ml y 750 ml"},"content":{"rendered":"<p>Este tarro de miel hexagonal de vidrio presenta un dise\u00f1o hexagonal tradicional. Los llamativos colores de la miel, la mermelada y las conservas se reflejan a la perfecci\u00f3n en el cristal transparente. Su robusta tapa de rosca y su base firme garantizan su practicidad y belleza.<\/p>\n<h2>Caracter\u00edsticas del producto<\/h2>\n<ul>\n<li><strong>Hex\u00e1gono id\u00e9ntico:<\/strong> La construcci\u00f3n hexagonal en forma de panal de este producto no se enrolla y proporciona un buen agarre.<\/li>\n<li><strong>Vidrio cristalino:<\/strong> El cristal transparente permite a los clientes apreciar con precisi\u00f3n la calidad del producto, de modo que pueden ver todo su contenido.<\/li>\n<li><strong>Base plana y resistente:<\/strong> El fondo grueso y plano permitir\u00e1 que el frasco se coloque sobre cualquier superficie y permanezca estable incluso cuando est\u00e9 lleno.<\/li>\n<\/ul>\n<h2 style=\"text-align: left;\">Especificaciones clave<\/h2>\n<table class=\"aligncenter\" style=\"border-collapse: collapse; width: 459.77pt;\" border=\"0\" width=\"613\" cellspacing=\"0\" cellpadding=\"0\">\n<tbody>\n<tr style=\"height: 13.50pt;\">\n<td style=\"height: 13.50pt; width: 99.75pt;\" width=\"133\" height=\"18\">Caracter\u00edstica<\/td>\n<td style=\"width: 360.00pt;\" width=\"480\">Especificaci\u00f3n<\/td>\n<\/tr>\n<tr style=\"height: 13.50pt;\">\n<td style=\"height: 13.50pt;\" height=\"18\">Capacidad<\/td>\n<td>375 ml, 750 ml<\/td>\n<\/tr>\n<tr style=\"height: 13.50pt;\">\n<td style=\"height: 13.50pt;\" height=\"18\">Forma<\/td>\n<td>Prisma hexagonal, paneles planos<\/td>\n<\/tr>\n<tr style=\"height: 13.50pt;\">\n<td style=\"height: 13.50pt;\" height=\"18\">Dimensiones<\/td>\n<td>7,2 \u00d7 12,5 cm, 8,2 \u00d7 17 cm<\/td>\n<\/tr>\n<tr style=\"height: 13.50pt;\">\n<td style=\"height: 13.50pt;\" height=\"18\">Material<\/td>\n<td>Vidrio transparente, tapa met\u00e1lica a rosca<\/td>\n<\/tr>\n<tr style=\"height: 13.50pt;\">\n<td style=\"height: 13.50pt;\" height=\"18\">Opciones de tapa<\/td>\n<td>Oro, amarillo, plata, negro (Personalizable)<\/td>\n<\/tr>\n<tr style=\"height: 13.50pt;\">\n<td style=\"height: 13.50pt;\" height=\"18\">Mejor para<\/td>\n<td>Miel, mermelada, cestas de regalo<\/td>\n<\/tr>\n<tr style=\"height: 13.50pt;\">\n<td style=\"height: 13.50pt;\" height=\"18\">Uso ideal<\/td>\n<td>Tarros de mermelada \u00fanicos, tarro de miel hexagonal de cristal, tarros de miel para regalo<\/td>\n<\/tr>\n<\/tbody>\n<\/table>\n<h2>Historia de \u00e9xito: Pedido personalizado de la Cooperativa Ap\u00edcola del Medio Oeste<\/h2>\n<p>Una cooperativa ap\u00edcola de Iowa eligi\u00f3 nuestro tarro de miel hexagonal de vidrio y lo modific\u00f3 con una tapa met\u00e1lica grabada con el logo de una abeja y vidrio \u00e1mbar claro. Estas decisiones de personalizaci\u00f3n aportaron ventajas considerables: el vidrio \u00e1mbar ofrec\u00eda protecci\u00f3n contra los rayos UV, las encuestas a los clientes revelaron que las ventas de miel aumentaron un 25 % gracias a su frescura, y el dise\u00f1o personalizado y el tacto de alta calidad incrementaron las ventas un 30 %. El cliente qued\u00f3 muy satisfecho con la colaboraci\u00f3n y encarg\u00f3 500 000 frascos m\u00e1s de su producto para la siguiente primavera, coincidiendo con la cosecha de miel y el lanzamiento de su nueva l\u00ednea de mermeladas.<\/p>\n<h2>Recomendaci\u00f3n de personalizaci\u00f3n Tarros de mermelada \u00fanicos<\/h2>\n<ul>\n<li>Relieve o Grabado: Se pueden grabar o estampar dise\u00f1os personalizados en relieve, nombres de granjas o logotipos en el vidrio para crear una identidad de marca superior y permanente.<\/li>\n<li>Materiales de tapa multifuncionales: Tenemos tapas en diferentes materiales que incluyen bamb\u00fa sustentable, metal o cer\u00e1mica que son lujosas al tacto.<\/li>\n<li>Marcadores de clasificaci\u00f3n: Grabe (onzas, gramos) una peque\u00f1a marca en el borde del frasco de vidrio para que se pueda acceder f\u00e1cilmente incluso cuando el producto est\u00e9 vac\u00edo.<\/li>\n<\/ul>","protected":false},"excerpt":{"rendered":"<p>Tarro de miel hexagonal de primera calidad, fabricado en vidrio transparente para realzar el color de la miel. Pr\u00e1cticos tarros de mermelada con tapas herm\u00e9ticas para almacenar alimentos. Env\u00edo r\u00e1pido.<\/p>","protected":false},"featured_media":22842,"template":"","meta":[],"product_brand":[],"product_cat":[122,124,127],"product_tag":[],"class_list":{"0":"post-22838","1":"product","2":"type-product","3":"status-publish","4":"has-post-thumbnail","6":"product_cat-custom-glass-packaging","7":"product_cat-custom-glass-jars","8":"product_cat-glass-honey-jars","10":"first","11":"instock","12":"shipping-taxable","13":"product-type-simple"},"jetpack_sharing_enabled":true,"_links":{"self":[{"href":"https:\/\/yebodaglass.com\/es\/wp-json\/wp\/v2\/product\/22838","targetHints":{"allow":["GET"]}}],"collection":[{"href":"https:\/\/yebodaglass.com\/es\/wp-json\/wp\/v2\/product"}],"about":[{"href":"https:\/\/yebodaglass.com\/es\/wp-json\/wp\/v2\/types\/product"}],"version-history":[{"count":5,"href":"https:\/\/yebodaglass.com\/es\/wp-json\/wp\/v2\/product\/22838\/revisions"}],"predecessor-version":[{"id":25433,"href":"https:\/\/yebodaglass.com\/es\/wp-json\/wp\/v2\/product\/22838\/revisions\/25433"}],"wp:featuredmedia":[{"embeddable":true,"href":"https:\/\/yebodaglass.com\/es\/wp-json\/wp\/v2\/media\/22842"}],"wp:attachment":[{"href":"https:\/\/yebodaglass.com\/es\/wp-json\/wp\/v2\/media?parent=22838"}],"wp:term":[{"taxonomy":"product_brand","embeddable":true,"href":"https:\/\/yebodaglass.com\/es\/wp-json\/wp\/v2\/product_brand?post=22838"},{"taxonomy":"product_cat","embeddable":true,"href":"https:\/\/yebodaglass.com\/es\/wp-json\/wp\/v2\/product_cat?post=22838"},{"taxonomy":"product_tag","embeddable":true,"href":"https:\/\/yebodaglass.com\/es\/wp-json\/wp\/v2\/product_tag?post=22838"}],"curies":[{"name":"wp","href":"https:\/\/api.w.org\/{rel}","templated":true}]}}