{"id":22829,"date":"2025-10-28T15:40:26","date_gmt":"2025-10-28T07:40:26","guid":{"rendered":"https:\/\/yebodaglass.com\/?post_type=product&#038;p=22829"},"modified":"2026-03-13T14:26:48","modified_gmt":"2026-03-13T06:26:48","slug":"clear-cylindrical-little-glass-honey-vials-bulk","status":"publish","type":"product","link":"https:\/\/yebodaglass.com\/es\/clear-cylindrical-little-glass-honey-vials-bulk\/","title":{"rendered":"Viales de miel peque\u00f1os cil\u00edndricos de vidrio transparente de 40 ml, 75 ml y 100 ml a granel"},"content":{"rendered":"<p>Estos viales para miel est\u00e1n dise\u00f1ados con un cuerpo cil\u00edndrico de vidrio transparente con un fondo grueso y redondeado para garantizar su estabilidad y durabilidad. Los tapones son de rosca dorados o plateados, peque\u00f1os y elegantes, perfectos para almacenar peque\u00f1as cantidades de miel, mermelada o muestras.<\/p>\n<h2>Caracter\u00edsticas del producto<\/h2>\n<ul>\n<li><strong>Botellas cil\u00edndricas delgadas:<\/strong> Es un fondo lastrado, de dise\u00f1o fino y moderno, y no ocupa mucho espacio.<\/li>\n<li><strong>Alta transparencia:<\/strong> Es transparente y el vidrio refleja perfectamente el color y la viscosidad de la miel. Atraer\u00e1 la atenci\u00f3n de los compradores visuales.<\/li>\n<li><strong>Port\u00e1til y compacto:<\/strong> La botella tiene un dise\u00f1o compacto y es perfecta para viajar, probar, eventos o incluso como regalo.<\/li>\n<\/ul>\n<h2 style=\"text-align: left;\">Especificaciones clave<\/h2>\n<table class=\"aligncenter\" style=\"border-collapse: collapse; width: 454.52pt;\" border=\"0\" width=\"606\" cellspacing=\"0\" cellpadding=\"0\">\n<tbody>\n<tr style=\"height: 13.50pt;\">\n<td style=\"height: 13.50pt; width: 96.75pt;\" width=\"129\" height=\"18\">Caracter\u00edstica<\/td>\n<td style=\"width: 357.75pt;\" width=\"477\">Especificaci\u00f3n<\/td>\n<\/tr>\n<tr style=\"height: 13.50pt;\">\n<td style=\"height: 13.50pt;\" height=\"18\">Capacidad<\/td>\n<td>40 ml, 75 ml, 100 ml<\/td>\n<\/tr>\n<tr style=\"height: 13.50pt;\">\n<td style=\"height: 13.50pt;\" height=\"18\">Forma<\/td>\n<td>Cilindro recto, di\u00e1metro uniforme<\/td>\n<\/tr>\n<tr style=\"height: 13.50pt;\">\n<td style=\"height: 13.50pt;\" height=\"18\">Dimensiones<\/td>\n<td>4\u00d78,5 cm a 4\u00d715 cm<\/td>\n<\/tr>\n<tr style=\"height: 13.50pt;\">\n<td style=\"height: 13.50pt;\" height=\"18\">Material<\/td>\n<td>Vidrio transparente, tapa met\u00e1lica a rosca<\/td>\n<\/tr>\n<tr style=\"height: 13.50pt;\">\n<td style=\"height: 13.50pt;\" height=\"18\">Opciones de tapa<\/td>\n<td>Oro, plata, rosa (colores personalizados disponibles)<\/td>\n<\/tr>\n<tr style=\"height: 13.50pt;\">\n<td style=\"height: 13.50pt;\" height=\"18\">Mejor para<\/td>\n<td>Miel, kits de muestra, sets de regalo.<\/td>\n<\/tr>\n<tr style=\"height: 13.50pt;\">\n<td style=\"height: 13.50pt;\" height=\"18\">Uso ideal<\/td>\n<td>Frascos de miel, tarritos de miel, tarritos de miel al por mayor<\/td>\n<\/tr>\n<\/tbody>\n<\/table>\n<h2>Caso de \u00e9xito: Uno de los pedidos personalizados en una granja de miel especializada en California<\/h2>\n<p>Una de las granjas de miel especializada de Sonoma seleccion\u00f3 nuestros frascos de miel y los personaliz\u00f3 con grabados l\u00e1ser de abejas en los cuerpos de vidrio y tapas negras mate. El empaque personalizado tuvo un \u00e9xito rotundo: los frascos personalizados con la marca se convirtieron en un obsequio habitual para bodas y empresas, lo que impuls\u00f3 el crecimiento de este negocio en un 40 %. Su excelente sellado y su peque\u00f1o tama\u00f1o los hacen ideales para ofrecer como muestra en mercados de agricultores, donde, seg\u00fan ellos, aumentaron sus ventas de botellas de tama\u00f1o normal en 25 unidades en sus puestos. Gracias a este excelente desempe\u00f1o, realizaron un pedido adicional de 100 000 botellas peque\u00f1as para crear un nuevo kit de degustaci\u00f3n de Honey Journey.<\/p>\n<h2>Sugerencias para personalizar botellas de miel<\/h2>\n<ul>\n<li><strong>Etiqueta del cuello:<\/strong> Incorpore un anillo de marca al cuello de la botella para darle una apariencia elegante y atemporal.<\/li>\n<li><strong>Serigraf\u00eda\u200b\u200d\u200b\u200c\u200d\u200b\u200d\u200c\u200b\u200d\u200b\u200c\u200d\u200b\u200d\u200c Impresi\u00f3n:<\/strong> Utilice un m\u00e9todo de impresi\u00f3n para colocar su marca visualmente directamente en el vidrio para lograr una identidad de marca clara y duradera del tipo transparente.<\/li>\n<li><strong>Vidrio coloreado:<\/strong> Ofrece tu miel en un vaso de color \u00e1mbar o azul cobalto para diferenciarte del resto y adem\u00e1s mantener la miel a salvo de la luz.<\/li>\n<\/ul>","protected":false},"excerpt":{"rendered":"<p>Viales de miel de vidrio transparente con tapas met\u00e1licas de rosca. Elegantes tarritos de miel, ideales para muestras de miel, jarabe y para envasar como regalo. Muestras gratis.<\/p>","protected":false},"featured_media":22833,"template":"","meta":[],"product_brand":[],"product_cat":[122,124,127],"product_tag":[],"class_list":{"0":"post-22829","1":"product","2":"type-product","3":"status-publish","4":"has-post-thumbnail","6":"product_cat-custom-glass-packaging","7":"product_cat-custom-glass-jars","8":"product_cat-glass-honey-jars","10":"first","11":"instock","12":"shipping-taxable","13":"product-type-simple"},"jetpack_sharing_enabled":true,"_links":{"self":[{"href":"https:\/\/yebodaglass.com\/es\/wp-json\/wp\/v2\/product\/22829","targetHints":{"allow":["GET"]}}],"collection":[{"href":"https:\/\/yebodaglass.com\/es\/wp-json\/wp\/v2\/product"}],"about":[{"href":"https:\/\/yebodaglass.com\/es\/wp-json\/wp\/v2\/types\/product"}],"version-history":[{"count":5,"href":"https:\/\/yebodaglass.com\/es\/wp-json\/wp\/v2\/product\/22829\/revisions"}],"predecessor-version":[{"id":25440,"href":"https:\/\/yebodaglass.com\/es\/wp-json\/wp\/v2\/product\/22829\/revisions\/25440"}],"wp:featuredmedia":[{"embeddable":true,"href":"https:\/\/yebodaglass.com\/es\/wp-json\/wp\/v2\/media\/22833"}],"wp:attachment":[{"href":"https:\/\/yebodaglass.com\/es\/wp-json\/wp\/v2\/media?parent=22829"}],"wp:term":[{"taxonomy":"product_brand","embeddable":true,"href":"https:\/\/yebodaglass.com\/es\/wp-json\/wp\/v2\/product_brand?post=22829"},{"taxonomy":"product_cat","embeddable":true,"href":"https:\/\/yebodaglass.com\/es\/wp-json\/wp\/v2\/product_cat?post=22829"},{"taxonomy":"product_tag","embeddable":true,"href":"https:\/\/yebodaglass.com\/es\/wp-json\/wp\/v2\/product_tag?post=22829"}],"curies":[{"name":"wp","href":"https:\/\/api.w.org\/{rel}","templated":true}]}}