{"id":22818,"date":"2025-10-28T14:27:36","date_gmt":"2025-10-28T06:27:36","guid":{"rendered":"https:\/\/yebodaglass.com\/?post_type=product&#038;p=22818"},"modified":"2026-03-16T14:36:06","modified_gmt":"2026-03-16T06:36:06","slug":"bulk-glass-honey-storage-containers-with-embossed-patterns","status":"publish","type":"product","link":"https:\/\/yebodaglass.com\/es\/bulk-glass-honey-storage-containers-with-embossed-patterns\/","title":{"rendered":"Recipientes de vidrio para almacenar miel a granel con patrones en relieve de 250 ml, 500 ml y 750 ml."},"content":{"rendered":"<p>Estos recipientes cuadrados para almacenar miel, con un dise\u00f1o \u00fanico y esquinas redondeadas, est\u00e1n decorados con motivos frutales en relieve y fabricados en vidrio transparente. Las tapas met\u00e1licas, disponibles en oro o plata, ofrecen un excelente sellado y permiten apilarlos de forma estable.<\/p>\n<h2>Caracter\u00edsticas del producto<\/h2>\n<ul>\n<li><strong>Botella decorativa con relieve:<\/strong> El cuerpo de la botella estar\u00e1 decorado con texto y dise\u00f1os de frutas en relieve, lo que mejorar\u00e1 el atractivo visual y la naturalidad del producto, sin necesidad de impresiones innecesarias.<\/li>\n<li><strong>Botella cuadrada en relieve:<\/strong> La botella cuadrada con relieve aporta un aspecto ordenado y elegante al producto, ayudando as\u00ed a que \u00e9ste sea f\u00e1cilmente reconocido y a embellecer el envase.<\/li>\n<li><strong>Seguro y duradero:<\/strong> La fuerte construcci\u00f3n de vidrio y la tapa bien ajustada se combinan para crear un recipiente de almacenamiento de miel duradero y confiable, brindando as\u00ed la capacidad de transportar la miel de manera segura y mantenerla fresca durante mucho tiempo.<\/li>\n<\/ul>\n<h2 style=\"text-align: left;\">Especificaciones clave<\/h2>\n<table class=\"aligncenter\" style=\"border-collapse: collapse; width: 414.77pt;\" border=\"0\" width=\"553\" cellspacing=\"0\" cellpadding=\"0\">\n<tbody>\n<tr style=\"height: 13.50pt;\">\n<td style=\"height: 13.50pt; width: 96.75pt;\" width=\"129\" height=\"18\">Caracter\u00edstica<\/td>\n<td style=\"width: 318.00pt;\" width=\"424\">Especificaci\u00f3n<\/td>\n<\/tr>\n<tr style=\"height: 13.50pt;\">\n<td style=\"height: 13.50pt;\" height=\"18\">Capacidad<\/td>\n<td>250 ml, 500 ml, 750 ml<\/td>\n<\/tr>\n<tr style=\"height: 13.50pt;\">\n<td style=\"height: 13.50pt;\" height=\"18\">Forma<\/td>\n<td>Cuadrado con paneles en relieve<\/td>\n<\/tr>\n<tr style=\"height: 13.50pt;\">\n<td style=\"height: 13.50pt;\" height=\"18\">Dimensiones<\/td>\n<td>8\u00d78,3 cm a 10\u00d713,3 cm<\/td>\n<\/tr>\n<tr style=\"height: 13.50pt;\">\n<td style=\"height: 13.50pt;\" height=\"18\">Material<\/td>\n<td>Vidrio transparente, tapa met\u00e1lica a rosca<\/td>\n<\/tr>\n<tr style=\"height: 13.50pt;\">\n<td style=\"height: 13.50pt;\" height=\"18\">Opciones de tapa<\/td>\n<td>Oro, plata, amarillo (colores personalizados disponibles)<\/td>\n<\/tr>\n<tr style=\"height: 13.50pt;\">\n<td style=\"height: 13.50pt;\" height=\"18\">Mejor para<\/td>\n<td>Miel, sets de regalo, paquetes minoristas<\/td>\n<\/tr>\n<tr style=\"height: 13.50pt;\">\n<td style=\"height: 13.50pt;\" height=\"18\">Uso ideal<\/td>\n<td>Contenedor para almacenar miel, adornos de regalo de miel.<\/td>\n<\/tr>\n<\/tbody>\n<\/table>\n<h2>Historia de \u00e9xito: Renovaci\u00f3n de la marca de una empresa de apicultura<\/h2>\n<p>Una marca de productos ap\u00edcolas que ten\u00eda un buen rendimiento local, pero con potencial de ventas, en particular miel cruda sin filtrar, se encontraba estancada. Sus botellas de miel de 250 ml ten\u00edan un buen rendimiento, pero carec\u00edan de un envase de alta gama adecuado para la venta en grandes cantidades. Decidieron relanzar nuestros recipientes cuadrados de vidrio gofrado de 500 ml para almacenar miel. Los nuevos frascos han transformado el mercado dr\u00e1sticamente. Por ello, las ventas de sus sets de regalo online aumentaron un 45 % en el primer trimestre tras el relanzamiento. Los clientes destacan en sus rese\u00f1as &#034;los preciosos frascos de miel de alta gama&#034; como su producto favorito. Seg\u00fan el propietario, el exclusivo estampado en relieve se ha convertido en su sello distintivo y, por lo tanto, es la caracter\u00edstica m\u00e1s reconocible de sus productos. El resultado de esto ha sido una cadena de cuatro pedidos repetidos consecutivos, y han agregado frascos de miel de vidrio de 750 ml con tapa a su gama de productos y han asegurado una asociaci\u00f3n mayorista con un flujo constante de ventas de m\u00e1s de 500,000 unidades al a\u00f1o desde entonces.<\/p>\n<h2>Recomendaciones para personalizar frascos de vidrio<\/h2>\n<ul>\n<li><strong>Logotipo en relieve:<\/strong> Coloque su logotipo en el vidrio a trav\u00e9s de un grabado para realzar el efecto de relieve y presentar visualmente una identidad de marca t\u00e1ctil y de primera calidad.<\/li>\n<li><strong>Panel decorativo esmerilado:<\/strong> El acabado esmerilado en la superficie plana del frasco cuadrado no solo ayuda a que el frasco se sujete de forma segura, sino que tambi\u00e9n crea un efecto de dos tonos m\u00e1s elegante y sofisticado.<\/li>\n<li><strong>Opciones de vidrio coloreado:<\/strong> Por ejemplo, puede seleccionar vidrio \u00e1mbar o azul cobalto si desea un aspecto radicalmente diferente y al mismo tiempo tener caracter\u00edsticas de bloqueo de luz.<\/li>\n<li><strong>Textura de la superficie:<\/strong> Se pueden emplear diferentes texturas en relieve en varios tama\u00f1os de frascos, lo que da como resultado una opci\u00f3n consistente y distintiva para su l\u00ednea de productos.<\/li>\n<\/ul>","protected":false},"excerpt":{"rendered":"<p>Tarros de miel de vidrio transparente con tapas decoradas con relieves y cierres met\u00e1licos seguros. Pr\u00e1ctico envase para almacenar miel, ideal para la venta al por menor. Env\u00edo r\u00e1pido.<\/p>","protected":false},"featured_media":22823,"template":"","meta":[],"product_brand":[],"product_cat":[122,124,127],"product_tag":[],"class_list":{"0":"post-22818","1":"product","2":"type-product","3":"status-publish","4":"has-post-thumbnail","6":"product_cat-custom-glass-packaging","7":"product_cat-custom-glass-jars","8":"product_cat-glass-honey-jars","10":"first","11":"instock","12":"shipping-taxable","13":"product-type-simple"},"jetpack_sharing_enabled":true,"_links":{"self":[{"href":"https:\/\/yebodaglass.com\/es\/wp-json\/wp\/v2\/product\/22818","targetHints":{"allow":["GET"]}}],"collection":[{"href":"https:\/\/yebodaglass.com\/es\/wp-json\/wp\/v2\/product"}],"about":[{"href":"https:\/\/yebodaglass.com\/es\/wp-json\/wp\/v2\/types\/product"}],"version-history":[{"count":5,"href":"https:\/\/yebodaglass.com\/es\/wp-json\/wp\/v2\/product\/22818\/revisions"}],"predecessor-version":[{"id":25454,"href":"https:\/\/yebodaglass.com\/es\/wp-json\/wp\/v2\/product\/22818\/revisions\/25454"}],"wp:featuredmedia":[{"embeddable":true,"href":"https:\/\/yebodaglass.com\/es\/wp-json\/wp\/v2\/media\/22823"}],"wp:attachment":[{"href":"https:\/\/yebodaglass.com\/es\/wp-json\/wp\/v2\/media?parent=22818"}],"wp:term":[{"taxonomy":"product_brand","embeddable":true,"href":"https:\/\/yebodaglass.com\/es\/wp-json\/wp\/v2\/product_brand?post=22818"},{"taxonomy":"product_cat","embeddable":true,"href":"https:\/\/yebodaglass.com\/es\/wp-json\/wp\/v2\/product_cat?post=22818"},{"taxonomy":"product_tag","embeddable":true,"href":"https:\/\/yebodaglass.com\/es\/wp-json\/wp\/v2\/product_tag?post=22818"}],"curies":[{"name":"wp","href":"https:\/\/api.w.org\/{rel}","templated":true}]}}