{"id":22807,"date":"2025-10-28T13:24:01","date_gmt":"2025-10-28T05:24:01","guid":{"rendered":"https:\/\/yebodaglass.com\/?post_type=product&#038;p=22807"},"modified":"2025-10-28T17:47:21","modified_gmt":"2025-10-28T09:47:21","slug":"wholesale-transparent-little-jam-jars-for-canning","status":"publish","type":"product","link":"https:\/\/yebodaglass.com\/es\/wholesale-transparent-little-jam-jars-for-canning\/","title":{"rendered":"Tarros de mermelada transparentes peque\u00f1os para enlatar al por mayor de 20 ml, 35 ml, 60 ml y 75 ml."},"content":{"rendered":"<p>Estos peque\u00f1os frascos de mermelada para enlatar constan de un cuerpo de vidrio cil\u00edndrico transparente y una moderna tapa dorada, disponible en varios tama\u00f1os, que no solo muestra el rico brillo dorado de la miel sino que tambi\u00e9n representa un dise\u00f1o minimalista pero lujoso.<\/p>\n<h2>Caracter\u00edsticas del producto<\/h2>\n<ul>\n<li><strong>Claro:<\/strong> La calidad y el color de los productos se resaltan muy bien gracias al cristal transparente, creando as\u00ed una excelente primera impresi\u00f3n.<\/li>\n<li><strong>Protecci\u00f3n sellada segura:<\/strong> La tapa m\u00e1s cerrada refresca el contenido y evita que se derrame durante el transporte y el almacenamiento, lo cual es muy importante para sus productos ap\u00edcolas.<\/li>\n<li><strong>Apilable:<\/strong> La forma cil\u00edndrica est\u00e1ndar de estos frascos de vidrio permite apilarlos sin ning\u00fan problema, ahorrando as\u00ed espacio tanto en los almacenes como durante el env\u00edo.<\/li>\n<\/ul>\n<h2 style=\"text-align: left;\">Especificaciones clave<\/h2>\n<table class=\"aligncenter\" style=\"border-collapse: collapse; width: 414.77pt;\" border=\"0\" width=\"553\" cellspacing=\"0\" cellpadding=\"0\">\n<tbody>\n<tr style=\"height: 13.50pt;\">\n<td style=\"height: 13.50pt; width: 96.75pt;\" width=\"129\" height=\"18\">Caracter\u00edstica<\/td>\n<td style=\"width: 318.00pt;\" width=\"424\">Especificaci\u00f3n<\/td>\n<\/tr>\n<tr style=\"height: 13.50pt;\">\n<td style=\"height: 13.50pt;\" height=\"18\">Capacidad<\/td>\n<td>20 ml, 35 ml, 60 ml, 75 ml<\/td>\n<\/tr>\n<tr style=\"height: 13.50pt;\">\n<td style=\"height: 13.50pt;\" height=\"18\">Forma<\/td>\n<td>Cil\u00edndrico con hombros redondeados<\/td>\n<\/tr>\n<tr style=\"height: 13.50pt;\">\n<td style=\"height: 13.50pt;\" height=\"18\">Dimensiones<\/td>\n<td>4,3\u00d74,2 cm a 5\u00d76,4 cm<\/td>\n<\/tr>\n<tr style=\"height: 13.50pt;\">\n<td style=\"height: 13.50pt;\" height=\"18\">Material<\/td>\n<td>Vidrio transparente, tapa met\u00e1lica a rosca<\/td>\n<\/tr>\n<tr style=\"height: 13.50pt;\">\n<td style=\"height: 13.50pt;\" height=\"18\">Opciones de tapa<\/td>\n<td>Oro, plata, rojo, rosa (colores personalizados disponibles)<\/td>\n<\/tr>\n<tr style=\"height: 13.50pt;\">\n<td style=\"height: 13.50pt;\" height=\"18\">Mejor para<\/td>\n<td>Miel, mini conservas, kits de muestra<\/td>\n<\/tr>\n<tr style=\"height: 13.50pt;\">\n<td style=\"height: 13.50pt;\" height=\"18\">Uso ideal<\/td>\n<td>Tarros de mermelada peque\u00f1os, tarros de mermelada, tarros de miel al por mayor<\/td>\n<\/tr>\n<\/tbody>\n<\/table>\n<h2>Historia de \u00e9xito: C\u00f3mo los tarros de miel premium ayudaron a hacer crecer una marca<\/h2>\n<p>La marca de miel, que se expandi\u00f3 regionalmente, se vio afectada por el uso de diversos frascos de distintos proveedores para su l\u00ednea de embotellado. Adem\u00e1s de los problemas que esto gener\u00f3, tambi\u00e9n condujo a una disminuci\u00f3n de su imagen de marca. Decidieron adquirir frascos redondos de vidrio de 60 ml para su producto estrella. La consistencia de los frascos permiti\u00f3 aumentar casi de inmediato la velocidad de la l\u00ednea de embotellado en un 15 %, lo que mejor\u00f3 considerablemente la eficiencia.<\/p>\n<p>Sin embargo, la verdadera recompensa fueron los comentarios de los clientes. Las ventas de sus cajas de suscripci\u00f3n aumentaron un 25 % durante los seis meses, y los suscriptores destacaron especialmente el &#034;aspecto profesional y de alta calidad&#034; del nuevo envase como la raz\u00f3n principal para suscribirse. Estos buenos comentarios se tradujeron en tres pedidos consecutivos. Actualmente, dan buen ejemplo al usar nuestros envases para todos sus tarros y botellas de miel. Los pedidos al por mayor, que suman m\u00e1s de 200\u00a0000 unidades por trimestre, son su nueva norma.<\/p>\n<h2>Recomendaciones de frascos de vidrio personalizados<\/h2>\n<ul>\n<li><strong>Color de la gorra de marca:<\/strong> \u00bfQu\u00e9 tal elegir un color de gorra personalizado que combine con tu marca? El dorado ser\u00eda una excelente opci\u00f3n para una sensaci\u00f3n premium.<\/li>\n<li><strong>Serigraf\u00eda de vidrio:<\/strong> Haga que su firma sea el elemento distintivo del vidrio mediante una impresi\u00f3n para un reconocimiento de marca duradero y resistente.<\/li>\n<li><strong>Decoraci\u00f3n de vidrio esmerilado:<\/strong> Coloque una tira o patr\u00f3n esmerilado alrededor del frasco para lograr una apariencia elegante, un agarre c\u00f3modo y un producto con facetas modernas.<\/li>\n<li><strong>Opciones de vidrio coloreado:<\/strong> \u00bfPor qu\u00e9 no utilizar vidrio \u00e1mbar claro o azul para sus productos que necesitan protecci\u00f3n de la luz?<\/li>\n<\/ul>","protected":false},"excerpt":{"rendered":"<p>Elegantes tarritos de mermelada para conservas con tapas de rosca doradas. Resistentes, aptos para uso alimentario, ideales para miel y mermelada. Env\u00edo r\u00e1pido con muestras gratuitas disponibles.<\/p>","protected":false},"featured_media":22812,"template":"","meta":[],"product_brand":[],"product_cat":[122,124,127],"product_tag":[],"class_list":{"0":"post-22807","1":"product","2":"type-product","3":"status-publish","4":"has-post-thumbnail","6":"product_cat-custom-glass-packaging","7":"product_cat-custom-glass-jars","8":"product_cat-glass-honey-jars","10":"first","11":"instock","12":"shipping-taxable","13":"product-type-simple"},"jetpack_sharing_enabled":true,"_links":{"self":[{"href":"https:\/\/yebodaglass.com\/es\/wp-json\/wp\/v2\/product\/22807","targetHints":{"allow":["GET"]}}],"collection":[{"href":"https:\/\/yebodaglass.com\/es\/wp-json\/wp\/v2\/product"}],"about":[{"href":"https:\/\/yebodaglass.com\/es\/wp-json\/wp\/v2\/types\/product"}],"version-history":[{"count":5,"href":"https:\/\/yebodaglass.com\/es\/wp-json\/wp\/v2\/product\/22807\/revisions"}],"predecessor-version":[{"id":22853,"href":"https:\/\/yebodaglass.com\/es\/wp-json\/wp\/v2\/product\/22807\/revisions\/22853"}],"wp:featuredmedia":[{"embeddable":true,"href":"https:\/\/yebodaglass.com\/es\/wp-json\/wp\/v2\/media\/22812"}],"wp:attachment":[{"href":"https:\/\/yebodaglass.com\/es\/wp-json\/wp\/v2\/media?parent=22807"}],"wp:term":[{"taxonomy":"product_brand","embeddable":true,"href":"https:\/\/yebodaglass.com\/es\/wp-json\/wp\/v2\/product_brand?post=22807"},{"taxonomy":"product_cat","embeddable":true,"href":"https:\/\/yebodaglass.com\/es\/wp-json\/wp\/v2\/product_cat?post=22807"},{"taxonomy":"product_tag","embeddable":true,"href":"https:\/\/yebodaglass.com\/es\/wp-json\/wp\/v2\/product_tag?post=22807"}],"curies":[{"name":"wp","href":"https:\/\/api.w.org\/{rel}","templated":true}]}}