{"id":22798,"date":"2025-10-28T10:15:09","date_gmt":"2025-10-28T02:15:09","guid":{"rendered":"https:\/\/yebodaglass.com\/?post_type=product&#038;p=22798"},"modified":"2025-10-28T13:38:10","modified_gmt":"2025-10-28T05:38:10","slug":"wholesale-small-glass-jam-jars-with-flame-texture-design-50ml-75ml-100ml","status":"publish","type":"product","link":"https:\/\/yebodaglass.com\/es\/wholesale-small-glass-jam-jars-with-flame-texture-design-50ml-75ml-100ml\/","title":{"rendered":"Tarros de mermelada peque\u00f1os de vidrio con dise\u00f1o de llama, 50 ml, 75 ml y 100 ml, al por mayor."},"content":{"rendered":"<p>El vidrio transparente, decorado con llamas y con un cierre oculto, hace que estos peque\u00f1os frascos de mermelada sean un deleite para la vista. Disponibles con tapas rojas y doradas y en varios tama\u00f1os, no solo transmiten pureza, sino que tambi\u00e9n realzan el atractivo visual de la miel dorada y espumosa gracias a su dise\u00f1o art\u00edstico y sofisticado.<\/p>\n<h2>Caracter\u00edsticas del producto<\/h2>\n<ul>\n<li><strong>Vidrio transparente:<\/strong> Deje que el color y la calidad de su miel sean visibles utilizando frascos de vidrio de alta calidad que sean resistentes al deslustre durante mucho tiempo.<\/li>\n<li><strong>Botella c\u00f3nica con estampado de fuego estilizado:<\/strong> La botella est\u00e1 dise\u00f1ada con un tema ardiente y una cintura fusionada que exuda singularidad, creatividad no solo por un recuerdo duradero del producto sino tambi\u00e9n por valores est\u00e9ticos.<\/li>\n<li><strong>Varias especificaciones son \u200b\u200d\u200b\u200c\u200d\u200b\u200d\u200c\u200b\u200d\u200b\u200c\u200d\u200b\u200d\u200cposibles:<\/strong> Estas botellas se producen en m\u00faltiples tama\u00f1os, en funci\u00f3n de sus usos, que van desde el consumo diario en los hogares hasta el embalaje para regalos.<\/li>\n<\/ul>\n<h2 style=\"text-align: left;\">Especificaciones clave<\/h2>\n<table class=\"aligncenter\" style=\"border-collapse: collapse; width: 383.27pt;\" border=\"0\" width=\"511\" cellspacing=\"0\" cellpadding=\"0\">\n<tbody>\n<tr style=\"height: 13.50pt;\">\n<td style=\"height: 13.50pt; width: 85.50pt;\" width=\"114\" height=\"18\">Caracter\u00edstica<\/td>\n<td style=\"width: 297.75pt;\" width=\"397\">Especificaci\u00f3n<\/td>\n<\/tr>\n<tr style=\"height: 13.50pt;\">\n<td style=\"height: 13.50pt;\" height=\"18\">Capacidad<\/td>\n<td>50 ml, 75 ml, 100 ml<\/td>\n<\/tr>\n<tr style=\"height: 13.50pt;\">\n<td style=\"height: 13.50pt;\" height=\"18\">Dimensiones<\/td>\n<td>4,9\u00d76,8 cm a 6,2\u00d78,6 cm<\/td>\n<\/tr>\n<tr style=\"height: 13.50pt;\">\n<td style=\"height: 13.50pt;\" height=\"18\">Material<\/td>\n<td>Vidrio transparente, tapa met\u00e1lica a rosca<\/td>\n<\/tr>\n<tr style=\"height: 13.50pt;\">\n<td style=\"height: 13.50pt;\" height=\"18\">Opciones de tapa<\/td>\n<td>Rojo, dorado, negro, plateado (disponible personalizado)<\/td>\n<\/tr>\n<tr style=\"height: 13.50pt;\">\n<td style=\"height: 13.50pt;\" height=\"18\">Mejor para<\/td>\n<td>Miel, mini conservas, sets de regalo<\/td>\n<\/tr>\n<tr style=\"height: 13.50pt;\">\n<td style=\"height: 13.50pt;\" height=\"18\">Uso ideal<\/td>\n<td>Peque\u00f1os tarros de mermelada de cristal, tarros para conservas de mermelada<\/td>\n<\/tr>\n<\/tbody>\n<\/table>\n<h2>Historia de \u00e9xito: La industria ap\u00edcola se est\u00e1 fortaleciendo<\/h2>\n<p>Una empresa ap\u00edcola familiar que produce miel cruda de origen \u00fanico utilizaba frascos de mermelada convencionales. Su empaque era aceptable, pero no reflejaba la calidad del producto. Fue un gran cambio cuando decidieron dejar de usar sus frascos est\u00e1ndar y, en su lugar, empezaron a usar nuestros peque\u00f1os frascos de mermelada de 100 ml con tapa, impresos a medida. Han aumentado sus ventas de comercio electr\u00f3nico en un 30 % en un per\u00edodo de 6 meses, y uno de los factores que contribuy\u00f3 a este \u00e9xito es la opini\u00f3n de los clientes, quienes afirman que los frascos tienen un tacto &#034;hermoso y de alta calidad&#034;. La repetici\u00f3n de compras tambi\u00e9n ha aumentado en un 60 %. Por lo tanto, un peque\u00f1o aumento de precio no solo puede aumentar la ganancia unitaria, sino tambi\u00e9n mejorar la experiencia de desempaquetado. Adem\u00e1s, el cliente ya ha realizado tres pedidos de 100,000 unidades, por lo que ha ido cambiando gradualmente el pedido inicial al por mayor a una colaboraci\u00f3n trimestral estable para sus tama\u00f1os de tarro de miel m\u00e1s populares.<\/p>\n<h2>Consejos para personalizar peque\u00f1os frascos de mermelada de vidrio<\/h2>\n<ul>\n<li><strong>Serigraf\u00eda:<\/strong> Una de las mejores, si no la mejor, formas de imprimir su logotipo o ilustraci\u00f3n es mediante serigraf\u00eda, que deber\u00eda considerar realizar en el interior del vaso de miel para lograr una apariencia lujosa y duradera.<\/li>\n<li><strong>Vidrio coloreado:<\/strong> Para que la experiencia sea totalmente diferente, \u00bfpor qu\u00e9 no utilizar frascos de vidrio \u00e1mbar o verde para la miel que a su vez estar\u00e1n protegidos de la luz?<\/li>\n<li><strong>Colores de tapa personalizados:<\/strong> En caso de que su marca tenga una identidad de color espec\u00edfica (como dorado, rojo o negro), \u00bfpor qu\u00e9 no optar por uno de estos colores para sus p\u00e1rpados de la paleta ofrecida?<\/li>\n<\/ul>","protected":false},"excerpt":{"rendered":"<p>Elegantes tarros de mermelada de vidrio peque\u00f1os con dise\u00f1o de textura de llama y tapas met\u00e1licas. Perfectos para envasar mermelada o miel. Directo de f\u00e1brica, entrega r\u00e1pida, muestras gratis.<\/p>","protected":false},"featured_media":22801,"template":"","meta":[],"product_brand":[],"product_cat":[122,124,127],"product_tag":[],"class_list":{"0":"post-22798","1":"product","2":"type-product","3":"status-publish","4":"has-post-thumbnail","6":"product_cat-custom-glass-packaging","7":"product_cat-custom-glass-jars","8":"product_cat-glass-honey-jars","10":"first","11":"instock","12":"shipping-taxable","13":"product-type-simple"},"jetpack_sharing_enabled":true,"_links":{"self":[{"href":"https:\/\/yebodaglass.com\/es\/wp-json\/wp\/v2\/product\/22798","targetHints":{"allow":["GET"]}}],"collection":[{"href":"https:\/\/yebodaglass.com\/es\/wp-json\/wp\/v2\/product"}],"about":[{"href":"https:\/\/yebodaglass.com\/es\/wp-json\/wp\/v2\/types\/product"}],"version-history":[{"count":5,"href":"https:\/\/yebodaglass.com\/es\/wp-json\/wp\/v2\/product\/22798\/revisions"}],"predecessor-version":[{"id":22809,"href":"https:\/\/yebodaglass.com\/es\/wp-json\/wp\/v2\/product\/22798\/revisions\/22809"}],"wp:featuredmedia":[{"embeddable":true,"href":"https:\/\/yebodaglass.com\/es\/wp-json\/wp\/v2\/media\/22801"}],"wp:attachment":[{"href":"https:\/\/yebodaglass.com\/es\/wp-json\/wp\/v2\/media?parent=22798"}],"wp:term":[{"taxonomy":"product_brand","embeddable":true,"href":"https:\/\/yebodaglass.com\/es\/wp-json\/wp\/v2\/product_brand?post=22798"},{"taxonomy":"product_cat","embeddable":true,"href":"https:\/\/yebodaglass.com\/es\/wp-json\/wp\/v2\/product_cat?post=22798"},{"taxonomy":"product_tag","embeddable":true,"href":"https:\/\/yebodaglass.com\/es\/wp-json\/wp\/v2\/product_tag?post=22798"}],"curies":[{"name":"wp","href":"https:\/\/api.w.org\/{rel}","templated":true}]}}