{"id":22757,"date":"2025-10-27T15:59:54","date_gmt":"2025-10-27T07:59:54","guid":{"rendered":"https:\/\/yebodaglass.com\/?post_type=product&#038;p=22757"},"modified":"2026-04-14T09:35:09","modified_gmt":"2026-04-14T01:35:09","slug":"bulk-empty-jam-pots-for-honey-or-fruit-spread","status":"publish","type":"product","link":"https:\/\/yebodaglass.com\/es\/bulk-empty-jam-pots-for-honey-or-fruit-spread\/","title":{"rendered":"Tarros de mermelada vac\u00edos a granel para miel o untables de frutas de 50 ml a 380 ml"},"content":{"rendered":"<p>Estos tarros de mermelada vac\u00edos tienen un dise\u00f1o cl\u00e1sico acanalado, son de vidrio transparente y tienen una bonita tapa a cuadros rojos y blancos. Vienen en seis tama\u00f1os.<\/p>\n<h2>Caracter\u00edsticas del producto<\/h2>\n<ul>\n<li><strong>Misma tapa a cuadros:<\/strong> La tapa de tela a cuadros rojos y blancos est\u00e1ndar es una decoraci\u00f3n muy bonita, r\u00fastica y f\u00e1cilmente reconocible.<\/li>\n<li><strong>Nervaduras verticales:<\/strong> Con la adici\u00f3n de nervaduras verticales, un frasco simple se convierte en un dise\u00f1o texturizado creativo, embelleciendo as\u00ed el atractivo visual del producto y haci\u00e9ndolo m\u00e1s reconocible.<\/li>\n<li><strong>Varios tama\u00f1os disponibles:<\/strong> Disponemos de una variedad de tama\u00f1os disponibles para que puedas elegir el tarro de miel que mejor se adapte a tus necesidades.<\/li>\n<\/ul>\n<h2 style=\"text-align: left;\">Especificaciones clave<\/h2>\n<table class=\"aligncenter\" style=\"border-collapse: collapse; width: 406.52pt;\" border=\"0\" width=\"542\" cellspacing=\"0\" cellpadding=\"0\">\n<tbody>\n<tr style=\"height: 13.50pt;\">\n<td style=\"height: 13.50pt; width: 90.00pt;\" width=\"120\" height=\"18\">Caracter\u00edstica<\/td>\n<td style=\"width: 316.50pt;\" width=\"422\">Especificaci\u00f3n<\/td>\n<\/tr>\n<tr style=\"height: 13.50pt;\">\n<td style=\"height: 13.50pt;\" height=\"18\">Capacidad<\/td>\n<td>50 ml, 100 ml, 150 ml, 200 ml, 250 ml, 380 ml<\/td>\n<\/tr>\n<tr style=\"height: 13.50pt;\">\n<td style=\"height: 13.50pt;\" height=\"18\">Forma<\/td>\n<td>Cil\u00edndrico<\/td>\n<\/tr>\n<tr style=\"height: 13.50pt;\">\n<td style=\"height: 13.50pt;\" height=\"18\">Dimensiones<\/td>\n<td>3,95\u00d75,3 cm a 8,7\u00d711,3 cm<\/td>\n<\/tr>\n<tr style=\"height: 13.50pt;\">\n<td style=\"height: 13.50pt;\" height=\"18\">Tipo de cuello<\/td>\n<td>Boca ancha (3,5 cm a 7 cm de di\u00e1metro interior)<\/td>\n<\/tr>\n<tr style=\"height: 13.50pt;\">\n<td style=\"height: 13.50pt;\" height=\"18\">Material<\/td>\n<td>Vidrio transparente, tapa sellada con tela.<\/td>\n<\/tr>\n<tr style=\"height: 13.50pt;\">\n<td style=\"height: 13.50pt;\" height=\"18\">Opciones de tapa<\/td>\n<td>Cuadros rojos y blancos, colores s\u00f3lidos (personalizables)<\/td>\n<\/tr>\n<tr style=\"height: 13.50pt;\">\n<td style=\"height: 13.50pt;\" height=\"18\">Mejor para<\/td>\n<td>Miel, mermeladas, conservas, sets de regalo<\/td>\n<\/tr>\n<tr style=\"height: 13.50pt;\">\n<td style=\"height: 13.50pt;\" height=\"18\">Uso ideal<\/td>\n<td>Tarros de mermelada, tarros de mermelada vac\u00edos al por mayor<\/td>\n<\/tr>\n<\/tbody>\n<\/table>\n<h2>Historia de \u00e9xito<\/h2>\n<p>Uno de los fabricantes brit\u00e1nicos de mermelada compr\u00f3 nuestros tarros vac\u00edos y encarg\u00f3 tarros exclusivos de vidrio \u00e1mbar apto para uso alimentario. El dise\u00f1o, que encajaba a la perfecci\u00f3n, fue un \u00e9xito rotundo: los tarros especiales se convirtieron en su sello distintivo y una encuesta de clientes revel\u00f3 que el 85 % de los consumidores identificaban la marca exclusivamente por el tarro. El vidrio \u00e1mbar ofrec\u00eda un ligero efecto de bloqueo de la luz que, seg\u00fan el fabricante, ha aumentado la vida \u00fatil de su delicada mermelada en un 10 %. Gracias a este \u00e9xito, encargaron otros 450 000 tarros para preparar el lanzamiento de un nuevo programa de exportaci\u00f3n a los mercados de Estados Unidos y Asia.<\/p>\n<h2>Recomendaciones para personalizar frascos de mermelada vac\u00edos<\/h2>\n<ul>\n<li><strong>Logotipo de tapa en relieve:<\/strong> Se puede lograr un detalle elegante y lujoso al tener un hermoso logotipo en relieve en la cima de la tapa.<\/li>\n<li><strong>Color del vidrio:<\/strong> Opte por vidrio \u00e1mbar o verde para proteger los productos sensibles a la luz y, al mismo tiempo, darle un aspecto exclusivo al estante.<\/li>\n<li><strong>Capacidad personalizada:<\/strong> Colabore con nosotros para personalizar la capacidad que mejor se adapte a su negocio en funci\u00f3n del peso o del precio de sus productos.<\/li>\n<\/ul>","protected":false},"excerpt":{"rendered":"<p>Tarros de mermelada vintage vac\u00edos con rayas verticales. Perfectos para miel, mermelada o para envasar regalos. Disfruta de descuentos por volumen, env\u00edo r\u00e1pido y muestras gratis.<\/p>","protected":false},"featured_media":25456,"template":"","meta":[],"product_brand":[],"product_cat":[127,124,122],"product_tag":[],"class_list":{"0":"post-22757","1":"product","2":"type-product","3":"status-publish","4":"has-post-thumbnail","6":"product_cat-glass-honey-jars","7":"product_cat-custom-glass-jars","8":"product_cat-custom-glass-packaging","10":"first","11":"instock","12":"shipping-taxable","13":"product-type-simple"},"jetpack_sharing_enabled":true,"_links":{"self":[{"href":"https:\/\/yebodaglass.com\/es\/wp-json\/wp\/v2\/product\/22757","targetHints":{"allow":["GET"]}}],"collection":[{"href":"https:\/\/yebodaglass.com\/es\/wp-json\/wp\/v2\/product"}],"about":[{"href":"https:\/\/yebodaglass.com\/es\/wp-json\/wp\/v2\/types\/product"}],"version-history":[{"count":5,"href":"https:\/\/yebodaglass.com\/es\/wp-json\/wp\/v2\/product\/22757\/revisions"}],"predecessor-version":[{"id":25771,"href":"https:\/\/yebodaglass.com\/es\/wp-json\/wp\/v2\/product\/22757\/revisions\/25771"}],"wp:featuredmedia":[{"embeddable":true,"href":"https:\/\/yebodaglass.com\/es\/wp-json\/wp\/v2\/media\/25456"}],"wp:attachment":[{"href":"https:\/\/yebodaglass.com\/es\/wp-json\/wp\/v2\/media?parent=22757"}],"wp:term":[{"taxonomy":"product_brand","embeddable":true,"href":"https:\/\/yebodaglass.com\/es\/wp-json\/wp\/v2\/product_brand?post=22757"},{"taxonomy":"product_cat","embeddable":true,"href":"https:\/\/yebodaglass.com\/es\/wp-json\/wp\/v2\/product_cat?post=22757"},{"taxonomy":"product_tag","embeddable":true,"href":"https:\/\/yebodaglass.com\/es\/wp-json\/wp\/v2\/product_tag?post=22757"}],"curies":[{"name":"wp","href":"https:\/\/api.w.org\/{rel}","templated":true}]}}