{"id":22751,"date":"2025-10-27T14:15:12","date_gmt":"2025-10-27T06:15:12","guid":{"rendered":"https:\/\/yebodaglass.com\/?post_type=product&#038;p=22751"},"modified":"2025-10-27T17:32:57","modified_gmt":"2025-10-27T09:32:57","slug":"bulk-75ml-clear-glass-honey-bottle-with-waist-design","status":"publish","type":"product","link":"https:\/\/yebodaglass.com\/es\/bulk-75ml-clear-glass-honey-bottle-with-waist-design\/","title":{"rendered":"Botella de miel de vidrio transparente de 75 ml con dise\u00f1o de cintura"},"content":{"rendered":"<p>Estas peque\u00f1as botellas de miel est\u00e1n hechas de vidrio de alta transparencia, con un dise\u00f1o ajustado a la cintura y tapas doradas. Su dise\u00f1o simple y elegante las hace atractivas a la vista.<\/p>\n<h2>Caracter\u00edsticas del producto<\/h2>\n<ul>\n<li><strong>Vidrio transparente:<\/strong> La transparencia del vidrio hace visible el contenido y f\u00e1cil el control de su calidad, por lo que la identificaci\u00f3n e inspecci\u00f3n no requieren ning\u00fan esfuerzo.<\/li>\n<li><strong>Dise\u00f1o de botella delgada:<\/strong> Al utilizar el dise\u00f1o de botella delgada, los fabricantes han logrado una apariencia elegante y estilizada que no solo embellece el producto sino que tambi\u00e9n facilita su promoci\u00f3n.<\/li>\n<li><strong>Tama\u00f1o compacto:<\/strong> El tama\u00f1o compacto de la botella la convierte en un art\u00edculo pr\u00e1ctico que puede llevarse de viaje, usarse en catas u otras ocasiones en las que surja la necesidad de peque\u00f1as cantidades.<\/li>\n<\/ul>\n<h2 style=\"text-align: left;\">Especificaciones clave<\/h2>\n<table class=\"aligncenter\" style=\"border-collapse: collapse; width: 453.02pt;\" border=\"0\" width=\"604\" cellspacing=\"0\" cellpadding=\"0\">\n<tbody>\n<tr style=\"height: 13.50pt;\">\n<td style=\"height: 13.50pt; width: 92.25pt;\" width=\"123\" height=\"18\">Caracter\u00edstica<\/td>\n<td style=\"width: 360.75pt;\" width=\"481\">Especificaci\u00f3n<\/td>\n<\/tr>\n<tr style=\"height: 13.50pt;\">\n<td style=\"height: 13.50pt;\" height=\"18\">Capacidad<\/td>\n<td>75 ml<\/td>\n<\/tr>\n<tr style=\"height: 13.50pt;\">\n<td style=\"height: 13.50pt;\" height=\"18\">Forma<\/td>\n<td>Reloj de arena (de cintura)<\/td>\n<\/tr>\n<tr style=\"height: 13.50pt;\">\n<td style=\"height: 13.50pt;\" height=\"18\">Dimensiones<\/td>\n<td>4,5\u00d711,2 cm<\/td>\n<\/tr>\n<tr style=\"height: 13.50pt;\">\n<td style=\"height: 13.50pt;\" height=\"18\">Material<\/td>\n<td>Vidrio transparente, tapa met\u00e1lica a rosca<\/td>\n<\/tr>\n<tr style=\"height: 13.50pt;\">\n<td style=\"height: 13.50pt;\" height=\"18\">Opciones de tapa<\/td>\n<td>Oro, plata, negro (disponible personalizado)<\/td>\n<\/tr>\n<tr style=\"height: 13.50pt;\">\n<td style=\"height: 13.50pt;\" height=\"18\">Mejor para<\/td>\n<td>Muestras de miel, sets de regalo, formatos de viaje, l\u00edneas gourmet<\/td>\n<\/tr>\n<tr style=\"height: 13.50pt;\">\n<td style=\"height: 13.50pt;\" height=\"18\">Uso ideal<\/td>\n<td>Botellas de miel peque\u00f1as, botellas de miel, tarros de miel al por mayor<\/td>\n<\/tr>\n<\/tbody>\n<\/table>\n<h2>Historia de \u00e9xito: Impulsando las ventas de regalos de alta gama<\/h2>\n<p>Una cadena de alimentaci\u00f3n especializada buscaba una botella distintiva para sus cajas de regalo navide\u00f1as de lujo. Buscaban un envase que combinara lujo y precio asequible. Optaron por nuestra botella fina de miel de 75 ml con tap\u00f3n dorado y realizaron un pedido inicial de 5000 unidades. Los resultados fueron prometedores. Para empezar, la forma c\u00f3nica y el tap\u00f3n dorado elevaron el valor percibido: una marca de miel artesanal registr\u00f3 un aumento del 42 % en las ventas de sets de regalo. Adem\u00e1s, la robusta botella de vidrio redujo en un 50 % los da\u00f1os por env\u00edo, en comparaci\u00f3n con el uso de la botella de pl\u00e1stico anterior. Este logro ha llevado a la cadena a realizar hasta 200\u00a0000 pedidos de renovaci\u00f3n para una promoci\u00f3n de San Valent\u00edn, junto con el compromiso de seguir utilizando la botella como art\u00edculo de regalo principal, lo que a su vez ha resultado en un aumento interanual del 150 % en el negocio de regalos de miel de la empresa.<\/p>\n<h2>Sugerencias de envases de vidrio personalizados<\/h2>\n<ul>\n<li><strong>Capacidad grabada con l\u00e1ser en la base:<\/strong> Grabe &#034;75 ml&#034; en la base. Luce impecable y facilita el llenado por lotes.<\/li>\n<li><strong>Vidrio\u200b\u200d\u200b\u200c\u200d\u200b\u200d\u200c\u200b\u200d\u200b\u200c\u200d\u200b\u200d\u200c Transparencia:<\/strong> Elija un vidrio ligeramente tintado, como gris humo claro, para que el art\u00edculo luzca moderno y se destaque entre la multitud.<\/li>\n<li><strong>Acento de color:<\/strong> Se puede utilizar un esmalte de color, en una capa muy fina, para cubrir la cintura o el cuello de la botella creando as\u00ed un tipo de firma \u00fanico.<\/li>\n<li><strong>Serigraf\u00eda:<\/strong> Utilice uno de los colores met\u00e1licos (dorado, plateado) o brillantes de su logotipo e impr\u00edmalo directamente sobre el vidrio para lograr una identidad de marca duradera.<\/li>\n<\/ul>","protected":false},"excerpt":{"rendered":"<p>Botellas de miel peque\u00f1as de vidrio premium con forma de cintura para una marca distintiva. Ideales para productores y mayoristas de miel, con descuentos por volumen y entrega r\u00e1pida.<\/p>","protected":false},"featured_media":22755,"template":"","meta":[],"product_brand":[],"product_cat":[122,124,127],"product_tag":[],"class_list":{"0":"post-22751","1":"product","2":"type-product","3":"status-publish","4":"has-post-thumbnail","6":"product_cat-custom-glass-packaging","7":"product_cat-custom-glass-jars","8":"product_cat-glass-honey-jars","10":"first","11":"instock","12":"shipping-taxable","13":"product-type-simple"},"jetpack_sharing_enabled":true,"_links":{"self":[{"href":"https:\/\/yebodaglass.com\/es\/wp-json\/wp\/v2\/product\/22751","targetHints":{"allow":["GET"]}}],"collection":[{"href":"https:\/\/yebodaglass.com\/es\/wp-json\/wp\/v2\/product"}],"about":[{"href":"https:\/\/yebodaglass.com\/es\/wp-json\/wp\/v2\/types\/product"}],"version-history":[{"count":3,"href":"https:\/\/yebodaglass.com\/es\/wp-json\/wp\/v2\/product\/22751\/revisions"}],"predecessor-version":[{"id":22769,"href":"https:\/\/yebodaglass.com\/es\/wp-json\/wp\/v2\/product\/22751\/revisions\/22769"}],"wp:featuredmedia":[{"embeddable":true,"href":"https:\/\/yebodaglass.com\/es\/wp-json\/wp\/v2\/media\/22755"}],"wp:attachment":[{"href":"https:\/\/yebodaglass.com\/es\/wp-json\/wp\/v2\/media?parent=22751"}],"wp:term":[{"taxonomy":"product_brand","embeddable":true,"href":"https:\/\/yebodaglass.com\/es\/wp-json\/wp\/v2\/product_brand?post=22751"},{"taxonomy":"product_cat","embeddable":true,"href":"https:\/\/yebodaglass.com\/es\/wp-json\/wp\/v2\/product_cat?post=22751"},{"taxonomy":"product_tag","embeddable":true,"href":"https:\/\/yebodaglass.com\/es\/wp-json\/wp\/v2\/product_tag?post=22751"}],"curies":[{"name":"wp","href":"https:\/\/api.w.org\/{rel}","templated":true}]}}