{"id":22714,"date":"2025-10-24T17:22:39","date_gmt":"2025-10-24T09:22:39","guid":{"rendered":"https:\/\/yebodaglass.com\/?post_type=product&#038;p=22714"},"modified":"2025-10-27T13:13:23","modified_gmt":"2025-10-27T05:13:23","slug":"wholesale-glass-hexagon-honey-jars-with-dipper","status":"publish","type":"product","link":"https:\/\/yebodaglass.com\/es\/wholesale-glass-hexagon-honey-jars-with-dipper\/","title":{"rendered":"Tarros de miel hexagonales de vidrio con cuchar\u00f3n, venta al por mayor, 100 ml, 220 ml y 380 ml"},"content":{"rendered":"<p>Estos tarros de miel hexagonales son perfectos, ya que vienen en diferentes tama\u00f1os y tienen un cuerpo de vidrio hexagonal transparente con tapa de madera natural y una cuchara para miel incorporada. Adem\u00e1s de exhibir la miel de la mejor manera, combinan un dise\u00f1o geom\u00e9trico con una elegancia sobria y pr\u00e1ctica.<\/p>\n<h2>Caracter\u00edsticas del producto<\/h2>\n<ul>\n<li><strong>Botella hexagonal:<\/strong> La forma hexagonal regular con su encanto geom\u00e9trico combina bien con los aspectos naturales de la miel y ayuda a realzar su identidad visual.<\/li>\n<li><strong>Dise\u00f1o\u200b\u200d\u200b\u200c\u200d\u200b\u200d\u200c\u200b\u200d\u200b\u200c\u200d\u200b\u200d\u200c Integrado:<\/strong> Adem\u00e1s de eso, los frascos tambi\u00e9n contienen un removedor de miel de madera que encaja bien con la tapa de madera, proporcionando as\u00ed una apariencia natural y consistente.<\/li>\n<li><strong>Vidrio transparente:<\/strong> Adem\u00e1s de eso, el vidrio transparente proporciona una visi\u00f3n completa de la cantidad y calidad de la miel, lo que hace que las recargas sean m\u00e1s f\u00e1ciles.<\/li>\n<\/ul>\n<h2 style=\"text-align: left;\">Especificaciones clave<\/h2>\n<table style=\"border-collapse: collapse; margin-left: auto; margin-right: auto; width: 453.02pt;\" border=\"0\" width=\"604\" cellspacing=\"0\" cellpadding=\"0\">\n<tbody>\n<tr style=\"height: 13.50pt;\">\n<td style=\"height: 13.50pt; width: 92.25pt;\" width=\"123\" height=\"18\">Caracter\u00edstica<\/td>\n<td style=\"width: 360.75pt;\" width=\"481\">Especificaci\u00f3n<\/td>\n<\/tr>\n<tr style=\"height: 13.50pt;\">\n<td style=\"height: 13.50pt;\" height=\"18\">Capacidad<\/td>\n<td>100 ml, 220 ml, 380 ml<\/td>\n<\/tr>\n<tr style=\"height: 13.50pt;\">\n<td style=\"height: 13.50pt;\" height=\"18\">Forma<\/td>\n<td>Hexagonal (de seis lados)<\/td>\n<\/tr>\n<tr style=\"height: 13.50pt;\">\n<td style=\"height: 13.50pt;\" height=\"18\">Dimensiones<\/td>\n<td>7,7\u00d78,3 cm a 11,7\u00d712,1 cm<\/td>\n<\/tr>\n<tr style=\"height: 13.50pt;\">\n<td style=\"height: 13.50pt;\" height=\"18\">Material<\/td>\n<td>Vidrio transparente, tapa y cuchar\u00f3n de madera maciza.<\/td>\n<\/tr>\n<tr style=\"height: 13.50pt;\">\n<td style=\"height: 13.50pt;\" height=\"18\">Opciones de tapa<\/td>\n<td>Madera natural (tinte personalizado disponible)<\/td>\n<\/tr>\n<tr style=\"height: 13.50pt;\">\n<td style=\"height: 13.50pt;\" height=\"18\">Mejor para<\/td>\n<td>Miel, sets de regalo, l\u00edneas de comida gourmet<\/td>\n<\/tr>\n<tr style=\"height: 13.50pt;\">\n<td style=\"height: 13.50pt;\" height=\"18\">Uso ideal<\/td>\n<td>Tarros de miel hexagonales con cazo, l\u00edneas de negocio artesanales<\/td>\n<\/tr>\n<\/tbody>\n<\/table>\n<h2>Historia de \u00e9xito: Crecimiento de una cooperativa ap\u00edcola<\/h2>\n<p>Una reconocida cooperativa ap\u00edcola, que necesitaba un envase de vidrio perfecto para miel que reflejara su frescura en todo su esplendor, eligi\u00f3 nuestro tarro de vidrio de 380 ml con cuchara dosificadora por su durabilidad y su aspecto transparente. Sus ventas aumentaron un 25 % en los primeros seis meses del a\u00f1o tras cambiar su producto por el nuestro, ya que este aumento se debe principalmente al atractivo dise\u00f1o de los tarros, que los hac\u00eda destacar en los mercados agr\u00edcolas. Adem\u00e1s, la facilidad de uso de la cuchara, incluida en el tarro, gener\u00f3 comentarios muy positivos de los clientes, lo que gener\u00f3 un aumento del 75 % en su fidelidad. Tras quedar satisfechos con la calidad del producto y la eficiencia del proceso de pedidos al por mayor, realizaron tres pedidos m\u00e1s de 150\u00a0000 tarros cada uno, convirtiendo as\u00ed el tarro en un elemento esencial de su packaging.<\/p>\n<h2>Recomendaciones para personalizar tarros de miel<\/h2>\n<ul>\n<li><strong>Marca de la tapa:<\/strong> La tapa de madera del frasco se puede marcar con el logotipo de su empresa mediante estampado en caliente o grabado l\u00e1ser.<\/li>\n<li><strong>Cuchara personalizada:<\/strong> Marca la barra de miel pint\u00e1ndola con los colores de tu marca o coloc\u00e1ndole una peque\u00f1a etiqueta de marca.<\/li>\n<li><strong>Vidrio esmerilado:<\/strong> Una caracter\u00edstica atractiva del producto ser\u00e1 un aspecto elegante y suavemente iluminado, otorgado al vidrio de forma hexagonal por el acabado esmerilado que acent\u00faa la forma.<\/li>\n<li><strong>Capacidad personalizada:<\/strong> Si solicita un tama\u00f1o determinado, podemos fijar una reuni\u00f3n con usted donde decidiremos el volumen que mejor se adapta a las necesidades de su negocio.<\/li>\n<\/ul>\n<p>\u00bfQuiere estar listo con antelaci\u00f3n? Cont\u00e1ctenos hoy mismo para hablar sobre el frasco de miel a granel que necesita y obtener un excelente precio al por mayor. Perm\u00edtanos ayudarle a encontrar el envase de miel ideal para su negocio.<\/p>","protected":false},"excerpt":{"rendered":"<p>Tarros de miel hexagonales decorativos de vidrio con tapas de madera y cucharones. Ideales para envasar miel, sets de regalo y pedidos al por mayor. Muestra gratis.<\/p>","protected":false},"featured_media":22736,"template":"","meta":[],"product_brand":[],"product_cat":[122,124,127],"product_tag":[],"class_list":{"0":"post-22714","1":"product","2":"type-product","3":"status-publish","4":"has-post-thumbnail","6":"product_cat-custom-glass-packaging","7":"product_cat-custom-glass-jars","8":"product_cat-glass-honey-jars","10":"first","11":"instock","12":"shipping-taxable","13":"product-type-simple"},"jetpack_sharing_enabled":true,"_links":{"self":[{"href":"https:\/\/yebodaglass.com\/es\/wp-json\/wp\/v2\/product\/22714","targetHints":{"allow":["GET"]}}],"collection":[{"href":"https:\/\/yebodaglass.com\/es\/wp-json\/wp\/v2\/product"}],"about":[{"href":"https:\/\/yebodaglass.com\/es\/wp-json\/wp\/v2\/types\/product"}],"version-history":[{"count":5,"href":"https:\/\/yebodaglass.com\/es\/wp-json\/wp\/v2\/product\/22714\/revisions"}],"predecessor-version":[{"id":22745,"href":"https:\/\/yebodaglass.com\/es\/wp-json\/wp\/v2\/product\/22714\/revisions\/22745"}],"wp:featuredmedia":[{"embeddable":true,"href":"https:\/\/yebodaglass.com\/es\/wp-json\/wp\/v2\/media\/22736"}],"wp:attachment":[{"href":"https:\/\/yebodaglass.com\/es\/wp-json\/wp\/v2\/media?parent=22714"}],"wp:term":[{"taxonomy":"product_brand","embeddable":true,"href":"https:\/\/yebodaglass.com\/es\/wp-json\/wp\/v2\/product_brand?post=22714"},{"taxonomy":"product_cat","embeddable":true,"href":"https:\/\/yebodaglass.com\/es\/wp-json\/wp\/v2\/product_cat?post=22714"},{"taxonomy":"product_tag","embeddable":true,"href":"https:\/\/yebodaglass.com\/es\/wp-json\/wp\/v2\/product_tag?post=22714"}],"curies":[{"name":"wp","href":"https:\/\/api.w.org\/{rel}","templated":true}]}}