{"id":22702,"date":"2025-10-24T15:45:33","date_gmt":"2025-10-24T07:45:33","guid":{"rendered":"https:\/\/yebodaglass.com\/?post_type=product&#038;p=22702"},"modified":"2025-10-24T17:20:26","modified_gmt":"2025-10-24T09:20:26","slug":"bulk-round-honey-jars-with-lids-and-vertical-stripes","status":"publish","type":"product","link":"https:\/\/yebodaglass.com\/es\/bulk-round-honey-jars-with-lids-and-vertical-stripes\/","title":{"rendered":"Tarros de miel redondos a granel con tapas y rayas verticales 150 ml 200 ml 280 ml 380 ml"},"content":{"rendered":"<p>Estos tarros de miel con tapa est\u00e1n hechos de vidrio transparente, con rayas verticales que los recorren. Las tapas pueden ser de oro rosa, rojo o dorado. Adem\u00e1s de ser la presentaci\u00f3n perfecta de la miel, cuyo color var\u00eda del dorado al \u00e1mbar, los tarros tambi\u00e9n desprenden un encanto sofisticado y elegante gracias a su disponibilidad en diferentes tama\u00f1os.<\/p>\n<h2>Caracter\u00edsticas del producto<\/h2>\n<ul>\n<li><strong>Vidrio transparente:<\/strong> Con vidrio transparente, el nivel de miel, el estado e incluso el tipo de miel se pueden ver de un vistazo, lo que hace que rellenarlo e identificarlo sean muy f\u00e1ciles.<\/li>\n<li><strong>Botella de rayas verticales:<\/strong> Un hermoso patr\u00f3n de rayas verticales texturizadas se extiende art\u00edsticamente sobre la botella, lo que no solo realza el dise\u00f1o sino que tambi\u00e9n hace que la botella sea m\u00e1s visible.<\/li>\n<li><strong>Varios tama\u00f1os:<\/strong> Disponemos de una enorme variedad de tama\u00f1os entre los que podr\u00e1 seleccionar la botella m\u00e1s adecuada para su uso o para la ocasi\u00f3n espec\u00edfica.<\/li>\n<\/ul>\n<h2 style=\"text-align: left;\">Especificaciones clave<\/h2>\n<table class=\"aligncenter\" style=\"border-collapse: collapse; width: 412.52pt;\" border=\"0\" width=\"550\" cellspacing=\"0\" cellpadding=\"0\">\n<tbody>\n<tr style=\"height: 13.50pt;\">\n<td style=\"height: 13.50pt; width: 90.00pt;\" width=\"120\" height=\"18\">Caracter\u00edstica<\/td>\n<td style=\"width: 322.50pt;\" width=\"430\">Especificaci\u00f3n<\/td>\n<\/tr>\n<tr style=\"height: 13.50pt;\">\n<td style=\"height: 13.50pt;\" height=\"18\">Capacidad<\/td>\n<td>150 ml, 200 ml, 280 ml, 380 ml<\/td>\n<\/tr>\n<tr style=\"height: 13.50pt;\">\n<td style=\"height: 13.50pt;\" height=\"18\">Forma<\/td>\n<td>Redondo con crestas verticales<\/td>\n<\/tr>\n<tr style=\"height: 13.50pt;\">\n<td style=\"height: 13.50pt;\" height=\"18\">Dimensiones<\/td>\n<td>6,1\u00d77,4 cm a 8,5\u00d79,7 cm<\/td>\n<\/tr>\n<tr style=\"height: 13.50pt;\">\n<td style=\"height: 13.50pt;\" height=\"18\">Material<\/td>\n<td>Vidrio transparente, tapa de rosca de PP<\/td>\n<\/tr>\n<tr style=\"height: 13.50pt;\">\n<td style=\"height: 13.50pt;\" height=\"18\">Opciones de tapa<\/td>\n<td>Oro rosa, rojo, dorado (colores personalizados disponibles)<\/td>\n<\/tr>\n<tr style=\"height: 13.50pt;\">\n<td style=\"height: 13.50pt;\" height=\"18\">Uso ideal<\/td>\n<td>Tarros de miel con tapa, tarro de miel, tarros de miel a granel<\/td>\n<\/tr>\n<\/tbody>\n<\/table>\n<h2>Historia de \u00e9xito: Conocimiento de marca y ventas mejoradas<\/h2>\n<p>El negocio familiar de apicultura ten\u00eda un producto excelente, pero un empaque no tan bueno. Sus sencillos frascos de mermelada redondos no se vend\u00edan bien. Decidieron probar nuestros frascos de miel de rayas verticales de 280 ml, con lo que realizaron un pedido inicial de 3000 unidades. Los resultados fueron inmediatos. El distinguido dise\u00f1o de rayas verticales y la tapa met\u00e1lica impulsaron un aumento del 25 % en las ventas, y la empresa tambi\u00e9n logr\u00f3 un puesto en dos cajas de suscripci\u00f3n de alimentos gourmet. Los clientes que repitieron compras aumentaron un 78 %. Desde entonces, han realizado pedidos con regularidad, de ah\u00ed la compra trimestral de 100\u00a0000 botellas y la reciente ampliaci\u00f3n a un tama\u00f1o de prueba de 150 ml.<\/p>\n<h2>Recomendaciones de frascos de vidrio personalizados<\/h2>\n<ul>\n<li><strong>\u200b\u200d\u200b\u200c\u200d\u200b\u200d\u200c\u200b\u200d\u200b\u200c\u200d\u200b\u200d\u200cProfundidad y ancho de la ranura:<\/strong> Ajuste el ancho de la ranura o la distancia entre las crestas para mostrar visualmente m\u00e1s o menos la textura.<\/li>\n<li><strong>Vidrio coloreado:<\/strong> Un color sutil, por ejemplo, el \u00e1mbar claro, se puede utilizar no s\u00f3lo para hacer que la miel parezca m\u00e1s c\u00e1lida sino tambi\u00e9n para protegerla de los rayos UV.<\/li>\n<li><strong>Forma de base personalizada:<\/strong> Cambie la base a una forma un poco hexagonal o cuadrada pero mantenga las ranuras redondeadas para lograr consistencia.<\/li>\n<\/ul>\n<p>\u00bfQu\u00e9 tal llevar tu marca al siguiente nivel? Cont\u00e1ctanos para recibir una cotizaci\u00f3n de tarros de miel al por mayor e imagina las infinitas posibilidades con nuestros envases de vidrio personalizados.<\/p>","protected":false},"excerpt":{"rendered":"<p>Elegantes tarros de miel con tapas de textura acanalada vertical. Perfectos para envasar miel, mermelada o alimentos. Disponibles para pedidos al por mayor y personalizaci\u00f3n de marca.<\/p>","protected":false},"featured_media":22705,"template":"","meta":[],"product_brand":[],"product_cat":[122,124,127],"product_tag":[],"class_list":{"0":"post-22702","1":"product","2":"type-product","3":"status-publish","4":"has-post-thumbnail","6":"product_cat-custom-glass-packaging","7":"product_cat-custom-glass-jars","8":"product_cat-glass-honey-jars","10":"first","11":"instock","12":"shipping-taxable","13":"product-type-simple"},"jetpack_sharing_enabled":true,"_links":{"self":[{"href":"https:\/\/yebodaglass.com\/es\/wp-json\/wp\/v2\/product\/22702","targetHints":{"allow":["GET"]}}],"collection":[{"href":"https:\/\/yebodaglass.com\/es\/wp-json\/wp\/v2\/product"}],"about":[{"href":"https:\/\/yebodaglass.com\/es\/wp-json\/wp\/v2\/types\/product"}],"version-history":[{"count":5,"href":"https:\/\/yebodaglass.com\/es\/wp-json\/wp\/v2\/product\/22702\/revisions"}],"predecessor-version":[{"id":22712,"href":"https:\/\/yebodaglass.com\/es\/wp-json\/wp\/v2\/product\/22702\/revisions\/22712"}],"wp:featuredmedia":[{"embeddable":true,"href":"https:\/\/yebodaglass.com\/es\/wp-json\/wp\/v2\/media\/22705"}],"wp:attachment":[{"href":"https:\/\/yebodaglass.com\/es\/wp-json\/wp\/v2\/media?parent=22702"}],"wp:term":[{"taxonomy":"product_brand","embeddable":true,"href":"https:\/\/yebodaglass.com\/es\/wp-json\/wp\/v2\/product_brand?post=22702"},{"taxonomy":"product_cat","embeddable":true,"href":"https:\/\/yebodaglass.com\/es\/wp-json\/wp\/v2\/product_cat?post=22702"},{"taxonomy":"product_tag","embeddable":true,"href":"https:\/\/yebodaglass.com\/es\/wp-json\/wp\/v2\/product_tag?post=22702"}],"curies":[{"name":"wp","href":"https:\/\/api.w.org\/{rel}","templated":true}]}}