{"id":22695,"date":"2025-10-24T14:50:28","date_gmt":"2025-10-24T06:50:28","guid":{"rendered":"https:\/\/yebodaglass.com\/?post_type=product&#038;p=22695"},"modified":"2026-04-09T15:59:51","modified_gmt":"2026-04-09T07:59:51","slug":"glass-jars-with-lids-wholesale-round-honey-jars-bulk","status":"publish","type":"product","link":"https:\/\/yebodaglass.com\/es\/glass-jars-with-lids-wholesale-round-honey-jars-bulk\/","title":{"rendered":"Tarros de vidrio con tapa al por mayor | Tarros redondos para miel de 180 ml, 360 ml, 500 ml y 720 ml a granel"},"content":{"rendered":"<p>Estos frascos de vidrio con tapa tienen un dise\u00f1o moderno. Est\u00e1n hechos de vidrio y lucen muy profesionales en los estantes de las tiendas. Esto los hace ideales para envasar diferentes tipos de productos. Estos frascos de vidrio con tapa se pueden usar para una gran variedad de productos, como miel, mermelada, jarabe, salsa e incluso velas. La boca ancha facilita el llenado, el almacenamiento y el uso de los productos que contienen. Por eso, tanto las grandes como las peque\u00f1as marcas prefieren usar estos frascos.<\/p>\n<h2>Caracter\u00edsticas principales<\/h2>\n<ol>\n<li><strong>Vidrio duradero apto para uso alimentario<\/strong>Fabricados con vidrio de cal sodada de alta blancura, todos nuestros tarros redondos para miel son duraderos, reutilizables y seguros para el almacenamiento de alimentos y su uso a largo plazo.<\/li>\n<li><strong>Sellado seguro para mantener la frescura.<\/strong>La tapa de rosca, combinada con revestimientos autoadhesivos o de aluminio, garantiza un excelente sellado, ideal para envases de miel, jarabe y salsa sin fugas.<\/li>\n<li><strong>Listo para personalizar con tu marca.<\/strong>Como fabricante profesional, ofrecemos opciones totalmente personalizadas que incluyen impresi\u00f3n, recubrimiento, grabado y etiquetado para apoyar el crecimiento de su negocio en la venta al por mayor de miel y m\u00e1s all\u00e1.<\/li>\n<\/ol>\n<h2>Especificaciones clave<\/h2>\n<table style=\"border-collapse: collapse; width: 80%; margin-left: auto; margin-right: auto;\" border=\"0\" width=\"590\" cellspacing=\"0\" cellpadding=\"0\">\n<tbody>\n<tr style=\"height: 13.50pt;\">\n<td style=\"height: 13.50pt; width: 90.00pt;\" width=\"120\" height=\"18\">Caracter\u00edstica<\/td>\n<td style=\"width: 352.50pt;\" width=\"470\">Especificaci\u00f3n<\/td>\n<\/tr>\n<tr style=\"height: 13.50pt;\">\n<td style=\"height: 13.50pt;\" height=\"18\">Capacidad<\/td>\n<td>180 ml, 360 ml, 500 ml, 720 ml<\/td>\n<\/tr>\n<tr style=\"height: 13.50pt;\">\n<td style=\"height: 13.50pt;\" height=\"18\">Forma<\/td>\n<td>Redondo (cil\u00edndrico)<\/td>\n<\/tr>\n<tr style=\"height: 13.50pt;\">\n<td style=\"height: 13.50pt;\" height=\"18\">M\u00e9todo de sellado<\/td>\n<td>Tapa de rosca<\/td>\n<\/tr>\n<tr style=\"height: 13.50pt;\">\n<td style=\"height: 13.50pt;\" height=\"18\">Material<\/td>\n<td>Vidrio de cal sodada de alta blancura<\/td>\n<\/tr>\n<tr style=\"height: 13.50pt;\">\n<td style=\"height: 13.50pt;\" height=\"18\">Opciones de tapa<\/td>\n<td>tapa de pl\u00e1stico negro, tapa de pl\u00e1stico dorado, tapa de aluminio anodizado plateado, tapa de aluminio anodizado dorado, tapa de pl\u00e1stico con vetas de madera<\/td>\n<\/tr>\n<tr style=\"height: 13.50pt;\">\n<td style=\"height: 13.50pt;\" height=\"18\">Revestimientos<\/td>\n<td>Revestimientos autoadhesivos, revestimientos de papel de aluminio<\/td>\n<\/tr>\n<tr style=\"height: 13.50pt;\">\n<td style=\"height: 13.50pt;\" height=\"18\">Usos<\/td>\n<td>Miel, mermeladas, cereales, pepitas de chocolate, bebidas, polvos, etc.<\/td>\n<\/tr>\n<\/tbody>\n<\/table>\n<h2>Estudio de caso empresarial<\/h2>\n<p>Una marca alemana de miel artesanal de alta calidad, especializada en productos ap\u00edcolas ecol\u00f3gicos, se puso en contacto con nosotros tras experimentar problemas persistentes de sellado con los envases de vidrio de su anterior proveedor. Sus tarros y botellas de miel anteriores sol\u00edan tener fugas durante el transporte, lo que afectaba a la calidad del producto y a la confianza de los clientes.<\/p>\n<p>Entonces empezaron a usar nuestros frascos de vidrio con tapa.<\/p>\n<p>Eligieron frascos de vidrio de 180 ml y 360 ml con tapas doradas y revestimiento de papel de aluminio para conservar la miel fresca. Tambi\u00e9n les ayudamos con etiquetas personalizadas para el vidrio y la tapa, para que el envase tuviera una mejor presentaci\u00f3n en los estantes.<\/p>\n<p>Tras un aumento del 35% en sus ventas, nos compran muchos frascos cada trimestre. Empezaron con 10\u00a0000 frascos y ahora compran m\u00e1s de 80\u00a0000 al a\u00f1o. Tenemos un acuerdo con ellos para ofrecerles un buen precio por la gran cantidad de frascos que compran.<\/p>\n<h2>Consejos de personalizaci\u00f3n para compradores empresariales<\/h2>\n<ol>\n<li><strong>Para marcas de miel y apicultura<\/strong>Utilice tapas doradas o con vetas de madera y logotipos en relieve para crear una l\u00ednea de tarros de miel de vidrio de primera calidad dirigida a los mercados artesanales y org\u00e1nicos.<\/li>\n<li><strong>Para marcas de alimentos y salsas<\/strong>: Combine frascos de vidrio de boca ancha con revestimientos de aluminio para envasar salsas y jarabes a prueba de fugas en frascos de vidrio a granel.<\/li>\n<li><strong>Para l\u00edneas de productos m\u00faltiples<\/strong>: Estandarizar el dise\u00f1o de lados rectos en diferentes capacidades (180 ml\u2013720 ml) para unificar el embalaje y, al mismo tiempo, reducir la complejidad del abastecimiento en la compra de vidrio al por mayor.<\/li>\n<\/ol>","protected":false},"excerpt":{"rendered":"<p>180ml \u2013 720ml Durable glass jars with lids and round honey jars for wholesale. Ideal for honey, sauce, and storage with custom options and bulk pricing.<\/p>","protected":false},"featured_media":22696,"template":"","meta":[],"product_brand":[],"product_cat":[137,124,122],"product_tag":[],"class_list":{"0":"post-22695","1":"product","2":"type-product","3":"status-publish","4":"has-post-thumbnail","6":"product_cat-glass-jars-with-lids","7":"product_cat-custom-glass-jars","8":"product_cat-custom-glass-packaging","10":"first","11":"instock","12":"shipping-taxable","13":"product-type-simple"},"jetpack_sharing_enabled":true,"_links":{"self":[{"href":"https:\/\/yebodaglass.com\/es\/wp-json\/wp\/v2\/product\/22695","targetHints":{"allow":["GET"]}}],"collection":[{"href":"https:\/\/yebodaglass.com\/es\/wp-json\/wp\/v2\/product"}],"about":[{"href":"https:\/\/yebodaglass.com\/es\/wp-json\/wp\/v2\/types\/product"}],"version-history":[{"count":5,"href":"https:\/\/yebodaglass.com\/es\/wp-json\/wp\/v2\/product\/22695\/revisions"}],"predecessor-version":[{"id":25704,"href":"https:\/\/yebodaglass.com\/es\/wp-json\/wp\/v2\/product\/22695\/revisions\/25704"}],"wp:featuredmedia":[{"embeddable":true,"href":"https:\/\/yebodaglass.com\/es\/wp-json\/wp\/v2\/media\/22696"}],"wp:attachment":[{"href":"https:\/\/yebodaglass.com\/es\/wp-json\/wp\/v2\/media?parent=22695"}],"wp:term":[{"taxonomy":"product_brand","embeddable":true,"href":"https:\/\/yebodaglass.com\/es\/wp-json\/wp\/v2\/product_brand?post=22695"},{"taxonomy":"product_cat","embeddable":true,"href":"https:\/\/yebodaglass.com\/es\/wp-json\/wp\/v2\/product_cat?post=22695"},{"taxonomy":"product_tag","embeddable":true,"href":"https:\/\/yebodaglass.com\/es\/wp-json\/wp\/v2\/product_tag?post=22695"}],"curies":[{"name":"wp","href":"https:\/\/api.w.org\/{rel}","templated":true}]}}